
{"id":90209,"date":"2025-04-03T13:35:17","date_gmt":"2025-04-03T11:35:17","guid":{"rendered":"https:\/\/stonehouse.se\/produkt\/apollo-45682-800apo-xpert-series-universellt-adresskort-for-baser-25-st\/"},"modified":"2026-04-09T11:31:37","modified_gmt":"2026-04-09T09:31:37","slug":"apollo-45682-800apo-xpert-series-universellt-adresskort-for-baser-25-st","status":"publish","type":"product","link":"https:\/\/stonehouse.se\/en\/product\/apollo-45682-800apo-xpert-series-universellt-adresskort-for-baser-25-st\/","title":{"rendered":"Apollo 45682-800APO Xpert Series, universellt adresskort f\u00f6r baser, 25 st."},"content":{"rendered":"<h1>Apollo 45682-800APO Xpert Series, universellt adresskort f\u00f6r baser<\/h1>\n<p class=\"\" data-start=\"441\" data-end=\"897\">Apollo 45682-800APO Xpert Series universella adresskort \u00e4r utformat f\u00f6r att ge enkel installation och drift f\u00f6r b\u00e5de Xpert 7 och Xpert 8-baser.<\/p>\n<p class=\"\" data-start=\"441\" data-end=\"897\">Med upp till 8 pips kan du skapa valfria adresser genom att ta bort piparna, vilket g\u00f6r att du kan anpassa adressen f\u00f6r varje detektor.<\/p>\n<p class=\"\" data-start=\"441\" data-end=\"897\">Ett extra pip (128-bit) \u00e4r inkluderat f\u00f6r CoreProtocol-system och kan tas bort eller l\u00e4mnas p\u00e5 plats n\u00e4r kortet anv\u00e4nds med XP95 eller Discovery-enheter.<\/p>\n<p class=\"\" data-start=\"899\" data-end=\"1185\">Adressen f\u00f6rblir densamma, \u00e4ven n\u00e4r detektorer byts ut, vilket ger l\u00e5ngsiktig stabilitet i systemet.<\/p>\n<p class=\"\" data-start=\"899\" data-end=\"1185\">Kortet har en h\u00f6g tolerans f\u00f6r justering av pipkontaktdiameter (\u00d81.7 mm &#8211; 2 mm) och har en extra inledning p\u00e5 adresspiporna f\u00f6r att f\u00f6renkla installationen och p\u00e5skynda drifts\u00e4ttningen.<\/p>\n<p class=\"\" data-start=\"1187\" data-end=\"1330\">Detta universella adresskort g\u00f6r installationen smidigare och snabbare och \u00e4r ett m\u00e5ste f\u00f6r professionella installationer av brandskyddssystem.<\/p>","protected":false},"excerpt":{"rendered":"<p>Apollo 45682-800APO Xpert Series universella adresskort ger flexibilitet vid installation och konfiguration av Xpert 7- och Xpert 8-baser.<\/p>\n<p>Det m\u00f6jligg\u00f6r snabb och enkel installation med justerbara pips f\u00f6r att skapa valfri adress.<\/p>","protected":false},"featured_media":90208,"template":"","meta":{"_acf_changed":false},"product_brand":[],"product_cat":[3693],"product_tag":[],"class_list":{"0":"post-90209","1":"product","2":"type-product","3":"status-publish","4":"has-post-thumbnail","6":"product_cat-xp95-serien","7":"pa_brands-apollo-fire-detectors","8":"tm-no-options","10":"first","11":"instock","12":"sale","13":"taxable","14":"shipping-taxable","15":"product-type-simple"},"acf":[],"_links":{"self":[{"href":"https:\/\/stonehouse.se\/en\/wp-json\/wp\/v2\/product\/90209","targetHints":{"allow":["GET"]}}],"collection":[{"href":"https:\/\/stonehouse.se\/en\/wp-json\/wp\/v2\/product"}],"about":[{"href":"https:\/\/stonehouse.se\/en\/wp-json\/wp\/v2\/types\/product"}],"wp:featuredmedia":[{"embeddable":true,"href":"https:\/\/stonehouse.se\/en\/wp-json\/wp\/v2\/media\/90208"}],"wp:attachment":[{"href":"https:\/\/stonehouse.se\/en\/wp-json\/wp\/v2\/media?parent=90209"}],"wp:term":[{"taxonomy":"product_brand","embeddable":true,"href":"https:\/\/stonehouse.se\/en\/wp-json\/wp\/v2\/product_brand?post=90209"},{"taxonomy":"product_cat","embeddable":true,"href":"https:\/\/stonehouse.se\/en\/wp-json\/wp\/v2\/product_cat?post=90209"},{"taxonomy":"product_tag","embeddable":true,"href":"https:\/\/stonehouse.se\/en\/wp-json\/wp\/v2\/product_tag?post=90209"}],"curies":[{"name":"wp","href":"https:\/\/api.w.org\/{rel}","templated":true}]}}