
{"id":90219,"date":"2025-04-03T13:23:18","date_gmt":"2025-04-03T11:23:18","guid":{"rendered":"https:\/\/stonehouse.se\/produkt\/apollo-55100-908apo-xp95-series-isolerande-manuell-anropspunkt-en-54-11-certifierad-rod\/"},"modified":"2026-04-09T11:32:27","modified_gmt":"2026-04-09T09:32:27","slug":"apollo-55100-908apo-xp95-series-isolerande-manuell-anropspunkt-en-54-11-certifierad-rod","status":"publish","type":"product","link":"https:\/\/stonehouse.se\/en\/product\/apollo-55100-908apo-xp95-series-isolerande-manuell-anropspunkt-en-54-11-certifierad-rod\/","title":{"rendered":"Apollo 55100-908APO XP95 Series, isolerande manuell anropspunkt, EN 54-11-certifierad, r\u00f6d"},"content":{"rendered":"<h1>Apollo 55100-908APO XP95 Series, isolerande manuell anropspunkt, EN 54-11-certifierad, r\u00f6d<\/h1>\n<p class=\"\" data-start=\"484\" data-end=\"877\">Apollo 55100-908APO XP95 Series Isolerande Manuell Anropspunkt (MCP) \u00e4r ett snabbt och effektivt s\u00e4tt att aktivera brandlarm.<\/p>\n<p class=\"\" data-start=\"484\" data-end=\"877\">N\u00e4r anropspunkten aktiveras avbryts pollningscykeln f\u00f6r ett mycket snabbt svar, vilket g\u00f6r att larmet rapporteras p\u00e5 mindre \u00e4n 0,2 sekunder.<\/p>\n<p class=\"\" data-start=\"484\" data-end=\"877\">Den \u00e4r designad f\u00f6r inomhusapplikationer och \u00e4r kompatibel med XP95, Discovery och CoreProtocol-system.<\/p>\n<p class=\"\" data-start=\"879\" data-end=\"1309\">Den isolerande versionen av MCP erbjuder en s\u00e4ker l\u00f6sning f\u00f6r att f\u00f6rhindra kortslutningar i systemet, medan den icke-isolerande versionen \u00e4r utm\u00e4rkt f\u00f6r enklare applikationer.<\/p>\n<p class=\"\" data-start=\"879\" data-end=\"1309\">Anropspunkten har en LED-indikator som lyser r\u00f6d n\u00e4r larmet aktiveras och gul f\u00f6r att indikera kortslutning.<\/p>\n<p class=\"\" data-start=\"879\" data-end=\"1309\">En kontinuitetsl\u00e4nk underl\u00e4ttar kabeltest f\u00f6re installation och drifts\u00e4ttning, vilket s\u00e4kerst\u00e4ller systemets funktionalitet innan det aktiveras.<\/p>\n<p data-start=\"879\" data-end=\"1309\">Enkel installation och underh\u00e5ll g\u00f6r detta till ett utm\u00e4rkt val f\u00f6r professionella brandlarmssystem. Produkten \u00e4r EN 54-11 och EN 54-15-certifierad, CE-m\u00e4rkt och har en l\u00e5ng garanti p\u00e5 10 \u00e5r.<\/p>","protected":false},"excerpt":{"rendered":"<p>Apollo 55100-908APO XP95 Series isolerande manuell anropspunkt \u00e4r designad f\u00f6r snabb och s\u00e4ker aktivering i brandlarmssystem.<\/p>\n<p>Den har ett enkelt \u00e5terst\u00e4llbart element, &#8220;Plug and Play&#8221;-installation och en kontinuitetsl\u00e4nk f\u00f6r kabeltest f\u00f6re idrifttagning.<\/p>","protected":false},"featured_media":90218,"template":"","meta":{"_acf_changed":false},"product_brand":[],"product_cat":[3693],"product_tag":[],"class_list":{"0":"post-90219","1":"product","2":"type-product","3":"status-publish","4":"has-post-thumbnail","6":"product_cat-xp95-serien","7":"pa_brands-apollo-fire-detectors","8":"tm-no-options","10":"first","11":"instock","12":"sale","13":"taxable","14":"shipping-taxable","15":"product-type-simple"},"acf":[],"_links":{"self":[{"href":"https:\/\/stonehouse.se\/en\/wp-json\/wp\/v2\/product\/90219","targetHints":{"allow":["GET"]}}],"collection":[{"href":"https:\/\/stonehouse.se\/en\/wp-json\/wp\/v2\/product"}],"about":[{"href":"https:\/\/stonehouse.se\/en\/wp-json\/wp\/v2\/types\/product"}],"wp:featuredmedia":[{"embeddable":true,"href":"https:\/\/stonehouse.se\/en\/wp-json\/wp\/v2\/media\/90218"}],"wp:attachment":[{"href":"https:\/\/stonehouse.se\/en\/wp-json\/wp\/v2\/media?parent=90219"}],"wp:term":[{"taxonomy":"product_brand","embeddable":true,"href":"https:\/\/stonehouse.se\/en\/wp-json\/wp\/v2\/product_brand?post=90219"},{"taxonomy":"product_cat","embeddable":true,"href":"https:\/\/stonehouse.se\/en\/wp-json\/wp\/v2\/product_cat?post=90219"},{"taxonomy":"product_tag","embeddable":true,"href":"https:\/\/stonehouse.se\/en\/wp-json\/wp\/v2\/product_tag?post=90219"}],"curies":[{"name":"wp","href":"https:\/\/api.w.org\/{rel}","templated":true}]}}