
{"id":90221,"date":"2025-04-03T13:23:16","date_gmt":"2025-04-03T11:23:16","guid":{"rendered":"https:\/\/stonehouse.se\/produkt\/apollo-45681-217apo-vattentat-kapsling-for-sockel-vit\/"},"modified":"2026-04-09T11:31:34","modified_gmt":"2026-04-09T09:31:34","slug":"apollo-45681-217apo-vattentat-kapsling-for-sockel-vit","status":"publish","type":"product","link":"https:\/\/stonehouse.se\/en\/product\/apollo-45681-217apo-vattentat-kapsling-for-sockel-vit\/","title":{"rendered":"Apollo 45681-217APO Vattent\u00e4t kapsling f\u00f6r sockel, vit"},"content":{"rendered":"<h1>Apollo 45681-217APO Vattent\u00e4t kapsling f\u00f6r sockel, vit<\/h1>\n<p class=\"\" data-start=\"404\" data-end=\"756\">Apollo 45681-217APO Vattent\u00e4t Kapsling f\u00f6r Sockel \u00e4r designad f\u00f6r att skydda Apollo-baser, ljuds\u00e4ndare och baser f\u00f6r ljuds\u00e4ndare och visuella indikatorer fr\u00e5n intr\u00e4ngande vatten eller andra v\u00e4tskor.<\/p>\n<p class=\"\" data-start=\"404\" data-end=\"756\">Denna kapsling s\u00e4kerst\u00e4ller att brandlarmssystemet fungerar p\u00e5litligt \u00e4ven i tuffa milj\u00f6er d\u00e4r vattenskador kan vara ett problem.<\/p>\n<p class=\"\" data-start=\"758\" data-end=\"1127\">Monteringsl\u00e5dan \u00e4r enkel att installera och kan anv\u00e4ndas f\u00f6r en m\u00e4ngd olika Apollo-baser.<\/p>\n<p class=\"\" data-start=\"758\" data-end=\"1127\">F\u00f6r installation av vissa enheter som XP95 eller Discovery-detektorer kan det vara n\u00f6dv\u00e4ndigt att anv\u00e4nda ett separat tillbeh\u00f6rskit (Part no. 45681-218).<\/p>\n<p class=\"\" data-start=\"758\" data-end=\"1127\">Detta kit inneh\u00e5ller en f\u00f6rl\u00e4ngningsslang och en adapterring f\u00f6r installation av enheter med djupare baser eller ljuds\u00e4ndare.<\/p>\n<p data-start=\"758\" data-end=\"1127\">Den vattent\u00e4ta kapslingen har en robust konstruktion och \u00e4r perfekt f\u00f6r anv\u00e4ndning i b\u00e5de kommersiella och industriella milj\u00f6er.<\/p>\n<p data-start=\"758\" data-end=\"1127\">Den \u00e4r designad f\u00f6r att klara milj\u00f6er med h\u00f6g luftfuktighet och \u00e4r en p\u00e5litlig l\u00f6sning f\u00f6r att s\u00e4kerst\u00e4lla brands\u00e4kerhetssystemets l\u00e5ngsiktiga prestanda.<\/p>","protected":false},"excerpt":{"rendered":"<p>Apollo 45681-217APO Vattent\u00e4t kapsling f\u00f6r sockel ger skydd mot vattenintr\u00e5ng och f\u00f6rb\u00e4ttrar prestandan f\u00f6r olika Apollo-baser.<\/p>\n<p>Den \u00e4r idealisk f\u00f6r installation i milj\u00f6er d\u00e4r v\u00e4tskor kan komma i kontakt med enheterna.<\/p>","protected":false},"featured_media":90220,"template":"","meta":{"_acf_changed":false},"product_brand":[],"product_cat":[3693],"product_tag":[],"class_list":{"0":"post-90221","1":"product","2":"type-product","3":"status-publish","4":"has-post-thumbnail","6":"product_cat-xp95-serien","7":"pa_brands-apollo-fire-detectors","8":"tm-no-options","10":"first","11":"instock","12":"sale","13":"taxable","14":"shipping-taxable","15":"product-type-simple"},"acf":[],"_links":{"self":[{"href":"https:\/\/stonehouse.se\/en\/wp-json\/wp\/v2\/product\/90221","targetHints":{"allow":["GET"]}}],"collection":[{"href":"https:\/\/stonehouse.se\/en\/wp-json\/wp\/v2\/product"}],"about":[{"href":"https:\/\/stonehouse.se\/en\/wp-json\/wp\/v2\/types\/product"}],"wp:featuredmedia":[{"embeddable":true,"href":"https:\/\/stonehouse.se\/en\/wp-json\/wp\/v2\/media\/90220"}],"wp:attachment":[{"href":"https:\/\/stonehouse.se\/en\/wp-json\/wp\/v2\/media?parent=90221"}],"wp:term":[{"taxonomy":"product_brand","embeddable":true,"href":"https:\/\/stonehouse.se\/en\/wp-json\/wp\/v2\/product_brand?post=90221"},{"taxonomy":"product_cat","embeddable":true,"href":"https:\/\/stonehouse.se\/en\/wp-json\/wp\/v2\/product_cat?post=90221"},{"taxonomy":"product_tag","embeddable":true,"href":"https:\/\/stonehouse.se\/en\/wp-json\/wp\/v2\/product_tag?post=90221"}],"curies":[{"name":"wp","href":"https:\/\/api.w.org\/{rel}","templated":true}]}}