
{"id":90227,"date":"2025-04-03T13:23:11","date_gmt":"2025-04-03T11:23:11","guid":{"rendered":"https:\/\/stonehouse.se\/produkt\/apollo-55000-005apo-xp95-series-isolerande-ljudfyr-for-oppen-miljo-100-db-a-for-anvandning-inomhus-en-54-3-kompatibel-rod-blixt-och-rod-kropp\/"},"modified":"2026-04-09T11:31:54","modified_gmt":"2026-04-09T09:31:54","slug":"apollo-55000-005apo-xp95-series-isolerande-ljudfyr-for-oppen-miljo-100-db-a-for-anvandning-inomhus-en-54-3-kompatibel-rod-blixt-och-rod-kropp","status":"publish","type":"product","link":"https:\/\/stonehouse.se\/en\/product\/apollo-55000-005apo-xp95-series-isolerande-ljudfyr-for-oppen-miljo-100-db-a-for-anvandning-inomhus-en-54-3-kompatibel-rod-blixt-och-rod-kropp\/","title":{"rendered":"Apollo 55000-005APO XP95 Series, isolerande ljudfyr f\u00f6r \u00f6ppen milj\u00f6 100 dB A, f\u00f6r anv\u00e4ndning inomhus, EN 54-3-kompatibel, r\u00f6d blixt och r\u00f6d kropp"},"content":{"rendered":"<h1>Apollo 55000-005APO XP95 Series, isolerande ljudfyr f\u00f6r \u00f6ppen milj\u00f6 100 dB A, f\u00f6r anv\u00e4ndning inomhus, EN 54-3-kompatibel, r\u00f6d blixt och r\u00f6d kropp<\/h1>\n<p class=\"\" data-start=\"431\" data-end=\"815\">Apollo 55000-005APO XP95 Series Isolerande ljudfyr f\u00f6r \u00f6ppen milj\u00f6 \u00e4r en avancerad enhet som levereras med b\u00e5de ljud- och visuell varning, vilket g\u00f6r den idealisk f\u00f6r anv\u00e4ndning i \u00f6ppna utrymmen d\u00e4r flera enheter kan beh\u00f6va h\u00f6ras samtidigt.<\/p>\n<p class=\"\" data-start=\"431\" data-end=\"815\">Med en ljudniv\u00e5 p\u00e5 100 dB (A) och en r\u00f6d blixt, s\u00e4kerst\u00e4ller denna enhet att brandlarmet \u00e4r tydligt h\u00f6rbart och synligt.<\/p>\n<p class=\"\" data-start=\"817\" data-end=\"1173\">Enheten \u00e4r loopdriven och kr\u00e4ver ingen extern str\u00f6mf\u00f6rs\u00f6rjning. Den fungerar vid 17\u201328 V DC och \u00e4r polaritetsk\u00e4nslig.<\/p>\n<p class=\"\" data-start=\"817\" data-end=\"1173\">Ljudsignalen kan justeras till en volym p\u00e5 antingen 92 dB (A) eller 100 dB (A), och den \u00e4r utrustad med tre valbara toner: Apollo, Slow-whoop, och DIN. Vid behov kan b\u00e5de ljudsignaler och blixtsynkronisering aktiveras via kontrollpanelen.<\/p>\n<p class=\"\" data-start=\"1175\" data-end=\"1427\">Enheten \u00e4r ocks\u00e5 kompatibel med XP95, Discovery och CoreProtocol-system, och kan adresseras individuellt eller som en grupp.<\/p>\n<p class=\"\" data-start=\"1175\" data-end=\"1427\">Den \u00e4r IP65-klassad f\u00f6r att skydda mot damm och vattenintr\u00e5ng, vilket g\u00f6r den perfekt f\u00f6r b\u00e5de inomhusbruk och tuffare milj\u00f6er.<\/p>","protected":false},"excerpt":{"rendered":"<p>Apollo 55000-005APO XP95 Series Isolerande ljudfyr f\u00f6r \u00f6ppen milj\u00f6 \u00e4r designad f\u00f6r att ge ljud- och visuell varning vid brand i \u00f6ppna utrymmen.<\/p>\n<p>Den har en ljudniv\u00e5 p\u00e5 100 dB (A) och en r\u00f6d blixt, och \u00e4r EN 54-3-kompatibel.<\/p>","protected":false},"featured_media":90226,"template":"","meta":{"_acf_changed":false},"product_brand":[],"product_cat":[3693],"product_tag":[],"class_list":{"0":"post-90227","1":"product","2":"type-product","3":"status-publish","4":"has-post-thumbnail","6":"product_cat-xp95-serien","7":"pa_brands-apollo-fire-detectors","8":"tm-no-options","10":"first","11":"instock","12":"sale","13":"taxable","14":"shipping-taxable","15":"product-type-simple"},"acf":[],"_links":{"self":[{"href":"https:\/\/stonehouse.se\/en\/wp-json\/wp\/v2\/product\/90227","targetHints":{"allow":["GET"]}}],"collection":[{"href":"https:\/\/stonehouse.se\/en\/wp-json\/wp\/v2\/product"}],"about":[{"href":"https:\/\/stonehouse.se\/en\/wp-json\/wp\/v2\/types\/product"}],"wp:featuredmedia":[{"embeddable":true,"href":"https:\/\/stonehouse.se\/en\/wp-json\/wp\/v2\/media\/90226"}],"wp:attachment":[{"href":"https:\/\/stonehouse.se\/en\/wp-json\/wp\/v2\/media?parent=90227"}],"wp:term":[{"taxonomy":"product_brand","embeddable":true,"href":"https:\/\/stonehouse.se\/en\/wp-json\/wp\/v2\/product_brand?post=90227"},{"taxonomy":"product_cat","embeddable":true,"href":"https:\/\/stonehouse.se\/en\/wp-json\/wp\/v2\/product_cat?post=90227"},{"taxonomy":"product_tag","embeddable":true,"href":"https:\/\/stonehouse.se\/en\/wp-json\/wp\/v2\/product_tag?post=90227"}],"curies":[{"name":"wp","href":"https:\/\/api.w.org\/{rel}","templated":true}]}}