
{"id":90231,"date":"2025-04-03T13:23:09","date_gmt":"2025-04-03T11:23:09","guid":{"rendered":"https:\/\/stonehouse.se\/produkt\/apollo-45681-277apo-xp95-series-isolerande-2-tons-ljuddampare-monteringsbas-91db-a-inomhusbruk-en54-3-kompatibel-vit\/"},"modified":"2026-04-09T11:32:04","modified_gmt":"2026-04-09T09:32:04","slug":"apollo-45681-277apo-xp95-series-isolerande-2-tons-ljuddampare-monteringsbas-91db-a-inomhusbruk-en54-3-kompatibel-vit","status":"publish","type":"product","link":"https:\/\/stonehouse.se\/en\/product\/apollo-45681-277apo-xp95-series-isolerande-2-tons-ljuddampare-monteringsbas-91db-a-inomhusbruk-en54-3-kompatibel-vit\/","title":{"rendered":"Apollo 45681-277APO XP95 Series, isolerande 2-tons ljudd\u00e4mpare Monteringsbas 91dB A, inomhusbruk, EN54-3-kompatibel, vit"},"content":{"rendered":"<h1>Apollo 45681-277APO XP95 Series, isolerande 2-tons ljudd\u00e4mpare Monteringsbas 91dB A, inomhusbruk, EN54-3-kompatibel<\/h1>\n<p>Apollo 45681-277APO XP95 Series Isolerande 2-Tons Ljudd\u00e4mpare Monteringsbas \u00e4r designad f\u00f6r att leverera kraftiga ljudvarningar i brandlarmssystem, med en ljudniv\u00e5 p\u00e5 91dB A.<\/p>\n<p>Ljudd\u00e4mparen har tv\u00e5 toner och tv\u00e5 volymomr\u00e5den (55-75 dB(A) och 75-91 dB(A)), vilket ger flexibilitet i hur signalerna kan h\u00f6ras i olika milj\u00f6er.<\/p>\n<p>Monteringsbasen \u00e4r utrustad med en isolator f\u00f6r att f\u00f6rhindra att systemet p\u00e5verkas av kortslutningar, vilket s\u00e4kerst\u00e4ller p\u00e5litlig drift under alla f\u00f6rh\u00e5llanden.<\/p>\n<p>Enheten kan b\u00e5de adresseras individuellt eller genom gruppadressstyrning, vilket g\u00f6r att flera sirener kan styras samtidigt, och den har en inbyggd akustisk sj\u00e4lvtestfunktion f\u00f6r att s\u00e4kerst\u00e4lla funktionaliteten.<\/p>\n<p>Designad f\u00f6r inomhusbruk, fungerar denna ljudd\u00e4mpare med Apollo XP95, Discovery och CoreProtocol-system och \u00e4r EN54-3-kompatibel, vilket g\u00f6r den till en p\u00e5litlig l\u00f6sning f\u00f6r brandlarmsinstallationer d\u00e4r ljud- och visuell varning \u00e4r avg\u00f6rande.<\/p>","protected":false},"excerpt":{"rendered":"<p>Apollo 45681-277APO XP95 Series Isolerande 2-Tons Ljudd\u00e4mpare Monteringsbas \u00e4r en p\u00e5litlig och effektiv l\u00f6sning f\u00f6r att ge ljudvarningar i brandlarmssystem.<\/p>\n<p>Den har en ljudniv\u00e5 p\u00e5 91dB A och \u00e4r designad f\u00f6r inomhusbruk, med funktioner som grupp- och individuell adressering.<\/p>","protected":false},"featured_media":90230,"template":"","meta":{"_acf_changed":false},"product_brand":[],"product_cat":[3693],"product_tag":[],"class_list":{"0":"post-90231","1":"product","2":"type-product","3":"status-publish","4":"has-post-thumbnail","6":"product_cat-xp95-serien","7":"pa_brands-apollo-fire-detectors","8":"tm-no-options","10":"first","11":"instock","12":"sale","13":"taxable","14":"shipping-taxable","15":"product-type-simple"},"acf":[],"_links":{"self":[{"href":"https:\/\/stonehouse.se\/en\/wp-json\/wp\/v2\/product\/90231","targetHints":{"allow":["GET"]}}],"collection":[{"href":"https:\/\/stonehouse.se\/en\/wp-json\/wp\/v2\/product"}],"about":[{"href":"https:\/\/stonehouse.se\/en\/wp-json\/wp\/v2\/types\/product"}],"wp:featuredmedia":[{"embeddable":true,"href":"https:\/\/stonehouse.se\/en\/wp-json\/wp\/v2\/media\/90230"}],"wp:attachment":[{"href":"https:\/\/stonehouse.se\/en\/wp-json\/wp\/v2\/media?parent=90231"}],"wp:term":[{"taxonomy":"product_brand","embeddable":true,"href":"https:\/\/stonehouse.se\/en\/wp-json\/wp\/v2\/product_brand?post=90231"},{"taxonomy":"product_cat","embeddable":true,"href":"https:\/\/stonehouse.se\/en\/wp-json\/wp\/v2\/product_cat?post=90231"},{"taxonomy":"product_tag","embeddable":true,"href":"https:\/\/stonehouse.se\/en\/wp-json\/wp\/v2\/product_tag?post=90231"}],"curies":[{"name":"wp","href":"https:\/\/api.w.org\/{rel}","templated":true}]}}