
{"id":90244,"date":"2025-04-03T12:40:12","date_gmt":"2025-04-03T10:40:12","guid":{"rendered":"https:\/\/stonehouse.se\/produkt\/honeywell-eco1000brel12nl-plug-in-sensor-rela-bas\/"},"modified":"2026-04-09T11:31:44","modified_gmt":"2026-04-09T09:31:44","slug":"honeywell-eco1000brel12nl-plug-in-sensor-rela-bas","status":"publish","type":"product","link":"https:\/\/stonehouse.se\/en\/product\/honeywell-eco1000brel12nl-plug-in-sensor-rela-bas\/","title":{"rendered":"Honeywell ECO1000BREL12NL Plug-in Sensor Rel\u00e4 Bas"},"content":{"rendered":"<h1>Honeywell ECO1000BREL12NL Plug-in Sensor Rel\u00e4 Bas<\/h1>\n<p class=\"\" data-start=\"508\" data-end=\"920\">Honeywell ECO1000BREL12NL Plug-in Sensor Rel\u00e4 Bas \u00e4r en p\u00e5litlig l\u00f6sning f\u00f6r brandlarmssystem som kr\u00e4ver ett rel\u00e4 f\u00f6r att styra externa enheter.<\/p>\n<p class=\"\" data-start=\"508\" data-end=\"920\">Denna bas tillhandah\u00e5ller en enkel och effektiv interkonnektivitet mellan ECO1000 sensorer och s\u00e4kerhetspaneler som arbetar med 12V DC.<\/p>\n<p class=\"\" data-start=\"508\" data-end=\"920\">Rel\u00e9et \u00e4r icke-enclavat (non-latching), vilket inneb\u00e4r att det \u00e5terst\u00e4lls automatiskt n\u00e4r brandlarmet upph\u00f6r.<\/p>\n<p class=\"\" data-start=\"922\" data-end=\"1262\">Basen \u00e4r designad f\u00f6r att hantera belastningar som luftkonditioneringssystem eller andra apparater som beh\u00f6ver styras av brandlarmet.<\/p>\n<p class=\"\" data-start=\"922\" data-end=\"1262\">N\u00e4r detektorn \u00e4r i alarmtillst\u00e5nd f\u00f6rblir LED-lampan p\u00e5, men blinkar under statuskontroller.<\/p>\n<p class=\"\" data-start=\"922\" data-end=\"1262\">Basen har en vit ABS-h\u00f6lje och \u00e4r CE-m\u00e4rkt, vilket s\u00e4kerst\u00e4ller att den uppfyller europeiska s\u00e4kerhetsstandarder.<\/p>\n<p class=\"\" data-start=\"1264\" data-end=\"1415\">Med en h\u00f6jd p\u00e5 26 mm och en diameter p\u00e5 102 mm, \u00e4r den kompatibel med hela ECO1000-serien och kan anv\u00e4ndas f\u00f6r b\u00e5de 2-tr\u00e5ds- och 4-tr\u00e5dsinstallationer.<\/p>","protected":false},"excerpt":{"rendered":"<p>ECO1000BREL12NL \u00e4r en plug-in sensor rel\u00e4bas som \u00e4r designad f\u00f6r enkel integration med 12V DC brandlarmsystem.<\/p>\n<p>Den erbjuder en sj\u00e4lv\u00e5terst\u00e4llande rel\u00e9funktion och \u00e4r perfekt f\u00f6r att kontrollera elektriska apparater som luftkonditioneringssystem.<\/p>\n<p>Kompatibel med hela ECO1000-serien.<\/p>","protected":false},"featured_media":90243,"template":"","meta":{"_acf_changed":false},"product_brand":[],"product_cat":[3697],"product_tag":[],"class_list":{"0":"post-90244","1":"product","2":"type-product","3":"status-publish","4":"has-post-thumbnail","6":"product_cat-eco-1000-serien","7":"pa_brands-honeywell","8":"tm-no-options","10":"first","11":"instock","12":"sale","13":"taxable","14":"shipping-taxable","15":"product-type-simple"},"acf":[],"_links":{"self":[{"href":"https:\/\/stonehouse.se\/en\/wp-json\/wp\/v2\/product\/90244","targetHints":{"allow":["GET"]}}],"collection":[{"href":"https:\/\/stonehouse.se\/en\/wp-json\/wp\/v2\/product"}],"about":[{"href":"https:\/\/stonehouse.se\/en\/wp-json\/wp\/v2\/types\/product"}],"wp:featuredmedia":[{"embeddable":true,"href":"https:\/\/stonehouse.se\/en\/wp-json\/wp\/v2\/media\/90243"}],"wp:attachment":[{"href":"https:\/\/stonehouse.se\/en\/wp-json\/wp\/v2\/media?parent=90244"}],"wp:term":[{"taxonomy":"product_brand","embeddable":true,"href":"https:\/\/stonehouse.se\/en\/wp-json\/wp\/v2\/product_brand?post=90244"},{"taxonomy":"product_cat","embeddable":true,"href":"https:\/\/stonehouse.se\/en\/wp-json\/wp\/v2\/product_cat?post=90244"},{"taxonomy":"product_tag","embeddable":true,"href":"https:\/\/stonehouse.se\/en\/wp-json\/wp\/v2\/product_tag?post=90244"}],"curies":[{"name":"wp","href":"https:\/\/api.w.org\/{rel}","templated":true}]}}