
{"id":90250,"date":"2025-04-03T12:22:17","date_gmt":"2025-04-03T10:22:17","guid":{"rendered":"https:\/\/stonehouse.se\/produkt\/system-sensor-eco1005t-a-eco-varmedetektor-58\/"},"modified":"2026-04-09T11:32:06","modified_gmt":"2026-04-09T09:32:06","slug":"system-sensor-eco1005t-a-eco-varmedetektor-58","status":"publish","type":"product","link":"https:\/\/stonehouse.se\/en\/product\/system-sensor-eco1005t-a-eco-varmedetektor-58\/","title":{"rendered":"System Sensor ECO1005T A ECO v\u00e4rmedetektor, 58\u00b0"},"content":{"rendered":"<h1>System Sensor ECO1005T A ECO v\u00e4rmedetektor, 58\u00b0<\/h1>\n<p class=\"\" data-start=\"466\" data-end=\"866\">System Sensor ECO1005T A \u00e4r en effektiv och p\u00e5litlig v\u00e4rmedetektor som ing\u00e5r i ECO1000-serien.<\/p>\n<p class=\"\" data-start=\"466\" data-end=\"866\">Med en driftstemperatur p\u00e5 58\u00b0C \u00e4r den s\u00e4rskilt l\u00e4mplig f\u00f6r milj\u00f6er d\u00e4r temperaturf\u00f6r\u00e4ndringar kan vara snabba, s\u00e5som k\u00f6k.<\/p>\n<p class=\"\" data-start=\"466\" data-end=\"866\">Den kombinerar ett toppmodernt termiskt element med en applikationsspecifik integrerad krets (ASIC) f\u00f6r att s\u00e4kerst\u00e4lla snabb och noggrann detektering av brand.<\/p>\n<p class=\"\" data-start=\"868\" data-end=\"1222\">En av de avancerade funktionerna hos ECO1005T A \u00e4r den laserbaserade handh\u00e5llna fj\u00e4rrtestenheten som g\u00f6r det m\u00f6jligt att testa detektorn p\u00e5 distans utan att beh\u00f6va fysisk \u00e5tkomst till enheten.<\/p>\n<p class=\"\" data-start=\"868\" data-end=\"1222\">Detta g\u00f6r underh\u00e5llet b\u00e5de enkelt och effektivt. En inbyggd LED-lampa ger en lokal larmsignal som f\u00f6rblir t\u00e4nd tills detektorn \u00e5terst\u00e4lls genom ett str\u00f6mavbrott.<\/p>\n<p class=\"\" data-start=\"1224\" data-end=\"1568\">Detektorn fungerar med b\u00e5de 12V och 24VDC-system och har l\u00e5g str\u00f6mf\u00f6rbrukning, vilket g\u00f6r den kostnadseffektiv och h\u00e5llbar.<\/p>\n<p class=\"\" data-start=\"1224\" data-end=\"1568\">Den \u00e4r godk\u00e4nd enligt EN54-5:2000 Klass A2S och erbjuder en f\u00f6rl\u00e4ngd garanti f\u00f6r extra trygghet.<\/p>\n<p class=\"\" data-start=\"1224\" data-end=\"1568\">ECO1005T A \u00e4r kompatibel med en m\u00e4ngd olika baser, vilket g\u00f6r den flexibel och l\u00e4tt att integrera i olika brandlarmssystem.<\/p>","protected":false},"excerpt":{"rendered":"<p>ECO1005T A \u00e4r en avancerad v\u00e4rmedetektor med en driftstemperatur p\u00e5 58\u00b0C.<\/p>\n<p>Den anv\u00e4nder en applikationsspecifik integrerad krets (ASIC) och ett termiskt element f\u00f6r snabb och exakt branddetektering.<\/p>\n<p>L\u00e5g str\u00f6mf\u00f6rbrukning och l\u00e4tt att underh\u00e5lla.<\/p>","protected":false},"featured_media":90249,"template":"","meta":{"_acf_changed":false},"product_brand":[],"product_cat":[3697],"product_tag":[],"class_list":{"0":"post-90250","1":"product","2":"type-product","3":"status-publish","4":"has-post-thumbnail","6":"product_cat-eco-1000-serien","7":"pa_brands-system-sensor","8":"tm-no-options","10":"first","11":"instock","12":"sale","13":"taxable","14":"shipping-taxable","15":"product-type-simple"},"acf":[],"_links":{"self":[{"href":"https:\/\/stonehouse.se\/en\/wp-json\/wp\/v2\/product\/90250","targetHints":{"allow":["GET"]}}],"collection":[{"href":"https:\/\/stonehouse.se\/en\/wp-json\/wp\/v2\/product"}],"about":[{"href":"https:\/\/stonehouse.se\/en\/wp-json\/wp\/v2\/types\/product"}],"wp:featuredmedia":[{"embeddable":true,"href":"https:\/\/stonehouse.se\/en\/wp-json\/wp\/v2\/media\/90249"}],"wp:attachment":[{"href":"https:\/\/stonehouse.se\/en\/wp-json\/wp\/v2\/media?parent=90250"}],"wp:term":[{"taxonomy":"product_brand","embeddable":true,"href":"https:\/\/stonehouse.se\/en\/wp-json\/wp\/v2\/product_brand?post=90250"},{"taxonomy":"product_cat","embeddable":true,"href":"https:\/\/stonehouse.se\/en\/wp-json\/wp\/v2\/product_cat?post=90250"},{"taxonomy":"product_tag","embeddable":true,"href":"https:\/\/stonehouse.se\/en\/wp-json\/wp\/v2\/product_tag?post=90250"}],"curies":[{"name":"wp","href":"https:\/\/api.w.org\/{rel}","templated":true}]}}