
{"id":90252,"date":"2025-04-03T12:22:13","date_gmt":"2025-04-03T10:22:13","guid":{"rendered":"https:\/\/stonehouse.se\/produkt\/honeywell-eco1000rtu-a-lasertestenhet-for-detektorer-i-300-och-eco1000-serien\/"},"modified":"2026-04-09T11:32:21","modified_gmt":"2026-04-09T09:32:21","slug":"honeywell-eco1000rtu-a-lasertestenhet-for-detektorer-i-300-och-eco1000-serien","status":"publish","type":"product","link":"https:\/\/stonehouse.se\/en\/product\/honeywell-eco1000rtu-a-lasertestenhet-for-detektorer-i-300-och-eco1000-serien\/","title":{"rendered":"Honeywell ECO1000RTU-A Lasertestenhet f\u00f6r detektorer i 300- och Eco1000-serien"},"content":{"rendered":"<h1>Honeywell ECO1000RTU-A Lasertestenhet f\u00f6r detektorer i 300- och Eco1000-serien<\/h1>\n<p class=\"\" data-start=\"504\" data-end=\"889\">Honeywell ECO1000RTU-A \u00e4r en avancerad lasertestenhet designad f\u00f6r att fungera med detektorer i b\u00e5de 300-serien och ECO1000-serien.<\/p>\n<p class=\"\" data-start=\"504\" data-end=\"889\">Enheten anv\u00e4nder en laserbaserad teknologi f\u00f6r att skicka ett kodad signal som g\u00f6r det m\u00f6jligt att testa detektorer p\u00e5 distans.<\/p>\n<p class=\"\" data-start=\"504\" data-end=\"889\">Detta eliminerar behovet av fysisk \u00e5tkomst till detektorn, vilket sparar tid och f\u00f6renklar underh\u00e5llet.<\/p>\n<p class=\"\" data-start=\"891\" data-end=\"1301\">Den fungerar med b\u00e5de 12V och 24VDC-system, och ger anv\u00e4ndare m\u00f6jlighet att enkelt kontrollera att detektorerna fungerar som de ska.<\/p>\n<p class=\"\" data-start=\"891\" data-end=\"1301\">Det finns \u00e4ven alternativ f\u00f6r fj\u00e4rrstyrd LED som g\u00f6r att anv\u00e4ndaren kan f\u00e5 en visuell indikation p\u00e5 detektorstatusen p\u00e5 avst\u00e5nd.<\/p>\n<p class=\"\" data-start=\"891\" data-end=\"1301\">Lasertestenheten \u00e4r kompatibel med en rad olika detektorbaser och \u00e4r ett oumb\u00e4rligt verktyg f\u00f6r effektivt och noggrant underh\u00e5ll av branddetektorer.<\/p>","protected":false},"excerpt":{"rendered":"<p>ECO1000RTU-A \u00e4r en lasertestenhet som anv\u00e4nds f\u00f6r att testa detektorer i b\u00e5de 300-serien och ECO1000-serien p\u00e5 distans.<\/p>\n<p>Den \u00e4r idealisk f\u00f6r att s\u00e4kerst\u00e4lla att detektorer fungerar korrekt utan att beh\u00f6va fysisk \u00e5tkomst.<\/p>","protected":false},"featured_media":90251,"template":"","meta":{"_acf_changed":false},"product_brand":[],"product_cat":[3697],"product_tag":[],"class_list":{"0":"post-90252","1":"product","2":"type-product","3":"status-publish","4":"has-post-thumbnail","6":"product_cat-eco-1000-serien","7":"pa_brands-honeywell","8":"tm-no-options","10":"first","11":"instock","12":"sale","13":"taxable","14":"shipping-taxable","15":"product-type-simple"},"acf":[],"_links":{"self":[{"href":"https:\/\/stonehouse.se\/en\/wp-json\/wp\/v2\/product\/90252","targetHints":{"allow":["GET"]}}],"collection":[{"href":"https:\/\/stonehouse.se\/en\/wp-json\/wp\/v2\/product"}],"about":[{"href":"https:\/\/stonehouse.se\/en\/wp-json\/wp\/v2\/types\/product"}],"wp:featuredmedia":[{"embeddable":true,"href":"https:\/\/stonehouse.se\/en\/wp-json\/wp\/v2\/media\/90251"}],"wp:attachment":[{"href":"https:\/\/stonehouse.se\/en\/wp-json\/wp\/v2\/media?parent=90252"}],"wp:term":[{"taxonomy":"product_brand","embeddable":true,"href":"https:\/\/stonehouse.se\/en\/wp-json\/wp\/v2\/product_brand?post=90252"},{"taxonomy":"product_cat","embeddable":true,"href":"https:\/\/stonehouse.se\/en\/wp-json\/wp\/v2\/product_cat?post=90252"},{"taxonomy":"product_tag","embeddable":true,"href":"https:\/\/stonehouse.se\/en\/wp-json\/wp\/v2\/product_tag?post=90252"}],"curies":[{"name":"wp","href":"https:\/\/api.w.org\/{rel}","templated":true}]}}