
{"id":90256,"date":"2025-04-03T12:22:12","date_gmt":"2025-04-03T10:22:12","guid":{"rendered":"https:\/\/stonehouse.se\/produkt\/honeywell-eco1000brel24l-detektorbas-med-lasningsrela\/"},"modified":"2026-04-09T11:32:15","modified_gmt":"2026-04-09T09:32:15","slug":"honeywell-eco1000brel24l-detektorbas-med-lasningsrela","status":"publish","type":"product","link":"https:\/\/stonehouse.se\/en\/product\/honeywell-eco1000brel24l-detektorbas-med-lasningsrela\/","title":{"rendered":"Honeywell ECO1000BREL24L Detektorbas med l\u00e5sningsrel\u00e4"},"content":{"rendered":"<h1>Honeywell ECO1000BREL24L Detektorbas med l\u00e5sningsrel\u00e4<\/h1>\n<p class=\"\" data-start=\"481\" data-end=\"858\">Honeywell ECO1000BREL24L Detektorbas med L\u00e5sningsrel\u00e4 \u00e4r en robust och s\u00e4ker l\u00f6sning f\u00f6r brandlarmssystem.<\/p>\n<p class=\"\" data-start=\"481\" data-end=\"858\">Den \u00e4r utformad f\u00f6r anv\u00e4ndning med ECO1000-serien och fungerar med b\u00e5de 12V och 24VDC-system.<\/p>\n<p class=\"\" data-start=\"481\" data-end=\"858\">L\u00e5sningsrel\u00e4et s\u00e4kerst\u00e4ller att detektorn inte kan tas bort utan ett l\u00e4mpligt verktyg, vilket f\u00f6rb\u00e4ttrar s\u00e4kerheten och f\u00f6rhindrar oavsiktlig borttagning.<\/p>\n<p class=\"\" data-start=\"860\" data-end=\"1136\">Detektorbassystemet har en funktion f\u00f6r fj\u00e4rrstyrd LED-indikator, vilket g\u00f6r att det \u00e4r m\u00f6jligt att indikera larmstatus p\u00e5 avst\u00e5nd.<\/p>\n<p class=\"\" data-start=\"860\" data-end=\"1136\">Basen har en l\u00e5g str\u00f6mf\u00f6rbrukning och \u00e4r enkel att installera och underh\u00e5lla. Den \u00e4r CE-m\u00e4rkt och uppfyller de europeiska s\u00e4kerhetsstandarderna.<\/p>\n<p class=\"\" data-start=\"1138\" data-end=\"1331\">Denna bas \u00e4r en idealisk l\u00f6sning f\u00f6r brandlarmssystem d\u00e4r s\u00e4kerhet och enkel anv\u00e4ndning \u00e4r avg\u00f6rande.<\/p>\n<p class=\"\" data-start=\"1138\" data-end=\"1331\">Den kan anv\u00e4ndas i en rad olika applikationer, fr\u00e5n kommersiella till industriella milj\u00f6er.<\/p>","protected":false},"excerpt":{"rendered":"<p>ECO1000BREL24L \u00e4r en detektorbas med l\u00e5sningsrel\u00e4 f\u00f6r 24VDC-system, designad f\u00f6r anv\u00e4ndning med ECO1000-serien.<\/p>\n<p>Basen har en l\u00e5sningsfunktion f\u00f6r att s\u00e4kerst\u00e4lla att detektorn f\u00f6rblir p\u00e5 plats och kan enkelt integreras med olika brandlarmssystem.<\/p>","protected":false},"featured_media":90255,"template":"","meta":{"_acf_changed":false},"product_brand":[],"product_cat":[3697],"product_tag":[],"class_list":{"0":"post-90256","1":"product","2":"type-product","3":"status-publish","4":"has-post-thumbnail","6":"product_cat-eco-1000-serien","7":"pa_brands-honeywell","8":"tm-no-options","10":"first","11":"instock","12":"sale","13":"taxable","14":"shipping-taxable","15":"product-type-simple"},"acf":[],"_links":{"self":[{"href":"https:\/\/stonehouse.se\/en\/wp-json\/wp\/v2\/product\/90256","targetHints":{"allow":["GET"]}}],"collection":[{"href":"https:\/\/stonehouse.se\/en\/wp-json\/wp\/v2\/product"}],"about":[{"href":"https:\/\/stonehouse.se\/en\/wp-json\/wp\/v2\/types\/product"}],"wp:featuredmedia":[{"embeddable":true,"href":"https:\/\/stonehouse.se\/en\/wp-json\/wp\/v2\/media\/90255"}],"wp:attachment":[{"href":"https:\/\/stonehouse.se\/en\/wp-json\/wp\/v2\/media?parent=90256"}],"wp:term":[{"taxonomy":"product_brand","embeddable":true,"href":"https:\/\/stonehouse.se\/en\/wp-json\/wp\/v2\/product_brand?post=90256"},{"taxonomy":"product_cat","embeddable":true,"href":"https:\/\/stonehouse.se\/en\/wp-json\/wp\/v2\/product_cat?post=90256"},{"taxonomy":"product_tag","embeddable":true,"href":"https:\/\/stonehouse.se\/en\/wp-json\/wp\/v2\/product_tag?post=90256"}],"curies":[{"name":"wp","href":"https:\/\/api.w.org\/{rel}","templated":true}]}}