
{"id":90259,"date":"2025-04-14T16:17:21","date_gmt":"2025-04-14T14:17:21","guid":{"rendered":"https:\/\/stonehouse.se\/produkt\/motorlas-step-352-vanster-komplett-sats\/"},"modified":"2026-04-08T15:10:28","modified_gmt":"2026-04-08T13:10:28","slug":"motorlas-step-352-vanster-komplett-sats","status":"publish","type":"product","link":"https:\/\/stonehouse.se\/en\/product\/motorlas-step-352-vanster-komplett-sats\/","title":{"rendered":"Motorl\u00e5s STEP 352 V\u00e4nster Komplett Sats"},"content":{"rendered":"<div><\/div>\n<p>STEP 352 \u00e4r ett motorl\u00e5s som \u00e4r utvecklat f\u00f6r att s\u00e4kerst\u00e4lla en s\u00e4ker l\u00e5sning dygnet runt. Motorl\u00e5set \u00e4r utvecklat f\u00f6r h\u00f6gfrekvent anv\u00e4ndande och klarar flera miljoner \u00f6ppningar, som dessutom sker lika snabbt som ett elslutbleck. Det ger p\u00e5 s\u00e5 s\u00e4tt en unik m\u00f6jlighet att f\u00e5 en h\u00f6gre s\u00e4kerhet d\u00e4r den beh\u00f6vs, och d\u00e4rmed f\u00e5 r\u00e4tt l\u00e5sning p\u00e5 utsatta och viktiga d\u00f6rrar.<\/p>\n<div><\/div>\n<div>STEP 352 \u00e4r utrustad med hakregel och automatikkolv. Automatikkolven g\u00f6r att du kan besl\u00e5 din d\u00f6rr med draghandtag p\u00e5 utsidan d\u00e5 reserv\u00f6ppning kan ske med nyckel fr\u00e5n utsidan, i kombination med utrymning enl. SS-EN 179:2008 fr\u00e5n insidan. L\u00e5set kan d\u00e4rf\u00f6r med f\u00f6rdel anv\u00e4ndas i en larmad utrymningsv\u00e4g.<\/div>\n<div><\/div>\n<div>L\u00e5set kan kombinera krav p\u00e5 utrymning, \u00e5terinrymning, brandtillh\u00e5llning och tillg\u00e4nglighetskrav, samtidigt som d\u00f6rrmilj\u00f6n f\u00e5r en markant h\u00f6gre intr\u00e5ngss\u00e4kerhet. Den rej\u00e4la hakregeln ser till att d\u00f6rren verkligen \u00e4r l\u00e5st, inte bara tillh\u00e5llande.<\/div>\n<div><\/div>\n<div>STEP 352 \u00e4r utrustad med STEPs unika automatikkolv. N\u00e4r d\u00f6rren \u00f6ppnas elektriskt kan automatikkolven vika sig och m\u00f6jligg\u00f6r d\u00e4rmed \u00f6ppning med d\u00f6rrautomatik. Direkt efter att d\u00f6rren \u00f6ppnats skjuter automatikkolven ut, blir fast i sin position och fungerar precis som en vanlig fallkolv igen.<\/div>\n<div><\/div>\n<div>L\u00e5set har en dubbel blockering d\u00e4r \u00e4ven hakregelns blockering \u00e4r sp\u00e4rrad. Sp\u00e4rrens l\u00e4ge avl\u00e4ses av en optisk sensor s\u00e5 att du kan lita p\u00e5 att det verkligen \u00e4r l\u00e5st. Sp\u00e4rren \u00e4r helt skyddad fr\u00e5n \u00e5tkomst och s\u00e4kerst\u00e4ller d\u00e4rmed skydd mot manipulation.<\/div>\n<div><\/div>\n<div>STEP 352 \u00e4r utrustad med FreeDrive\u00ae, v\u00e5r unika och patenterade teknik som g\u00f6r att l\u00e5sets motor och v\u00e4xell\u00e5da helt frikopplas varje g\u00e5ng d\u00f6rren l\u00e5ses upp mekaniskt.<\/div>\n<div>Det g\u00f6r att slitaget minimeras vid anv\u00e4ndningen av trycke, vred, nyckel eller utrymningsbeslag.<\/div>\n<div><\/div>\n<div><b>Artikeln inneh\u00e5ller:<\/b><\/div>\n<div>\n<ul>\n<li>Motorl\u00e5s ST352-L<\/li>\n<li>Styrenhet 300C<\/li>\n<li>Karm\u00f6verf\u00f6ring ST1283<\/li>\n<li>Anslutningskabel ST0916H 10m<\/li>\n<li>Slutbleck ST2009-15<\/li>\n<li>Borrskydd ST1199<\/li>\n<li>Magnetkontakt ST0910<\/li>\n<li>Skruv- och Kontaktset ST1192<\/li>\n<\/ul>\n<\/div>\n<div><\/div>\n<div><b>Egenskaper:<\/b><\/div>\n<div>\n<ul>\n<li>Ej v\u00e4ndbar<\/li>\n<li>Fr\u00e5nreglar p\u00e5 mindre \u00e4n 0,1 sekund<\/li>\n<li>50 mm dorndjup<\/li>\n<li>Modern kolvplacering<\/li>\n<li>Med unik automatikkolv<\/li>\n<li>B\u00e5da styrenheterna hanterar \u00e5terinrymning<\/li>\n<li>FreeDrive\u00ae-teknik<\/li>\n<li>Manipulationsskyddad sp\u00e4rrteknik<\/li>\n<li>Krypterad kommunikation OSDP AES-128<\/li>\n<li>Garanterar \u00f6ppning trots listtryck p\u00e5 upp till 80 kg<\/li>\n<li>Utrymning och \u00e5terinrymning s\u00e4kerst\u00e4lls tillsammans med STEP Exit n\u00f6dutrymningsbeslag<\/li>\n<li>Konstruerad f\u00f6r att anv\u00e4ndas i h\u00f6gfrekventa d\u00f6rrar<\/li>\n<\/ul>\n<\/div>\n<div><\/div>\n<div><b>Funktion:<\/b><\/div>\n<div>\n<ul>\n<li>Hakregeln och automatikkolven l\u00e5ser\/l\u00e5ser upp elektriskt via \u00f6ppnasignal fr\u00e5n passersystem, kodl\u00e5s, armb\u00e5gskontakt eller liknande<\/li>\n<li>Hakregeln och automatikkolven l\u00e5ser\/l\u00e5ser upp mekaniskt via cylinderroddaren fr\u00e5n insidan och utsidan<\/li>\n<li>Automatikkolven dras in mekaniskt via cylinderroddaren med trycke fr\u00e5n insida och utsida<\/li>\n<li>Normal passage sker via \u00f6ppnasignal fr\u00e5n passersystem, kodl\u00e5s, armb\u00e5gskontakt eller liknande fr\u00e5n insida och utsida<\/li>\n<\/ul>\n<\/div>\n<div><\/div>","protected":false},"excerpt":{"rendered":"<p>STEP 352 \u00e4r ett motorl\u00e5s som \u00e4r utvecklat f\u00f6r att s\u00e4kerst\u00e4lla en s\u00e4ker l\u00e5sning dygnet runt. Motorl\u00e5set \u00e4r utvecklat f\u00f6r<\/p>","protected":false},"featured_media":90258,"template":"","meta":{"_acf_changed":false},"product_brand":[],"product_cat":[2316],"product_tag":[],"class_list":{"0":"post-90259","1":"product","2":"type-product","3":"status-publish","4":"has-post-thumbnail","6":"product_cat-step-motorlas","7":"pa_brands-step","8":"tm-no-options","10":"first","11":"instock","12":"sale","13":"taxable","14":"shipping-taxable","15":"product-type-simple"},"acf":[],"_links":{"self":[{"href":"https:\/\/stonehouse.se\/en\/wp-json\/wp\/v2\/product\/90259","targetHints":{"allow":["GET"]}}],"collection":[{"href":"https:\/\/stonehouse.se\/en\/wp-json\/wp\/v2\/product"}],"about":[{"href":"https:\/\/stonehouse.se\/en\/wp-json\/wp\/v2\/types\/product"}],"wp:featuredmedia":[{"embeddable":true,"href":"https:\/\/stonehouse.se\/en\/wp-json\/wp\/v2\/media\/90258"}],"wp:attachment":[{"href":"https:\/\/stonehouse.se\/en\/wp-json\/wp\/v2\/media?parent=90259"}],"wp:term":[{"taxonomy":"product_brand","embeddable":true,"href":"https:\/\/stonehouse.se\/en\/wp-json\/wp\/v2\/product_brand?post=90259"},{"taxonomy":"product_cat","embeddable":true,"href":"https:\/\/stonehouse.se\/en\/wp-json\/wp\/v2\/product_cat?post=90259"},{"taxonomy":"product_tag","embeddable":true,"href":"https:\/\/stonehouse.se\/en\/wp-json\/wp\/v2\/product_tag?post=90259"}],"curies":[{"name":"wp","href":"https:\/\/api.w.org\/{rel}","templated":true}]}}