
{"id":90267,"date":"2025-04-14T16:17:23","date_gmt":"2025-04-14T14:17:23","guid":{"rendered":"https:\/\/stonehouse.se\/produkt\/motorlas-step-352s-split-hoger-komplett-sats\/"},"modified":"2026-04-08T15:08:14","modified_gmt":"2026-04-08T13:08:14","slug":"motorlas-step-352s-split-hoger-komplett-sats","status":"publish","type":"product","link":"https:\/\/stonehouse.se\/en\/product\/motorlas-step-352s-split-hoger-komplett-sats\/","title":{"rendered":"Motorl\u00e5s STEP 352S Split H\u00f6ger Komplett Sats"},"content":{"rendered":"<p>\nSTEP 352S \u00e4r ett motorl\u00e5s med inbyggd splitfunktion och automatikkolv designat f\u00f6r att ers\u00e4tta fall\u00e5s i skalskydd och d\u00e4rmed skapa en s\u00e4ker l\u00e5sning dygnet runt. L\u00e5set \u00e4r konstruerat f\u00f6r en h\u00f6gfrekvent d\u00f6rrmilj\u00f6 med d\u00f6rrautomatik, och klarar flera miljoner \u00f6ppningar! Uppfyller kraven i l\u00e5sklass 2A och 2B enligt SSF 3522.<\/p>\n<div>L\u00e5set kan kombinera alla krav p\u00e5 utrymning, \u00e5terinrymning, brandtillh\u00e5llning och tillg\u00e4nglighetskrav, samtidigt som d\u00f6rrmilj\u00f6n f\u00e5r en markant h\u00f6gre intr\u00e5ngss\u00e4kerhet. STEP 352S \u00e4r utrustat med en rej\u00e4l hakregel som verkligen ser till att d\u00f6rren \u00e4r l\u00e5st, samtidigt som en inbyggd splitfunktion s\u00e4kerst\u00e4ller en oslagbar anv\u00e4ndarv\u00e4nlighet.<\/div>\n<div><\/div>\n<div>Den inbyggda splitfunktionen m\u00f6jligg\u00f6r mekanisk \u00f6ppning fr\u00e5n insidan utan \u00f6ppnaknapp. L\u00e5set har larmf\u00f6rbikoppling (by-pass funktion) s\u00e5 att &#8220;Godk\u00e4nd passage&#8221; kan erh\u00e5llas. Detta ger d\u00f6rrmilj\u00f6n en oslagbar anv\u00e4ndarv\u00e4nlighet.<\/div>\n<div><\/div>\n<div>STEP 352S \u00e4r utrustad med STEPs unika automatikkolv. N\u00e4r d\u00f6rren \u00f6ppnas elektriskt kan automatikkolven vika sig och m\u00f6jligg\u00f6r d\u00e4rmed \u00f6ppning med d\u00f6rrautomatik. Direkt efter att d\u00f6rren \u00f6ppnats skjuter automatikkolven ut, blir fast i sin position och fungerar precis som en vanlig fallkolv igen.<\/div>\n<div>STEP 352S \u00e4r d\u00e4rf\u00f6r anpassad specifikt f\u00f6r d\u00f6rrmilj\u00f6er d\u00e4r du vill ha \u00f6kad tillg\u00e4nglighet.<\/div>\n<div><\/div>\n<div>L\u00e5set har en dubbel blockering d\u00e4r \u00e4ven hakregelns blockering \u00e4r sp\u00e4rrad. Sp\u00e4rrens l\u00e4ge avl\u00e4ses av en optisk sensor s\u00e5 att du kan lita p\u00e5 att det verkligen \u00e4r l\u00e5st. Sp\u00e4rren \u00e4r helt skyddad fr\u00e5n \u00e5tkomst och s\u00e4kerst\u00e4ller d\u00e4rmed skydd mot manipulation.<\/div>\n<div><\/div>\n<div>STEP 352S \u00e4r utrustad med FreeDrive\u00ae, v\u00e5r unika och patenterade teknik som g\u00f6r att l\u00e5sets motor och v\u00e4xell\u00e5da helt frikopplas varje g\u00e5ng d\u00f6rren l\u00e5ses upp mekaniskt.<\/div>\n<div><\/div>\n<div>M\u00e5nga svenska d\u00f6rrmilj\u00f6er \u00e4r idag utrustade med l\u00e5s som kan hantera utrymning, \u00e5terinrymning, brand- och tillg\u00e4nglighetskrav, men till priset av en l\u00e5g intr\u00e5ngss\u00e4kerhet. Det handlar om yttre och inre skalskyddsd\u00f6rrar i tusentals flerbostadshus, sjukhus, behandlingshem och kriminalv\u00e5rd f\u00f6r att n\u00e4mna n\u00e5gra.<\/div>\n<div>Med STEP 352S motorl\u00e5s slipper du kompromissa med intr\u00e5ngss\u00e4kerheten. Ist\u00e4llet kan du s\u00e4kerst\u00e4lla en kombination av alla kravst\u00e4llningar ovan i ett och samma l\u00e5s, och dessutom placera det i en d\u00f6rrmilj\u00f6 som anv\u00e4nds h\u00f6gfrekvent.<\/p>\n<p><b>Artikeln inneh\u00e5ller:<\/b><\/div>\n<div>\n<ul>\n<li>Motorl\u00e5s ST352S Split H\u00f6ger<\/li>\n<li>Styrenhet ST300C<\/li>\n<li>Karm\u00f6verf\u00f6ring ST1283<\/li>\n<li>Anslutningskabel ST0916H 10m<\/li>\n<li>Tryckespinnar ST1088-50 och ST1088-57<\/li>\n<li>Slutbleck ST2009-15<\/li>\n<li>Borrskydd ST1199<\/li>\n<li>Magnetkontakt ST0910<\/li>\n<li>Skruv- och Kontaktset ST1192<\/li>\n<\/ul>\n<\/div>\n<div><b>Egenskaper:<\/b><\/p>\n<ul>\n<li>Ej v\u00e4ndbar<\/li>\n<li>Fr\u00e5nreglar p\u00e5 mindre \u00e4n 0,1 sekund<\/li>\n<li>Modern kolvplacering<\/li>\n<li>B\u00e5da styrenheterna hanterar \u00e5terinrymning<\/li>\n<li>FreeDrive\u00ae-teknik<\/li>\n<li>Manipulationsskyddad sp\u00e4rrteknik<\/li>\n<li>50 mm dorndjup<\/li>\n<li>Krypterad kommunikation AES-128<\/li>\n<li>Garanterar \u00f6ppning trots listtryck p\u00e5 upp till 80 kg<\/li>\n<li>Anslutning till motorl\u00e5set sker genom RS-485<\/li>\n<li>Inbyggd split-spindle<\/li>\n<li>Utrymning och \u00e5terinrymning s\u00e4kerst\u00e4lls tillsammans med STEP Exit n\u00f6dutrymningsbeh\u00f6r. Certifierade enligt SS-EN 179:2008<\/li>\n<li>Certifierat f\u00f6r inbrottsskydd i l\u00e5sklass 2A och 2B enligt SSF 3522<\/li>\n<li>Certifierat i brandteknisk klass E\/EI120 enligt SS-EN 14846:2008<\/li>\n<li>Certifierat i Grade L f\u00f6r korrosion, temperaturer och luftfuktighet vilket motsvarar h\u00f6gt st\u00e4llda krav enligt SS-EN 14846<\/li>\n<li>Konstruerad f\u00f6r att anv\u00e4ndas i h\u00f6gfrekventa d\u00f6rrar<\/li>\n<li>Med unik automatikkolv<\/li>\n<\/ul>\n<\/div>\n<div><b>Funktion:<\/b><\/p>\n<ul>\n<li>Hakregeln och automatikkolven l\u00e5ser\/l\u00e5ser upp elektriskt via \u00f6ppnasignal fr\u00e5n passersystem, kodl\u00e5s, tryckknapp eller liknande<\/li>\n<li>Hakregeln och automatikkolven l\u00e5ser\/l\u00e5ser upp mekaniskt via tryckesroddare fr\u00e5n insidan (splitfunktion)<\/li>\n<li>Automatikkolven dras in mekaniskt via tryckesroddaren med trycke fr\u00e5n insida och utsida<\/li>\n<li>Normal passage sker med trycke fr\u00e5n insidan<\/li>\n<li>Omst\u00e4llbar mekanisk split-sida. Att \u00e4ndra sida g\u00f6rs mekaniskt p\u00e5 l\u00e5shuset<\/li>\n<\/ul>\n<\/div>","protected":false},"excerpt":{"rendered":"<p>STEP 352S \u00e4r ett motorl\u00e5s med inbyggd splitfunktion och automatikkolv designat f\u00f6r att ers\u00e4tta fall\u00e5s i skalskydd och d\u00e4rmed skapa<\/p>","protected":false},"featured_media":90266,"template":"","meta":{"_acf_changed":false},"product_brand":[],"product_cat":[2316],"product_tag":[],"class_list":{"0":"post-90267","1":"product","2":"type-product","3":"status-publish","4":"has-post-thumbnail","6":"product_cat-step-motorlas","7":"pa_brands-step","8":"tm-no-options","10":"first","11":"instock","12":"sale","13":"taxable","14":"shipping-taxable","15":"product-type-simple"},"acf":[],"_links":{"self":[{"href":"https:\/\/stonehouse.se\/en\/wp-json\/wp\/v2\/product\/90267","targetHints":{"allow":["GET"]}}],"collection":[{"href":"https:\/\/stonehouse.se\/en\/wp-json\/wp\/v2\/product"}],"about":[{"href":"https:\/\/stonehouse.se\/en\/wp-json\/wp\/v2\/types\/product"}],"wp:featuredmedia":[{"embeddable":true,"href":"https:\/\/stonehouse.se\/en\/wp-json\/wp\/v2\/media\/90266"}],"wp:attachment":[{"href":"https:\/\/stonehouse.se\/en\/wp-json\/wp\/v2\/media?parent=90267"}],"wp:term":[{"taxonomy":"product_brand","embeddable":true,"href":"https:\/\/stonehouse.se\/en\/wp-json\/wp\/v2\/product_brand?post=90267"},{"taxonomy":"product_cat","embeddable":true,"href":"https:\/\/stonehouse.se\/en\/wp-json\/wp\/v2\/product_cat?post=90267"},{"taxonomy":"product_tag","embeddable":true,"href":"https:\/\/stonehouse.se\/en\/wp-json\/wp\/v2\/product_tag?post=90267"}],"curies":[{"name":"wp","href":"https:\/\/api.w.org\/{rel}","templated":true}]}}