
{"id":91404,"date":"2025-04-30T10:03:20","date_gmt":"2025-04-30T08:03:20","guid":{"rendered":"https:\/\/stonehouse.se\/produkt\/solo-611-urban-ryggsack\/"},"modified":"2026-04-08T16:00:32","modified_gmt":"2026-04-08T14:00:32","slug":"solo-611-urban-ryggsack","status":"publish","type":"product","link":"https:\/\/stonehouse.se\/en\/product\/solo-611-urban-ryggsack\/","title":{"rendered":"Solo 611 &#8211; Urban Ryggs\u00e4ck"},"content":{"rendered":"<h1>Solo 611 &#8211; Urban Ryggs\u00e4ck<\/h1>\n<h3>L\u00e4tt och flexibel ryggs\u00e4ck f\u00f6r provningsutrustning<\/h3>\n<p>Solo\u202f611 Urban Ryggs\u00e4ck \u00e4r utformad f\u00f6r tekniker och installat\u00f6rer som beh\u00f6ver transportera provningsutrustning p\u00e5 ett smidigt s\u00e4tt i st\u00e4der eller stora arbetsplatser.<\/p>\n<h3>Smarta och anpassningsbara fack<\/h3>\n<p>Ryggs\u00e4cken har ett anpassningsbart huvudinredningssystem f\u00f6r testutrustning och batteristavar.<\/p>\n<h3>Komfort och b\u00e4rbarhet<\/h3>\n<p>Urban Ryggs\u00e4ck Solo\u202f611 har breda vadderade axelremmar, br\u00f6strem f\u00f6r viktbalans och v\u00e4ger mindre \u00e4n 1,5\u202fkg.<\/p>","protected":false},"excerpt":{"rendered":"<p>Provningskit f\u00f6r funktionsprovning av detektorer \u2013 provning fr\u00e5n golvniv\u00e5.<br \/>\nProvningsh\u00f6jd: upp till ca enligt kit.<br \/>\nInneh\u00e5ll\/komponenter: Solo 611, Solo 365, Testifire 1001, Solo 330, Solo 110, Solo 111, Solo 612.<br \/>\nAnv\u00e4ndning: service, underh\u00e5ll, drifts\u00e4ttning och \u00e5terkommande kontroller i professionella milj\u00f6er.<\/p>","protected":false},"featured_media":91403,"template":"","meta":{"_acf_changed":false},"product_brand":[],"product_cat":[3699,2291,3787,2292],"product_tag":[],"class_list":{"0":"post-91404","1":"product","2":"type-product","3":"status-publish","4":"has-post-thumbnail","6":"product_cat-forvaring-vaskor","7":"product_cat-solo","8":"product_cat-solo-365","9":"product_cat-testfire","10":"pa_brands-solo","11":"tm-no-options","13":"first","14":"instock","15":"sale","16":"taxable","17":"shipping-taxable","18":"product-type-simple"},"acf":[],"_links":{"self":[{"href":"https:\/\/stonehouse.se\/en\/wp-json\/wp\/v2\/product\/91404","targetHints":{"allow":["GET"]}}],"collection":[{"href":"https:\/\/stonehouse.se\/en\/wp-json\/wp\/v2\/product"}],"about":[{"href":"https:\/\/stonehouse.se\/en\/wp-json\/wp\/v2\/types\/product"}],"wp:featuredmedia":[{"embeddable":true,"href":"https:\/\/stonehouse.se\/en\/wp-json\/wp\/v2\/media\/91403"}],"wp:attachment":[{"href":"https:\/\/stonehouse.se\/en\/wp-json\/wp\/v2\/media?parent=91404"}],"wp:term":[{"taxonomy":"product_brand","embeddable":true,"href":"https:\/\/stonehouse.se\/en\/wp-json\/wp\/v2\/product_brand?post=91404"},{"taxonomy":"product_cat","embeddable":true,"href":"https:\/\/stonehouse.se\/en\/wp-json\/wp\/v2\/product_cat?post=91404"},{"taxonomy":"product_tag","embeddable":true,"href":"https:\/\/stonehouse.se\/en\/wp-json\/wp\/v2\/product_tag?post=91404"}],"curies":[{"name":"wp","href":"https:\/\/api.w.org\/{rel}","templated":true}]}}