
{"id":91435,"date":"2025-05-06T14:33:44","date_gmt":"2025-05-06T12:33:44","guid":{"rendered":"https:\/\/stonehouse.se\/?post_type=product&#038;p=91435"},"modified":"2026-01-20T09:19:51","modified_gmt":"2026-01-20T08:19:51","slug":"nyckel-till-larmknapp-nodoppning-brandknappar-utomhus-led","status":"publish","type":"product","link":"https:\/\/stonehouse.se\/en\/product\/nyckel-till-larmknapp-nodoppning-brandknappar-utomhus-led\/","title":{"rendered":"Nyckel till Larmknapp N\u00f6d\u00f6ppning Brandknappar &#8211; Till 6301059-SH-LED"},"content":{"rendered":"<p>\u00c5terst\u00e4llningsnyckel f\u00f6r larmknapp typ <strong>6301059-SH-LED<\/strong><\/p>\n<p>Nyckeln anv\u00e4nds f\u00f6r \u00e5terst\u00e4llning och test passar flertalet modell<\/p>\n<p>&nbsp;<\/p>\n<p>&nbsp;<\/p>","protected":false},"excerpt":{"rendered":"<p>Fire alarm button \u2013 Fire button \u2013 Protective cover as accessory \u2013 Red \/ Green alarm buttons for evacuation<\/p>","protected":false},"featured_media":93490,"template":"","meta":{"_acf_changed":false},"product_brand":[],"product_cat":[528,590,3700,2599],"product_tag":[1751,2304,2626],"class_list":{"0":"post-91435","1":"product","2":"type-product","3":"status-publish","4":"has-post-thumbnail","6":"product_cat-larmknappar","7":"product_cat-brandknappar","8":"product_cat-nya-produkter","9":"product_cat-oppnaknappar","10":"product_tag-rel-brand","11":"product_tag-stonehouse-produkt","12":"product_tag-tillbehor-oppna-brandknappar","13":"product_shipping_class-postnord-varubrev","14":"pa_brands-stonehouse-security","15":"tm-no-options","17":"first","18":"instock","19":"sale","20":"featured","21":"taxable","22":"shipping-taxable","23":"product-type-simple"},"acf":[],"_links":{"self":[{"href":"https:\/\/stonehouse.se\/en\/wp-json\/wp\/v2\/product\/91435","targetHints":{"allow":["GET"]}}],"collection":[{"href":"https:\/\/stonehouse.se\/en\/wp-json\/wp\/v2\/product"}],"about":[{"href":"https:\/\/stonehouse.se\/en\/wp-json\/wp\/v2\/types\/product"}],"wp:featuredmedia":[{"embeddable":true,"href":"https:\/\/stonehouse.se\/en\/wp-json\/wp\/v2\/media\/93490"}],"wp:attachment":[{"href":"https:\/\/stonehouse.se\/en\/wp-json\/wp\/v2\/media?parent=91435"}],"wp:term":[{"taxonomy":"product_brand","embeddable":true,"href":"https:\/\/stonehouse.se\/en\/wp-json\/wp\/v2\/product_brand?post=91435"},{"taxonomy":"product_cat","embeddable":true,"href":"https:\/\/stonehouse.se\/en\/wp-json\/wp\/v2\/product_cat?post=91435"},{"taxonomy":"product_tag","embeddable":true,"href":"https:\/\/stonehouse.se\/en\/wp-json\/wp\/v2\/product_tag?post=91435"}],"curies":[{"name":"wp","href":"https:\/\/api.w.org\/{rel}","templated":true}]}}