
{"id":91451,"date":"2025-05-08T16:26:21","date_gmt":"2025-05-08T14:26:21","guid":{"rendered":"https:\/\/stonehouse.se\/produkt\/aritech-kombi-rok-varme-detektor-dp721rt\/"},"modified":"2026-04-08T16:26:17","modified_gmt":"2026-04-08T14:26:17","slug":"aritech-kombi-rok-varme-detektor-dp721rt","status":"publish","type":"product","link":"https:\/\/stonehouse.se\/en\/product\/aritech-kombi-rok-varme-detektor-dp721rt\/","title":{"rendered":"Aritech Kombi R\u00f6k- V\u00e4rme-detektor DP721RT"},"content":{"rendered":"<p>Kombinerad r\u00f6k- och v\u00e4rmedetektor med utbytbar r\u00f6kkammare, Optisk r\u00f6k- och v\u00e4rmedetektor, fyrtr\u00e5ds, matningssp\u00e4nning 8,5-33 VDC, Med v\u00e4xlande rel\u00e4utg\u00e5ng,sj\u00e4lv\u00e5terst\u00e4llande IP43. Alla r\u00f6kdetektorer i Aritech 700-serien \u00f6vervakar kontinuerligt deras k\u00e4nslighet och driftstatus. Bakgrundsdrift kompenseras dagligen f\u00f6r att bibeh\u00e5lla den ursprungliga kalibrerade k\u00e4nsligheten inom de erforderliga gr\u00e4nserna. En g\u00e5ng om dagen utf\u00f6r detektorn ett fullst\u00e4ndigt diagnostiskt test som inkluderar dynamisk testning av avk\u00e4nningskammaren och den interna elektroniken. Om en detektor g\u00e5r utanf\u00f6r k\u00e4nslighetsomr\u00e5det eller inte klarar det interna diagnostiktestet, rapporteras detta tillbaka till panelen och indikeras p\u00e5 detektorn som ett fel med en gul diod.<\/p>","protected":false},"excerpt":{"rendered":"<p>Kombinerad r\u00f6k- och v\u00e4rmedetektor, utbytbar r\u00f6kkammare. Optisk r\u00f6k- och v\u00e4rmedetektor. Fyrtr\u00e5ds, matningssp\u00e4nning 8,5-33 VDC. `Med v\u00e4xlande rel\u00e4utg\u00e5ng IP43<\/p>\n<p>Automatisk egendiagnostik<br \/>\nTest p\u00e5 plats utan extra m\u00e4tutrustning<br \/>\nOptisk sensor med kammare som kan bytas p\u00e5 plats och l\u00e4mnas f\u00f6r \u00e5tervinning (milj\u00f6v\u00e4nlig)<br \/>\nSeparata lysdioder f\u00f6r brand och fel<br \/>\nKan matas med 12-24 VDC<\/p>","protected":false},"featured_media":91450,"template":"","meta":{"_acf_changed":false},"product_brand":[],"product_cat":[2694,2695],"product_tag":[],"class_list":{"0":"post-91451","1":"product","2":"type-product","3":"status-publish","4":"has-post-thumbnail","6":"product_cat-rokdetektorer","7":"product_cat-varmedetektor","8":"pa_brands-aritech","9":"tm-no-options","11":"first","12":"outofstock","13":"sale","14":"taxable","15":"shipping-taxable","16":"product-type-simple"},"acf":[],"_links":{"self":[{"href":"https:\/\/stonehouse.se\/en\/wp-json\/wp\/v2\/product\/91451","targetHints":{"allow":["GET"]}}],"collection":[{"href":"https:\/\/stonehouse.se\/en\/wp-json\/wp\/v2\/product"}],"about":[{"href":"https:\/\/stonehouse.se\/en\/wp-json\/wp\/v2\/types\/product"}],"wp:featuredmedia":[{"embeddable":true,"href":"https:\/\/stonehouse.se\/en\/wp-json\/wp\/v2\/media\/91450"}],"wp:attachment":[{"href":"https:\/\/stonehouse.se\/en\/wp-json\/wp\/v2\/media?parent=91451"}],"wp:term":[{"taxonomy":"product_brand","embeddable":true,"href":"https:\/\/stonehouse.se\/en\/wp-json\/wp\/v2\/product_brand?post=91451"},{"taxonomy":"product_cat","embeddable":true,"href":"https:\/\/stonehouse.se\/en\/wp-json\/wp\/v2\/product_cat?post=91451"},{"taxonomy":"product_tag","embeddable":true,"href":"https:\/\/stonehouse.se\/en\/wp-json\/wp\/v2\/product_tag?post=91451"}],"curies":[{"name":"wp","href":"https:\/\/api.w.org\/{rel}","templated":true}]}}