
{"id":91461,"date":"2025-05-09T14:27:19","date_gmt":"2025-05-09T12:27:19","guid":{"rendered":"https:\/\/stonehouse.se\/?post_type=product&#038;p=91461"},"modified":"2025-05-09T14:31:25","modified_gmt":"2025-05-09T12:31:25","slug":"dsc-larmpaket-hs2016-larmgivare-svensk-text-2","status":"publish","type":"product","link":"https:\/\/stonehouse.se\/en\/product\/dsc-larmpaket-hs2016-larmgivare-svensk-text-2\/","title":{"rendered":"DSC Larmpaket HS2016 + Larmgivare Svensk text"},"content":{"rendered":"<h1>DSC NEO Larmpaket HS2016 + Larmgivare Svensk text<\/h1>\n<p>I detta DSC Larmpaket HS2016f\u00e5r du en PowerSeries Neo HS2016 f\u00f6r utbyggnad till upp till 16 sektioner , siren, IR-detektor och magnetkontakt.<\/p>\n<p>DSC Larmpaket HS2016 passar utm\u00e4rkt f\u00f6r b\u00e5de f\u00f6retag och exklusiva bost\u00e4der d\u00e4r funktion, s\u00e4kerhet och kvalit\u00e9 har h\u00f6g prioritering.<\/p>\n<p>DSC Larmpaket HS2016 har SBSC-intyg larmklass 2.Tr\u00e5dbunden knappsats HS2LCDRF med textdisplay och inbyggd 2-v\u00e4gs PowerG radiotransceiver ing\u00e5r.<\/p>\n<p>V\u00e4lj till detektorer, fj\u00e4rrkontroller och andra tillbeh\u00f6r, tr\u00e5dbundna och\/eller tr\u00e5dl\u00f6sa efter vad som passar till varje enskild installation.<\/p>\n<p>Det finns inga begr\u00e4nsningar f\u00f6r det tr\u00e5dl\u00f6sa d.v.s. 16 tr\u00e5dl\u00f6sa detektorer kan anslutas direkt till systemet utan att fler tillbeh\u00f6r beh\u00f6vs.<\/p>\n<p>Larmpaketet har dock i grundutf\u00f6rande 7 tr\u00e5dbundna sektioner (6 p\u00e5 huvudkort, 1 p\u00e5 knappsats) som kan kombineras med tr\u00e5dl\u00f6sa enheter s\u00e5 l\u00e4nge det totala antalet inte \u00e4r mer \u00e4n 16.<\/p>\n<p>Fj\u00e4rrkontroller, knappsatser och sirener tar ingen sektionsplats i systemet och r\u00e4knas inte in i sektionsbegr\u00e4sningen.<\/p>\n<p>F\u00f6r att anv\u00e4nda flera tr\u00e5dbundna sektioner kr\u00e4vs ett sektionskort HSM2108 (E6309320).<\/p>\n<p><strong>DSC Larmpaket HS2016 inneh\u00e5ller:<\/strong><\/p>\n<ul>\n<li>Huvudkort PowerSeries Neo HS2016<\/li>\n<li>Knappsats HS2LCDRF<\/li>\n<li>Inbyggd radiotransiever<\/li>\n<li>Pl\u00e5tkapsling DSC PC5003<\/li>\n<li>Inbyggd transformator<\/li>\n<li>Reservkraftsbatteri 7Ah<\/li>\n<li>Optex IR FLX-ST<\/li>\n<li>Magnetkontakt MC440 Vit \u2013 Utanp\u00e5liggande<\/li>\n<li>Inomhussiren AS210<\/li>\n<li>Powerseries Neo \u00e4r ett professionellt och godk\u00e4nt inbrottslarm f\u00f6r b\u00e5de tr\u00e5dbunden och tr\u00e5dl\u00f6s installation. Produkten \u00e4r provad av SP enligt SSF1014 (utg\u00e5va 5) och innehar SBSC-intyg i b\u00e5de larmklass R samt larmklass 2. Larms\u00e4ndare finns f\u00f6r b\u00e5de larmklass 2 samt larmklass 3-4.<\/li>\n<\/ul>\n<p><strong>Varf\u00f6r PowerSeries \u00e4r Exceptionellt<\/strong>Att kunna \u00f6vervaka upp till 128 zoner tr\u00e5dl\u00f6st och h\u00e5rdvarum\u00e4ssigt g\u00f6r PowerSeries exceptionellt f\u00f6r stora installationer. Dessutom m\u00f6jligg\u00f6r 8 partitioner anpassade s\u00e4kerhetsl\u00f6sningar f\u00f6r olika sektioner av verksamheten eller hemmet.<\/p>\n<p><strong>PowerSeries Neo: S\u00e4kerhet p\u00e5 Nya Niv\u00e5er<\/strong><strong>Introduktion<\/strong> PowerSeries Neo fr\u00e5n DSC omdefinierar intr\u00e5ngss\u00e4kerhet genom att kombinera modularitet och tr\u00e5dbundenhet med enkelheten hos ett brett utbud av tr\u00e5dl\u00f6sa enheter och tillbeh\u00f6r. Resultatet \u00e4r det mest omfattande hybrida systemet som finns p\u00e5 marknaden idag.<\/p>\n<p><strong><span style=\"text-decoration: underline;\">Varf\u00f6r PowerSeries\u00a0 \u00e4r en Banbrytande L\u00f6sning<\/span><\/strong>Denna helt nya och exceptionellt flexibla plattform drar nytta av de \u00f6verl\u00e4gsna egenskaperna hos PowerG &#8211; branschens ledande tr\u00e5dl\u00f6sa intr\u00e5ngsteknologi. Innovativa larmverifieringsl\u00f6sningar, tillsammans med en omfattande mjukvarusvit f\u00f6r fj\u00e4rrtj\u00e4nster, g\u00f6r PowerSeries till den optimala f\u00f6rstklassiga l\u00f6sningen f\u00f6r bost\u00e4der och f\u00f6retag.<\/p>\n<p><span style=\"text-decoration: underline;\"><strong>Flexibilitet i S\u00e4kerhet -Alltid Hybridl\u00f6sning med tr\u00e5dbundet och tr\u00e5dl\u00f6st med DSC Larmpaket HS2016<\/strong><\/span>PowerSeries Neo kombinerar det b\u00e4sta fr\u00e5n tv\u00e5 v\u00e4rldar &#8211; tr\u00e5dbunden systemets stabilitet och tr\u00e5dl\u00f6sa enheters flexibilitet. Detta m\u00f6jligg\u00f6r anpassning efter unika behov och g\u00f6r det till det mest anpassningsbara systemet p\u00e5 marknaden.<\/p>\n<p><span style=\"text-decoration: underline;\"><strong>Innovativ Teknologi f\u00f6r \u00d6verl\u00e4gsen S\u00e4kerhet med DSC Larmpaket HS2016<\/strong><\/span>Genom att anv\u00e4nda PowerG-teknologin tar PowerSeries s\u00e4kerheten till en ny niv\u00e5. Det ger inte bara tillf\u00f6rlitlig intrusionsskydd utan m\u00f6jligg\u00f6r ocks\u00e5 smidig integration med olika tr\u00e5dl\u00f6sa enheter.<\/p>\n<h3><strong>Larmverifiering och Fj\u00e4rrtj\u00e4nster<\/strong><\/h3>\n<p>PowerSeries levereras med innovativa larmverifieringsl\u00f6sningar f\u00f6r att s\u00e4kerst\u00e4lla korrekta svar vid varje larm. Den omfattande fj\u00e4rrtj\u00e4nstprogramvaran m\u00f6jligg\u00f6r \u00f6vervakning och styrning var du \u00e4n \u00e4r.<\/p>\n<h3><strong>FAQ om PowerSeries<\/strong><\/h3>\n<p><strong>Q: Varf\u00f6r \u00e4r PowerSeries\u00a0 kallat en hybridl\u00f6sning?<\/strong>A: PowerSeries\u00a0 \u00e4r en hybrid eftersom den kombinerar tr\u00e5dbunden och tr\u00e5dl\u00f6s teknik f\u00f6r en komplett och anpassningsbar s\u00e4kerhetsl\u00f6sning.<\/p>\n<p><strong>Q: Hur s\u00e4kerst\u00e4ller PowerG-teknologin \u00f6verl\u00e4gsen tr\u00e5dl\u00f6s s\u00e4kerhet?<\/strong>A: PowerG-teknologin erbjuder inte bara p\u00e5litlig anslutning utan ocks\u00e5 kryptering och st\u00f6rningsmotst\u00e5nd f\u00f6r \u00f6verl\u00e4gsen s\u00e4kerhet.<\/p>\n<p><strong>Q: Vilka typer av tr\u00e5dl\u00f6sa enheter kan integreras med PowerSeries?<\/strong>A: PowerSeries st\u00f6der en bred variation av tr\u00e5dl\u00f6sa enheter, inklusive detektorer, kameror och smarta hemtillbeh\u00f6r.<\/p>\n<p><strong>Q: Vad inneb\u00e4r larmverifiering och varf\u00f6r \u00e4r det viktigt?<\/strong>A: Larmverifiering s\u00e4kerst\u00e4ller att varje larm \u00e4r \u00e4kta, vilket minskar falsklarm och ger snabbare och mer precisa svar fr\u00e5n s\u00e4kerhetssystemet.<\/p>\n<p><strong>Q: Kan jag \u00f6vervaka och styra PowerSeries fr\u00e5n distans?<\/strong>A: Ja, den omfattande fj\u00e4rrtj\u00e4nstprogramvaran m\u00f6jligg\u00f6r \u00f6vervakning och styrning via en mobilapp eller dator var du \u00e4n \u00e4r.<\/p>\n<p><strong>Q: \u00c4r PowerSeries\u00a0 l\u00e4mplig f\u00f6r b\u00e5de bost\u00e4der och f\u00f6retag?<\/strong>A: Ja, dess flexibilitet och skr\u00e4ddarsydda l\u00f6sningar g\u00f6r den idealisk f\u00f6r b\u00e5de bost\u00e4der och f\u00f6retag.<\/p>\n<h3><strong>Slutsats<\/strong><\/h3>\n<p>Med PowerSeries Neo DSC Larmpaket HS2016 f\u00e5r du inte bara en s\u00e4kerhetsl\u00f6sning; du f\u00e5r innovation, flexibilitet och \u00f6verl\u00e4gsen teknologi.<\/p>","protected":false},"excerpt":{"rendered":"<p>DSC NEO hybridlarm &#8211; Mixa tr\u00e5dl\u00f6st och tr\u00e5dbundet som du vill med PowerG tr\u00e5dl\u00f6sa tillbeh\u00f6r &#8211; L\u00e4gsta pris!Du f\u00e5r en extra rabatt p\u00e5 6% genom att handla detta paket<\/p>","protected":false},"featured_media":85234,"template":"","meta":{"_acf_changed":false},"product_brand":[],"product_cat":[350,2796],"product_tag":[],"class_list":{"0":"post-91461","1":"product","2":"type-product","3":"status-publish","4":"has-post-thumbnail","6":"product_cat-dsc-larm-neo-power-hybridlarm","7":"product_cat-larmpaket","8":"pa_brands-digital-security-controls","9":"tm-no-options","11":"first","12":"outofstock","13":"sale","14":"taxable","15":"shipping-taxable","16":"product-type-woosb"},"acf":[],"_links":{"self":[{"href":"https:\/\/stonehouse.se\/en\/wp-json\/wp\/v2\/product\/91461","targetHints":{"allow":["GET"]}}],"collection":[{"href":"https:\/\/stonehouse.se\/en\/wp-json\/wp\/v2\/product"}],"about":[{"href":"https:\/\/stonehouse.se\/en\/wp-json\/wp\/v2\/types\/product"}],"wp:featuredmedia":[{"embeddable":true,"href":"https:\/\/stonehouse.se\/en\/wp-json\/wp\/v2\/media\/85234"}],"wp:attachment":[{"href":"https:\/\/stonehouse.se\/en\/wp-json\/wp\/v2\/media?parent=91461"}],"wp:term":[{"taxonomy":"product_brand","embeddable":true,"href":"https:\/\/stonehouse.se\/en\/wp-json\/wp\/v2\/product_brand?post=91461"},{"taxonomy":"product_cat","embeddable":true,"href":"https:\/\/stonehouse.se\/en\/wp-json\/wp\/v2\/product_cat?post=91461"},{"taxonomy":"product_tag","embeddable":true,"href":"https:\/\/stonehouse.se\/en\/wp-json\/wp\/v2\/product_tag?post=91461"}],"curies":[{"name":"wp","href":"https:\/\/api.w.org\/{rel}","templated":true}]}}