
{"id":91469,"date":"2025-05-09T15:03:50","date_gmt":"2025-05-09T13:03:50","guid":{"rendered":"https:\/\/stonehouse.se\/?post_type=product&#038;p=91469"},"modified":"2025-05-09T15:05:53","modified_gmt":"2025-05-09T13:05:53","slug":"dsc-larmpaket-hs2016-svensk-text","status":"publish","type":"product","link":"https:\/\/stonehouse.se\/en\/product\/dsc-larmpaket-hs2016-svensk-text\/","title":{"rendered":"DSC Larmpaket HS2016 &#8211; Svensk text"},"content":{"rendered":"<h1>DSC Larmpaket PowerSeries Neo HS2016 till 16 sektioner.<\/h1>\n<p><strong>DSC Larmpaket<\/strong> passar utm\u00e4rkt f\u00f6r b\u00e5de f\u00f6retag och exklusiva bost\u00e4der d\u00e4r funktion, s\u00e4kerhet och kvalit\u00e9 har h\u00f6g prioritering.<\/p>\n<p><strong>DSC Larmpaket <\/strong>har SBSC-intyg larmklass 2.<\/p>\n<p>Tr\u00e5dbunden knappsats HS2LCDRF med textdisplay och inbyggd 2-v\u00e4gs PowerG radiotransceiver ing\u00e5r. V\u00e4lj till detektorer, fj\u00e4rrkontroller och andra tillbeh\u00f6r, tr\u00e5dbundna och\/eller tr\u00e5dl\u00f6sa efter vad som passar till varje enskild installation. Det finns inga begr\u00e4nsningar f\u00f6r det tr\u00e5dl\u00f6sa d.v.s. 16 tr\u00e5dl\u00f6sa detektorer kan anslutas direkt till systemet utan att fler tillbeh\u00f6r beh\u00f6vs. Larmpaketet har dock i grundutf\u00f6rande 7 tr\u00e5dbundna sektioner (6 p\u00e5 huvudkort, 1 p\u00e5 knappsats) som kan kombineras med tr\u00e5dl\u00f6sa enheter s\u00e5 l\u00e4nge det totala antalet inte \u00e4r mer \u00e4n 16.<\/p>\n<p>Fj\u00e4rrkontroller, knappsatser och sirener tar ingen sektionsplats i systemet och r\u00e4knas inte in i sektionsbegr\u00e4sningen. F\u00f6r att anv\u00e4nda flera tr\u00e5dbundna sektioner kr\u00e4vs ett sektionskort HSM2108 (E6309320).<\/p>\n<p><strong>DSC Larmpaket inneh\u00e5ller:<\/strong><\/p>\n<ul>\n<li>Huvudkort PowerSeries Neo HS2016<\/li>\n<li>Knappsats HS2LCDRF<\/li>\n<li>Inbyggd radiotransiever<\/li>\n<li>Pl\u00e5tkapsling DSC PC5003<\/li>\n<li>Inbyggd transformator<\/li>\n<li>Reservkraftsbatteri 7Ah<\/li>\n<li>Powerseries Neo \u00e4r ett professionellt och godk\u00e4nt inbrottslarm f\u00f6r b\u00e5de tr\u00e5dbunden och tr\u00e5dl\u00f6s installation. Produkten \u00e4r provad av SP enligt SSF1014 (utg\u00e5va 5) och innehar SBSC-intyg i b\u00e5de larmklass R samt larmklass 2. Larms\u00e4ndare finns f\u00f6r b\u00e5de larmklass 2 samt larmklass 3-4.<\/li>\n<li>Artikelnr:\u00a0 6309315<\/li>\n<\/ul>","protected":false},"excerpt":{"rendered":"<p>DSC NEO hybridlarm &#8211; Mixa tr\u00e5dl\u00f6st och tr\u00e5dbundet som du vill med PowerG tr\u00e5dl\u00f6sa tillbeh\u00f6r &#8211; L\u00e4gsta pris !<\/p>\n<p>&nbsp;<\/p>","protected":false},"featured_media":82894,"template":"","meta":{"_acf_changed":false},"product_brand":[],"product_cat":[2796],"product_tag":[2781,1813,1587,1686,2249,1848],"class_list":{"0":"post-91469","1":"product","2":"type-product","3":"status-publish","4":"has-post-thumbnail","6":"product_cat-larmpaket","7":"product_tag-dsc-neo-svensk-manual","8":"product_tag-larmpaket-hs2016-lcd-radio-neo","9":"product_tag-larmoverforing-4g-sandare-med-ip-klass-2","10":"product_tag-neo-larmpaket-kit-svensk-text","11":"product_tag-neo-larmpaket-svenska-engelska","12":"product_tag-sbsc-larmklass2","13":"product_shipping_class-tunga-paket","14":"pa_brands-4dsc","15":"tm-no-options","17":"first","18":"outofstock","19":"sale","20":"featured","21":"taxable","22":"shipping-taxable","23":"product-type-woosb"},"acf":[],"_links":{"self":[{"href":"https:\/\/stonehouse.se\/en\/wp-json\/wp\/v2\/product\/91469","targetHints":{"allow":["GET"]}}],"collection":[{"href":"https:\/\/stonehouse.se\/en\/wp-json\/wp\/v2\/product"}],"about":[{"href":"https:\/\/stonehouse.se\/en\/wp-json\/wp\/v2\/types\/product"}],"wp:featuredmedia":[{"embeddable":true,"href":"https:\/\/stonehouse.se\/en\/wp-json\/wp\/v2\/media\/82894"}],"wp:attachment":[{"href":"https:\/\/stonehouse.se\/en\/wp-json\/wp\/v2\/media?parent=91469"}],"wp:term":[{"taxonomy":"product_brand","embeddable":true,"href":"https:\/\/stonehouse.se\/en\/wp-json\/wp\/v2\/product_brand?post=91469"},{"taxonomy":"product_cat","embeddable":true,"href":"https:\/\/stonehouse.se\/en\/wp-json\/wp\/v2\/product_cat?post=91469"},{"taxonomy":"product_tag","embeddable":true,"href":"https:\/\/stonehouse.se\/en\/wp-json\/wp\/v2\/product_tag?post=91469"}],"curies":[{"name":"wp","href":"https:\/\/api.w.org\/{rel}","templated":true}]}}