
{"id":91477,"date":"2025-05-09T15:16:07","date_gmt":"2025-05-09T13:16:07","guid":{"rendered":"https:\/\/stonehouse.se\/?post_type=product&#038;p=91477"},"modified":"2026-03-17T11:56:58","modified_gmt":"2026-03-17T10:56:58","slug":"assa-abloy-el502-paket-halvsats-omvand-reverse-kabel-ea220-2","status":"publish","type":"product","link":"https:\/\/stonehouse.se\/en\/product\/assa-abloy-el502-paket-halvsats-omvand-reverse-kabel-ea220-2\/","title":{"rendered":"Assa Abloy EL502 Package half set: Reverse + cable EA220"},"content":{"rendered":"<p>Komplett sats best\u00e5ende av 1 st av:1 st L\u00e5s EL502 Omv\u00e4nd1 st Kabel EA220 10 meter<\/p>","protected":false},"excerpt":{"rendered":"<p>Locks from Assa Abloy at the lowest price.<\/p>","protected":false},"featured_media":85233,"template":"","meta":{"_acf_changed":false},"product_brand":[],"product_cat":[2318],"product_tag":[],"class_list":{"0":"post-91477","1":"product","2":"type-product","3":"status-publish","4":"has-post-thumbnail","6":"product_cat-ellas","7":"pa_brands-abloy","8":"tm-no-options","10":"first","11":"instock","12":"sale","13":"taxable","14":"shipping-taxable","15":"product-type-woosb"},"acf":[],"_links":{"self":[{"href":"https:\/\/stonehouse.se\/en\/wp-json\/wp\/v2\/product\/91477","targetHints":{"allow":["GET"]}}],"collection":[{"href":"https:\/\/stonehouse.se\/en\/wp-json\/wp\/v2\/product"}],"about":[{"href":"https:\/\/stonehouse.se\/en\/wp-json\/wp\/v2\/types\/product"}],"wp:featuredmedia":[{"embeddable":true,"href":"https:\/\/stonehouse.se\/en\/wp-json\/wp\/v2\/media\/85233"}],"wp:attachment":[{"href":"https:\/\/stonehouse.se\/en\/wp-json\/wp\/v2\/media?parent=91477"}],"wp:term":[{"taxonomy":"product_brand","embeddable":true,"href":"https:\/\/stonehouse.se\/en\/wp-json\/wp\/v2\/product_brand?post=91477"},{"taxonomy":"product_cat","embeddable":true,"href":"https:\/\/stonehouse.se\/en\/wp-json\/wp\/v2\/product_cat?post=91477"},{"taxonomy":"product_tag","embeddable":true,"href":"https:\/\/stonehouse.se\/en\/wp-json\/wp\/v2\/product_tag?post=91477"}],"curies":[{"name":"wp","href":"https:\/\/api.w.org\/{rel}","templated":true}]}}