
{"id":91486,"date":"2025-05-09T15:30:12","date_gmt":"2025-05-09T13:30:12","guid":{"rendered":"https:\/\/stonehouse.se\/?post_type=product&#038;p=91486"},"modified":"2026-03-17T11:54:50","modified_gmt":"2026-03-17T10:54:50","slug":"assa-abloy-el402-paket-rattvand-kabel-ea220-ea281-2","status":"publish","type":"product","link":"https:\/\/stonehouse.se\/en\/product\/assa-abloy-el402-paket-rattvand-kabel-ea220-ea281-2\/","title":{"rendered":"Assa Abloy EL402 Paket R\u00e4ttv\u00e4nd + kabel EA220 + EA281"},"content":{"rendered":"<p>Komplett sats best\u00e5ende av 1 st av:1 st L\u00e5s EL402 R\u00e4ttv\u00e4nd1 st Kabel EA220 10 meter1 st Abloy Karm\u00f6verf\u00f6ring 512mm<\/p>\n<h1 class=\"product_title entry-title\"><\/h1>\n<p>&nbsp;<\/p>","protected":false},"excerpt":{"rendered":"<p>L\u00e5s fr\u00e5n Assa Abloy till l\u00e4gsta pris.<\/p>","protected":false},"featured_media":85232,"template":"","meta":{"_acf_changed":false},"product_brand":[],"product_cat":[2318],"product_tag":[],"class_list":{"0":"post-91486","1":"product","2":"type-product","3":"status-publish","4":"has-post-thumbnail","6":"product_cat-ellas","7":"pa_brands-abloy","8":"tm-no-options","10":"first","11":"instock","12":"sale","13":"taxable","14":"shipping-taxable","15":"product-type-woosb"},"acf":[],"_links":{"self":[{"href":"https:\/\/stonehouse.se\/en\/wp-json\/wp\/v2\/product\/91486","targetHints":{"allow":["GET"]}}],"collection":[{"href":"https:\/\/stonehouse.se\/en\/wp-json\/wp\/v2\/product"}],"about":[{"href":"https:\/\/stonehouse.se\/en\/wp-json\/wp\/v2\/types\/product"}],"wp:featuredmedia":[{"embeddable":true,"href":"https:\/\/stonehouse.se\/en\/wp-json\/wp\/v2\/media\/85232"}],"wp:attachment":[{"href":"https:\/\/stonehouse.se\/en\/wp-json\/wp\/v2\/media?parent=91486"}],"wp:term":[{"taxonomy":"product_brand","embeddable":true,"href":"https:\/\/stonehouse.se\/en\/wp-json\/wp\/v2\/product_brand?post=91486"},{"taxonomy":"product_cat","embeddable":true,"href":"https:\/\/stonehouse.se\/en\/wp-json\/wp\/v2\/product_cat?post=91486"},{"taxonomy":"product_tag","embeddable":true,"href":"https:\/\/stonehouse.se\/en\/wp-json\/wp\/v2\/product_tag?post=91486"}],"curies":[{"name":"wp","href":"https:\/\/api.w.org\/{rel}","templated":true}]}}