
{"id":91719,"date":"2025-05-16T08:25:03","date_gmt":"2025-05-16T06:25:03","guid":{"rendered":"https:\/\/stonehouse.se\/produkt\/dorrenhet-koppla-4300\/"},"modified":"2026-04-08T16:26:14","modified_gmt":"2026-04-08T14:26:14","slug":"dorrenhet-koppla-4300","status":"publish","type":"product","link":"https:\/\/stonehouse.se\/en\/product\/dorrenhet-koppla-4300\/","title":{"rendered":"D\u00f6rrenhet KOPPLA 4300"},"content":{"rendered":"<p class=\"\" data-start=\"566\" data-end=\"1110\"><strong data-start=\"566\" data-end=\"581\">Koppla 4300<\/strong> \u00e4r den flexibla d\u00f6rrenheten som ansluter din d\u00f6rr- eller portmilj\u00f6 till <strong data-start=\"654\" data-end=\"668\">Styra 3000<\/strong> systemet. Tack vare externa anslutningar kan du koppla in l\u00e4sare, l\u00e5smotorer, knappsatser och sensorer utan att dra alla kablar hela v\u00e4gen till centralen. Fyra programmerbara ing\u00e5ngar (BS, potentialfri eller S0-pulsm\u00e4tning) och tre v\u00e4xlande rel\u00e4utg\u00e5ngar g\u00f6r det enkelt att hantera allt fr\u00e5n d\u00f6rrstatus till larm och styrning. Enheten \u00e4r fullt skyddad med PTC-s\u00e4kringar och loggar b\u00e5de sabotage och s\u00e4kringslarm direkt till Multiaccess Styra.<\/p>\n<hr class=\"\" data-start=\"1112\" data-end=\"1115\" \/>\n<h2 class=\"\" data-start=\"1117\" data-end=\"1145\"><strong data-start=\"1120\" data-end=\"1145\">Egenskaper &amp; f\u00f6rdelar<\/strong><\/h2>\n<div class=\"_tableContainer_16hzy_1\">\n<div class=\"_tableWrapper_16hzy_14 group flex w-fit flex-col-reverse\">\n<table class=\"w-fit min-w-(--thread-content-width)\" data-start=\"1147\" data-end=\"1771\">\n<thead data-start=\"1147\" data-end=\"1176\">\n<tr data-start=\"1147\" data-end=\"1176\">\n<th data-start=\"1147\" data-end=\"1162\" data-col-size=\"sm\"><strong data-start=\"1149\" data-end=\"1161\">Funktion<\/strong><\/th>\n<th data-start=\"1162\" data-end=\"1176\" data-col-size=\"md\"><strong data-start=\"1164\" data-end=\"1174\">Detalj<\/strong><\/th>\n<\/tr>\n<\/thead>\n<tbody data-start=\"1206\" data-end=\"1771\">\n<tr data-start=\"1206\" data-end=\"1304\">\n<td data-start=\"1206\" data-end=\"1230\" data-col-size=\"sm\"><strong data-start=\"1208\" data-end=\"1229\">Extern anslutning<\/strong><\/td>\n<td data-col-size=\"md\" data-start=\"1230\" data-end=\"1304\">Aptuskabel 1 mellan central \u2194 d\u00f6rrenhet, Aptuskabel 2 f\u00f6r porttelefoni<\/td>\n<\/tr>\n<tr data-start=\"1305\" data-end=\"1382\">\n<td data-start=\"1305\" data-end=\"1335\" data-col-size=\"sm\"><strong data-start=\"1307\" data-end=\"1334\">Programmerbara ing\u00e5ngar<\/strong><\/td>\n<td data-col-size=\"md\" data-start=\"1335\" data-end=\"1382\">4 st (BS\/potentialfri\/S0), LED visar status<\/td>\n<\/tr>\n<tr data-start=\"1383\" data-end=\"1468\">\n<td data-start=\"1383\" data-end=\"1413\" data-col-size=\"sm\"><strong data-start=\"1385\" data-end=\"1412\">Programmerbara utg\u00e5ngar<\/strong><\/td>\n<td data-col-size=\"md\" data-start=\"1413\" data-end=\"1468\">3 st rel\u00e4 28 V \/ 1 A, v\u00e4xlande, LED visar aktivitet<\/td>\n<\/tr>\n<tr data-start=\"1469\" data-end=\"1515\">\n<td data-start=\"1469\" data-end=\"1482\" data-col-size=\"sm\"><strong data-start=\"1471\" data-end=\"1481\">Summer<\/strong><\/td>\n<td data-col-size=\"md\" data-start=\"1482\" data-end=\"1515\">Styrbar via Multiaccess Styra<\/td>\n<\/tr>\n<tr data-start=\"1516\" data-end=\"1568\">\n<td data-start=\"1516\" data-end=\"1538\" data-col-size=\"sm\"><strong data-start=\"1518\" data-end=\"1537\">Sabotagekontakt<\/strong><\/td>\n<td data-start=\"1538\" data-end=\"1568\" data-col-size=\"md\">H\u00e4ndelse loggas i systemet<\/td>\n<\/tr>\n<tr data-start=\"1569\" data-end=\"1638\">\n<td data-start=\"1569\" data-end=\"1595\" data-col-size=\"sm\"><strong data-start=\"1571\" data-end=\"1594\">Avs\u00e4krade matningar<\/strong><\/td>\n<td data-col-size=\"md\" data-start=\"1595\" data-end=\"1638\">12 V 1 A (delas med A485-ut) &amp; 24 V 2 A<\/td>\n<\/tr>\n<tr data-start=\"1639\" data-end=\"1704\">\n<td data-start=\"1639\" data-end=\"1662\" data-col-size=\"sm\"><strong data-start=\"1641\" data-end=\"1661\">Statusindikering<\/strong><\/td>\n<td data-start=\"1662\" data-end=\"1704\" data-col-size=\"md\">LED f\u00f6r kommunikation &amp; s\u00e4kringsstatus<\/td>\n<\/tr>\n<tr data-start=\"1705\" data-end=\"1771\">\n<td data-start=\"1705\" data-end=\"1727\" data-col-size=\"sm\"><strong data-start=\"1707\" data-end=\"1726\">RS-485-repeater<\/strong><\/td>\n<td data-start=\"1727\" data-end=\"1771\" data-col-size=\"md\">F\u00f6rst\u00e4rker signal centralsida \u2192 d\u00f6rrsida<\/td>\n<\/tr>\n<\/tbody>\n<\/table>\n<div class=\"sticky end-(--thread-content-margin) h-0 self-end select-none\">\n<div class=\"absolute end-0 flex items-end\"><\/div>\n<\/div>\n<\/div>\n<\/div>\n<hr class=\"\" data-start=\"1773\" data-end=\"1776\" \/>\n<h2 class=\"\" data-start=\"1778\" data-end=\"1814\"><strong data-start=\"1781\" data-end=\"1814\">Teknisk data (sammanfattning)<\/strong><\/h2>\n<div class=\"_tableContainer_16hzy_1\">\n<div class=\"_tableWrapper_16hzy_14 group flex w-fit flex-col-reverse\">\n<table class=\"w-fit min-w-(--thread-content-width)\" data-start=\"1816\" data-end=\"2321\">\n<thead data-start=\"1816\" data-end=\"1852\">\n<tr data-start=\"1816\" data-end=\"1852\">\n<th data-start=\"1816\" data-end=\"1831\" data-col-size=\"sm\"><strong data-start=\"1818\" data-end=\"1830\">Kategori<\/strong><\/th>\n<th data-start=\"1831\" data-end=\"1852\" data-col-size=\"md\"><strong data-start=\"1833\" data-end=\"1850\">Specifikation<\/strong><\/th>\n<\/tr>\n<\/thead>\n<tbody data-start=\"1889\" data-end=\"2321\">\n<tr data-start=\"1889\" data-end=\"1933\">\n<td data-start=\"1889\" data-end=\"1912\" data-col-size=\"sm\"><strong data-start=\"1891\" data-end=\"1911\">Power supply<\/strong><\/td>\n<td data-col-size=\"md\" data-start=\"1912\" data-end=\"1933\">24 V DC \/ 12 V DC<\/td>\n<\/tr>\n<tr data-start=\"1934\" data-end=\"2003\">\n<td data-start=\"1934\" data-end=\"1958\" data-col-size=\"sm\"><strong data-start=\"1936\" data-end=\"1957\">Effektf\u00f6rbrukning<\/strong><\/td>\n<td data-col-size=\"md\" data-start=\"1958\" data-end=\"2003\">0,48 \u2013 8,4 W (vid 24 V)<br \/>\n0,02 \u2013 0,35 A<\/td>\n<\/tr>\n<tr data-start=\"2004\" data-end=\"2044\">\n<td data-start=\"2004\" data-end=\"2027\" data-col-size=\"sm\"><strong data-start=\"2006\" data-end=\"2026\">Temperaturomr\u00e5de<\/strong><\/td>\n<td data-col-size=\"md\" data-start=\"2027\" data-end=\"2044\">0 \u00b0C \u2026 +40 \u00b0C<\/td>\n<\/tr>\n<tr data-start=\"2045\" data-end=\"2083\">\n<td data-start=\"2045\" data-end=\"2065\" data-col-size=\"sm\"><strong data-start=\"2047\" data-end=\"2064\">Luftfuktighet<\/strong><\/td>\n<td data-col-size=\"md\" data-start=\"2065\" data-end=\"2083\">10 % \u2026 90 % RH<\/td>\n<\/tr>\n<tr data-start=\"2084\" data-end=\"2132\">\n<td data-start=\"2084\" data-end=\"2102\" data-col-size=\"sm\"><strong data-start=\"2086\" data-end=\"2101\">A485-portar<\/strong><\/td>\n<td data-col-size=\"md\" data-start=\"2102\" data-end=\"2132\">2 st (central- &amp; d\u00f6rrsida)<\/td>\n<\/tr>\n<tr data-start=\"2133\" data-end=\"2181\">\n<td data-start=\"2133\" data-end=\"2156\" data-col-size=\"sm\"><strong data-start=\"2135\" data-end=\"2155\">A485-ut sp\u00e4nning<\/strong><\/td>\n<td data-col-size=\"md\" data-start=\"2156\" data-end=\"2181\">12 V 1 A, autos\u00e4kring<\/td>\n<\/tr>\n<tr data-start=\"2182\" data-end=\"2233\">\n<td data-start=\"2182\" data-end=\"2212\" data-col-size=\"sm\"><strong data-start=\"2184\" data-end=\"2211\">Dimensioner (H \u00d7 B \u00d7 D)<\/strong><\/td>\n<td data-col-size=\"md\" data-start=\"2212\" data-end=\"2233\">165 \u00d7 126 \u00d7 39 mm<\/td>\n<\/tr>\n<tr data-start=\"2234\" data-end=\"2256\">\n<td data-start=\"2234\" data-end=\"2245\" data-col-size=\"sm\"><strong data-start=\"2236\" data-end=\"2244\">Vikt<\/strong><\/td>\n<td data-start=\"2245\" data-end=\"2256\" data-col-size=\"md\">0,85 kg<\/td>\n<\/tr>\n<tr data-start=\"2257\" data-end=\"2321\">\n<td data-start=\"2257\" data-end=\"2272\" data-col-size=\"sm\"><strong data-start=\"2259\" data-end=\"2271\">Kapsling<\/strong><\/td>\n<td data-col-size=\"md\" data-start=\"2272\" data-end=\"2321\">Avs\u00e4krad, LED-indikering, sabotage\u00f6vervakning<\/td>\n<\/tr>\n<\/tbody>\n<\/table>\n<div class=\"sticky end-(--thread-content-margin) h-0 self-end select-none\">\n<div class=\"absolute end-0 flex items-end\"><\/div>\n<\/div>\n<\/div>\n<\/div>\n<hr class=\"\" data-start=\"2323\" data-end=\"2326\" \/>\n<h3 class=\"\" data-start=\"2328\" data-end=\"2353\"><strong data-start=\"2332\" data-end=\"2353\">Utg\u00e5ngar (rel\u00e4er)<\/strong><\/h3>\n<div class=\"_tableContainer_16hzy_1\">\n<div class=\"_tableWrapper_16hzy_14 group flex w-fit flex-col-reverse\">\n<table class=\"w-fit min-w-(--thread-content-width)\" data-start=\"2355\" data-end=\"2573\">\n<thead data-start=\"2355\" data-end=\"2407\">\n<tr data-start=\"2355\" data-end=\"2407\">\n<th data-start=\"2355\" data-end=\"2363\" data-col-size=\"sm\">Antal<\/th>\n<th data-start=\"2363\" data-end=\"2377\" data-col-size=\"sm\">Kontaktdata<\/th>\n<th data-start=\"2377\" data-end=\"2388\" data-col-size=\"sm\">Funktion<\/th>\n<th data-start=\"2388\" data-end=\"2398\" data-col-size=\"sm\">S\u00e4kring<\/th>\n<th data-start=\"2398\" data-end=\"2407\" data-col-size=\"md\">Extra<\/th>\n<\/tr>\n<\/thead>\n<tbody data-start=\"2461\" data-end=\"2573\">\n<tr data-start=\"2461\" data-end=\"2573\">\n<td data-start=\"2461\" data-end=\"2465\" data-col-size=\"sm\">3<\/td>\n<td data-col-size=\"sm\" data-start=\"2465\" data-end=\"2478\">28 V \/ 1 A<\/td>\n<td data-col-size=\"sm\" data-start=\"2478\" data-end=\"2489\">V\u00e4xlande<\/td>\n<td data-col-size=\"sm\" data-start=\"2489\" data-end=\"2508\">1 A PTC per rel\u00e4<\/td>\n<td data-col-size=\"md\" data-start=\"2508\" data-end=\"2573\">PWR eller ISO st\u00e4llbart, sekventiell uppstart, LED-indikering<\/td>\n<\/tr>\n<\/tbody>\n<\/table>\n<div class=\"sticky end-(--thread-content-margin) h-0 self-end select-none\">\n<div class=\"absolute end-0 flex items-end\"><\/div>\n<\/div>\n<\/div>\n<\/div>\n<h3 class=\"\" data-start=\"2575\" data-end=\"2591\"><strong data-start=\"2579\" data-end=\"2591\">Ing\u00e5ngar<\/strong><\/h3>\n<div class=\"_tableContainer_16hzy_1\">\n<div class=\"_tableWrapper_16hzy_14 group flex w-fit flex-col-reverse\">\n<table class=\"w-fit min-w-(--thread-content-width)\" data-start=\"2593\" data-end=\"2779\">\n<thead data-start=\"2593\" data-end=\"2627\">\n<tr data-start=\"2593\" data-end=\"2627\">\n<th data-start=\"2593\" data-end=\"2601\" data-col-size=\"sm\">Antal<\/th>\n<th data-start=\"2601\" data-end=\"2607\" data-col-size=\"sm\">Typ<\/th>\n<th data-start=\"2607\" data-end=\"2620\" data-col-size=\"md\">Funktioner<\/th>\n<th data-start=\"2620\" data-end=\"2627\" data-col-size=\"sm\">LED<\/th>\n<\/tr>\n<\/thead>\n<tbody data-start=\"2662\" data-end=\"2779\">\n<tr data-start=\"2662\" data-end=\"2779\">\n<td data-start=\"2662\" data-end=\"2666\" data-col-size=\"sm\">4<\/td>\n<td data-col-size=\"sm\" data-start=\"2666\" data-end=\"2705\">Potentialfri slut\/bryt eller S0-puls<\/td>\n<td data-col-size=\"md\" data-start=\"2705\" data-end=\"2773\">Dubbelbalansering, v\u00e4rden konfigureras i Multiaccess, pulsr\u00e4kning<\/td>\n<td data-col-size=\"sm\" data-start=\"2773\" data-end=\"2779\">Ja<\/td>\n<\/tr>\n<\/tbody>\n<\/table>\n<div class=\"sticky end-(--thread-content-margin) h-0 self-end select-none\">\n<div class=\"absolute end-0 flex items-end\"><\/div>\n<\/div>\n<\/div>\n<\/div>\n<h3 class=\"\" data-start=\"2781\" data-end=\"2812\"><strong data-start=\"2785\" data-end=\"2812\">Extern sp\u00e4nningsmatning<\/strong><\/h3>\n<div class=\"_tableContainer_16hzy_1\">\n<div class=\"_tableWrapper_16hzy_14 group flex w-fit flex-col-reverse\">\n<table class=\"w-fit min-w-(--thread-content-width)\" data-start=\"2814\" data-end=\"2956\">\n<thead data-start=\"2814\" data-end=\"2850\">\n<tr data-start=\"2814\" data-end=\"2850\">\n<th data-start=\"2814\" data-end=\"2825\" data-col-size=\"sm\">Sp\u00e4nning<\/th>\n<th data-start=\"2825\" data-end=\"2836\" data-col-size=\"sm\">Maxstr\u00f6m<\/th>\n<th data-start=\"2836\" data-end=\"2850\" data-col-size=\"sm\">Anm\u00e4rkning<\/th>\n<\/tr>\n<\/thead>\n<tbody data-start=\"2888\" data-end=\"2956\">\n<tr data-start=\"2888\" data-end=\"2922\">\n<td data-start=\"2888\" data-end=\"2895\" data-col-size=\"sm\">12 V<\/td>\n<td data-col-size=\"sm\" data-start=\"2895\" data-end=\"2901\">1 A<\/td>\n<td data-col-size=\"sm\" data-start=\"2901\" data-end=\"2922\">Delas med A485-ut<\/td>\n<\/tr>\n<tr data-start=\"2923\" data-end=\"2956\">\n<td data-start=\"2923\" data-end=\"2930\" data-col-size=\"sm\">24 V<\/td>\n<td data-col-size=\"sm\" data-start=\"2930\" data-end=\"2936\">2 A<\/td>\n<td data-col-size=\"sm\" data-start=\"2936\" data-end=\"2956\">Separat avs\u00e4krad<\/td>\n<\/tr>\n<\/tbody>\n<\/table>\n<div class=\"sticky end-(--thread-content-margin) h-0 self-end select-none\">\n<div class=\"absolute end-0 flex items-end\"><\/div>\n<\/div>\n<\/div>\n<\/div>\n<h3 class=\"\" data-start=\"2958\" data-end=\"2979\"><strong data-start=\"2962\" data-end=\"2979\">Kommunikation<\/strong><\/h3>\n<ul data-start=\"2981\" data-end=\"3078\">\n<li class=\"\" data-start=\"2981\" data-end=\"3019\">\n<p class=\"\" data-start=\"2983\" data-end=\"3019\"><strong data-start=\"2983\" data-end=\"3003\">Till Styra 3000:<\/strong> RS-485 (A485)<\/p>\n<\/li>\n<li class=\"\" data-start=\"3020\" data-end=\"3078\">\n<p class=\"\" data-start=\"3022\" data-end=\"3078\"><strong data-start=\"3022\" data-end=\"3061\">Till d\u00f6rrutrustning (l\u00e4sare, motor)<\/strong>: RS-485 (A485)<\/p>\n<\/li>\n<\/ul>","protected":false},"excerpt":{"rendered":"<h3 class=\"\" data-start=\"0\" data-end=\"46\"><strong data-start=\"4\" data-end=\"46\">Koppla 4300 \u2013 D\u00f6rrenhet f\u00f6r Styra 3000<\/strong><\/h3>","protected":false},"featured_media":91718,"template":"","meta":{"_acf_changed":false},"product_brand":[],"product_cat":[3474],"product_tag":[],"class_list":{"0":"post-91719","1":"product","2":"type-product","3":"status-publish","4":"has-post-thumbnail","6":"product_cat-aptus-passer-portapparat","7":"pa_brands-aptus","8":"tm-no-options","10":"first","11":"instock","12":"sale","13":"taxable","14":"shipping-taxable","15":"product-type-simple"},"acf":[],"_links":{"self":[{"href":"https:\/\/stonehouse.se\/en\/wp-json\/wp\/v2\/product\/91719","targetHints":{"allow":["GET"]}}],"collection":[{"href":"https:\/\/stonehouse.se\/en\/wp-json\/wp\/v2\/product"}],"about":[{"href":"https:\/\/stonehouse.se\/en\/wp-json\/wp\/v2\/types\/product"}],"wp:featuredmedia":[{"embeddable":true,"href":"https:\/\/stonehouse.se\/en\/wp-json\/wp\/v2\/media\/91718"}],"wp:attachment":[{"href":"https:\/\/stonehouse.se\/en\/wp-json\/wp\/v2\/media?parent=91719"}],"wp:term":[{"taxonomy":"product_brand","embeddable":true,"href":"https:\/\/stonehouse.se\/en\/wp-json\/wp\/v2\/product_brand?post=91719"},{"taxonomy":"product_cat","embeddable":true,"href":"https:\/\/stonehouse.se\/en\/wp-json\/wp\/v2\/product_cat?post=91719"},{"taxonomy":"product_tag","embeddable":true,"href":"https:\/\/stonehouse.se\/en\/wp-json\/wp\/v2\/product_tag?post=91719"}],"curies":[{"name":"wp","href":"https:\/\/api.w.org\/{rel}","templated":true}]}}