
{"id":91721,"date":"2025-05-16T08:28:12","date_gmt":"2025-05-16T06:28:12","guid":{"rendered":"https:\/\/stonehouse.se\/produkt\/dorrenhet-koppla-2100\/"},"modified":"2026-04-08T16:26:12","modified_gmt":"2026-04-08T14:26:12","slug":"dorrenhet-koppla-2100","status":"publish","type":"product","link":"https:\/\/stonehouse.se\/en\/product\/dorrenhet-koppla-2100\/","title":{"rendered":"D\u00f6rrenhet KOPPLA 2100"},"content":{"rendered":"<p class=\"\" data-start=\"561\" data-end=\"988\"><strong data-start=\"561\" data-end=\"576\">Koppla 2100<\/strong> \u00e4r den kompakta d\u00f6rrenheten som kopplar samman Styra 3000 med l\u00e4sare, l\u00e5smotorer, sensorer eller porttelefon. Tv\u00e5 programmerbara ing\u00e5ngar (BS, potentialfri eller S0-puls) och en v\u00e4xlande rel\u00e4utg\u00e5ng ger dig all flexibilitet du beh\u00f6ver f\u00f6r en enskild d\u00f6rr eller grind. Alla h\u00e4ndelser, inklusive sabotage och s\u00e4kringslarm, loggas automatiskt i Multiaccess Styra \u2013 och naturligtvis kan summern styras fr\u00e5n systemet.<\/p>\n<hr class=\"\" data-start=\"990\" data-end=\"993\" \/>\n<h2 class=\"\" data-start=\"995\" data-end=\"1023\"><strong data-start=\"998\" data-end=\"1023\">Egenskaper &amp; f\u00f6rdelar<\/strong><\/h2>\n<div class=\"_tableContainer_16hzy_1\">\n<div class=\"_tableWrapper_16hzy_14 group flex w-fit flex-col-reverse\">\n<table class=\"w-fit min-w-(--thread-content-width)\" data-start=\"1025\" data-end=\"1650\">\n<thead data-start=\"1025\" data-end=\"1054\">\n<tr data-start=\"1025\" data-end=\"1054\">\n<th data-start=\"1025\" data-end=\"1040\" data-col-size=\"sm\"><strong data-start=\"1027\" data-end=\"1039\">Funktion<\/strong><\/th>\n<th data-start=\"1040\" data-end=\"1054\" data-col-size=\"md\"><strong data-start=\"1042\" data-end=\"1052\">Detalj<\/strong><\/th>\n<\/tr>\n<\/thead>\n<tbody data-start=\"1084\" data-end=\"1650\">\n<tr data-start=\"1084\" data-end=\"1182\">\n<td data-start=\"1084\" data-end=\"1108\" data-col-size=\"sm\"><strong data-start=\"1086\" data-end=\"1107\">Extern anslutning<\/strong><\/td>\n<td data-start=\"1108\" data-end=\"1182\" data-col-size=\"md\">Aptuskabel 1 mellan central \u2194 d\u00f6rrenhet, Aptuskabel 2 f\u00f6r porttelefoni<\/td>\n<\/tr>\n<tr data-start=\"1183\" data-end=\"1264\">\n<td data-start=\"1183\" data-end=\"1213\" data-col-size=\"sm\"><strong data-start=\"1185\" data-end=\"1212\">Programmerbara ing\u00e5ngar<\/strong><\/td>\n<td data-col-size=\"md\" data-start=\"1213\" data-end=\"1264\">2 st (BS \/ potentialfri \/ S0), LED visar status<\/td>\n<\/tr>\n<tr data-start=\"1265\" data-end=\"1347\">\n<td data-start=\"1265\" data-end=\"1292\" data-col-size=\"sm\"><strong data-start=\"1267\" data-end=\"1291\">Programmerbar utg\u00e5ng<\/strong><\/td>\n<td data-col-size=\"md\" data-start=\"1292\" data-end=\"1347\">1 st rel\u00e4 28 V \/ 1 A, v\u00e4xlande, LED visar aktivitet<\/td>\n<\/tr>\n<tr data-start=\"1348\" data-end=\"1394\">\n<td data-start=\"1348\" data-end=\"1361\" data-col-size=\"sm\"><strong data-start=\"1350\" data-end=\"1360\">Summer<\/strong><\/td>\n<td data-col-size=\"md\" data-start=\"1361\" data-end=\"1394\">Styrbar via Multiaccess Styra<\/td>\n<\/tr>\n<tr data-start=\"1395\" data-end=\"1447\">\n<td data-start=\"1395\" data-end=\"1417\" data-col-size=\"sm\"><strong data-start=\"1397\" data-end=\"1416\">Sabotagekontakt<\/strong><\/td>\n<td data-col-size=\"md\" data-start=\"1417\" data-end=\"1447\">H\u00e4ndelse loggas i systemet<\/td>\n<\/tr>\n<tr data-start=\"1448\" data-end=\"1517\">\n<td data-start=\"1448\" data-end=\"1474\" data-col-size=\"sm\"><strong data-start=\"1450\" data-end=\"1473\">Avs\u00e4krade matningar<\/strong><\/td>\n<td data-col-size=\"md\" data-start=\"1474\" data-end=\"1517\">12 V 1 A (delas med A485-ut) &amp; 24 V 2 A<\/td>\n<\/tr>\n<tr data-start=\"1518\" data-end=\"1583\">\n<td data-start=\"1518\" data-end=\"1541\" data-col-size=\"sm\"><strong data-start=\"1520\" data-end=\"1540\">Statusindikering<\/strong><\/td>\n<td data-col-size=\"md\" data-start=\"1541\" data-end=\"1583\">LED f\u00f6r kommunikation &amp; s\u00e4kringsstatus<\/td>\n<\/tr>\n<tr data-start=\"1584\" data-end=\"1650\">\n<td data-start=\"1584\" data-end=\"1606\" data-col-size=\"sm\"><strong data-start=\"1586\" data-end=\"1605\">RS-485-repeater<\/strong><\/td>\n<td data-col-size=\"md\" data-start=\"1606\" data-end=\"1650\">F\u00f6rst\u00e4rker signal centralsida \u2192 d\u00f6rrsida<\/td>\n<\/tr>\n<\/tbody>\n<\/table>\n<div class=\"sticky end-(--thread-content-margin) h-0 self-end select-none\">\n<div class=\"absolute end-0 flex items-end\"><\/div>\n<\/div>\n<\/div>\n<\/div>\n<hr class=\"\" data-start=\"1652\" data-end=\"1655\" \/>\n<h2 class=\"\" data-start=\"1657\" data-end=\"1693\"><strong data-start=\"1660\" data-end=\"1693\">Teknisk data<\/strong><\/h2>\n<div class=\"_tableContainer_16hzy_1\">\n<div class=\"_tableWrapper_16hzy_14 group flex w-fit flex-col-reverse\">\n<table class=\"w-fit min-w-(--thread-content-width)\" data-start=\"1695\" data-end=\"2200\">\n<thead data-start=\"1695\" data-end=\"1731\">\n<tr data-start=\"1695\" data-end=\"1731\">\n<th data-start=\"1695\" data-end=\"1710\" data-col-size=\"sm\"><strong data-start=\"1697\" data-end=\"1709\">Kategori<\/strong><\/th>\n<th data-start=\"1710\" data-end=\"1731\" data-col-size=\"md\"><strong data-start=\"1712\" data-end=\"1729\">Specifikation<\/strong><\/th>\n<\/tr>\n<\/thead>\n<tbody data-start=\"1768\" data-end=\"2200\">\n<tr data-start=\"1768\" data-end=\"1812\">\n<td data-start=\"1768\" data-end=\"1791\" data-col-size=\"sm\"><strong data-start=\"1770\" data-end=\"1790\">Power supply<\/strong><\/td>\n<td data-col-size=\"md\" data-start=\"1791\" data-end=\"1812\">24 V DC \/ 12 V DC<\/td>\n<\/tr>\n<tr data-start=\"1813\" data-end=\"1883\">\n<td data-start=\"1813\" data-end=\"1837\" data-col-size=\"sm\"><strong data-start=\"1815\" data-end=\"1836\">Effektf\u00f6rbrukning<\/strong><\/td>\n<td data-col-size=\"md\" data-start=\"1837\" data-end=\"1883\">0,48 \u2013 7,44 W (vid 24 V)<br \/>\n0,02 \u2013 0,35 A<\/td>\n<\/tr>\n<tr data-start=\"1884\" data-end=\"1924\">\n<td data-start=\"1884\" data-end=\"1907\" data-col-size=\"sm\"><strong data-start=\"1886\" data-end=\"1906\">Temperaturomr\u00e5de<\/strong><\/td>\n<td data-col-size=\"md\" data-start=\"1907\" data-end=\"1924\">0 \u00b0C \u2026 +40 \u00b0C<\/td>\n<\/tr>\n<tr data-start=\"1925\" data-end=\"1963\">\n<td data-start=\"1925\" data-end=\"1945\" data-col-size=\"sm\"><strong data-start=\"1927\" data-end=\"1944\">Luftfuktighet<\/strong><\/td>\n<td data-col-size=\"md\" data-start=\"1945\" data-end=\"1963\">10 % \u2026 90 % RH<\/td>\n<\/tr>\n<tr data-start=\"1964\" data-end=\"2012\">\n<td data-start=\"1964\" data-end=\"1982\" data-col-size=\"sm\"><strong data-start=\"1966\" data-end=\"1981\">A485-portar<\/strong><\/td>\n<td data-col-size=\"md\" data-start=\"1982\" data-end=\"2012\">2 st (central- &amp; d\u00f6rrsida)<\/td>\n<\/tr>\n<tr data-start=\"2013\" data-end=\"2061\">\n<td data-start=\"2013\" data-end=\"2036\" data-col-size=\"sm\"><strong data-start=\"2015\" data-end=\"2035\">A485-ut sp\u00e4nning<\/strong><\/td>\n<td data-col-size=\"md\" data-start=\"2036\" data-end=\"2061\">12 V 1 A, autos\u00e4kring<\/td>\n<\/tr>\n<tr data-start=\"2062\" data-end=\"2113\">\n<td data-start=\"2062\" data-end=\"2092\" data-col-size=\"sm\"><strong data-start=\"2064\" data-end=\"2091\">Dimensioner (H \u00d7 B \u00d7 D)<\/strong><\/td>\n<td data-col-size=\"md\" data-start=\"2092\" data-end=\"2113\">165 \u00d7 126 \u00d7 39 mm<\/td>\n<\/tr>\n<tr data-start=\"2114\" data-end=\"2136\">\n<td data-start=\"2114\" data-end=\"2125\" data-col-size=\"sm\"><strong data-start=\"2116\" data-end=\"2124\">Vikt<\/strong><\/td>\n<td data-col-size=\"md\" data-start=\"2125\" data-end=\"2136\">0,85 kg<\/td>\n<\/tr>\n<tr data-start=\"2137\" data-end=\"2200\">\n<td data-start=\"2137\" data-end=\"2152\" data-col-size=\"sm\"><strong data-start=\"2139\" data-end=\"2151\">Kapsling<\/strong><\/td>\n<td data-start=\"2152\" data-end=\"2200\" data-col-size=\"md\">Avs\u00e4krad, LED-indikerad, sabotage\u00f6vervakning<\/td>\n<\/tr>\n<\/tbody>\n<\/table>\n<div class=\"sticky end-(--thread-content-margin) h-0 self-end select-none\">\n<div class=\"absolute end-0 flex items-end\"><\/div>\n<\/div>\n<\/div>\n<\/div>\n<hr class=\"\" data-start=\"2202\" data-end=\"2205\" \/>\n<h3 class=\"\" data-start=\"2207\" data-end=\"2228\"><strong data-start=\"2211\" data-end=\"2228\">Utg\u00e5ng (rel\u00e4)<\/strong><\/h3>\n<div class=\"_tableContainer_16hzy_1\">\n<div class=\"_tableWrapper_16hzy_14 group flex w-fit flex-col-reverse\">\n<table class=\"w-fit min-w-(--thread-content-width)\" data-start=\"2230\" data-end=\"2433\">\n<thead data-start=\"2230\" data-end=\"2282\">\n<tr data-start=\"2230\" data-end=\"2282\">\n<th data-start=\"2230\" data-end=\"2238\" data-col-size=\"sm\">Antal<\/th>\n<th data-start=\"2238\" data-end=\"2252\" data-col-size=\"sm\">Kontaktdata<\/th>\n<th data-start=\"2252\" data-end=\"2263\" data-col-size=\"sm\">Funktion<\/th>\n<th data-start=\"2263\" data-end=\"2273\" data-col-size=\"sm\">S\u00e4kring<\/th>\n<th data-start=\"2273\" data-end=\"2282\" data-col-size=\"md\">Extra<\/th>\n<\/tr>\n<\/thead>\n<tbody data-start=\"2336\" data-end=\"2433\">\n<tr data-start=\"2336\" data-end=\"2433\">\n<td data-start=\"2336\" data-end=\"2340\" data-col-size=\"sm\">1<\/td>\n<td data-col-size=\"sm\" data-start=\"2340\" data-end=\"2353\">28 V \/ 1 A<\/td>\n<td data-col-size=\"sm\" data-start=\"2353\" data-end=\"2364\">V\u00e4xlande<\/td>\n<td data-col-size=\"sm\" data-start=\"2364\" data-end=\"2374\">1 A PTC<\/td>\n<td data-col-size=\"md\" data-start=\"2374\" data-end=\"2433\">PWR\/ISO st\u00e4llbart, sekventiell uppstart, LED-indikering<\/td>\n<\/tr>\n<\/tbody>\n<\/table>\n<div class=\"sticky end-(--thread-content-margin) h-0 self-end select-none\">\n<div class=\"absolute end-0 flex items-end\"><\/div>\n<\/div>\n<\/div>\n<\/div>\n<h3 class=\"\" data-start=\"2435\" data-end=\"2451\"><strong data-start=\"2439\" data-end=\"2451\">Ing\u00e5ngar<\/strong><\/h3>\n<div class=\"_tableContainer_16hzy_1\">\n<div class=\"_tableWrapper_16hzy_14 group flex w-fit flex-col-reverse\">\n<table class=\"w-fit min-w-(--thread-content-width)\" data-start=\"2453\" data-end=\"2636\">\n<thead data-start=\"2453\" data-end=\"2487\">\n<tr data-start=\"2453\" data-end=\"2487\">\n<th data-start=\"2453\" data-end=\"2461\" data-col-size=\"sm\">Antal<\/th>\n<th data-start=\"2461\" data-end=\"2467\" data-col-size=\"sm\">Typ<\/th>\n<th data-start=\"2467\" data-end=\"2480\" data-col-size=\"md\">Funktioner<\/th>\n<th data-start=\"2480\" data-end=\"2487\" data-col-size=\"sm\">LED<\/th>\n<\/tr>\n<\/thead>\n<tbody data-start=\"2522\" data-end=\"2636\">\n<tr data-start=\"2522\" data-end=\"2636\">\n<td data-start=\"2522\" data-end=\"2526\" data-col-size=\"sm\">2<\/td>\n<td data-col-size=\"sm\" data-start=\"2526\" data-end=\"2565\">Potentialfri slut\/bryt eller S0-puls<\/td>\n<td data-col-size=\"md\" data-start=\"2565\" data-end=\"2630\">Dubbelbalansering, omslagsv\u00e4rden fr\u00e5n Multiaccess, pulsr\u00e4kning<\/td>\n<td data-col-size=\"sm\" data-start=\"2630\" data-end=\"2636\">Ja<\/td>\n<\/tr>\n<\/tbody>\n<\/table>\n<div class=\"sticky end-(--thread-content-margin) h-0 self-end select-none\">\n<div class=\"absolute end-0 flex items-end\"><\/div>\n<\/div>\n<\/div>\n<\/div>\n<h3 class=\"\" data-start=\"2638\" data-end=\"2669\"><strong data-start=\"2642\" data-end=\"2669\">Extern sp\u00e4nningsmatning<\/strong><\/h3>\n<div class=\"_tableContainer_16hzy_1\">\n<div class=\"_tableWrapper_16hzy_14 group flex w-fit flex-col-reverse\">\n<table class=\"w-fit min-w-(--thread-content-width)\" data-start=\"2671\" data-end=\"2813\">\n<thead data-start=\"2671\" data-end=\"2707\">\n<tr data-start=\"2671\" data-end=\"2707\">\n<th data-start=\"2671\" data-end=\"2682\" data-col-size=\"sm\">Sp\u00e4nning<\/th>\n<th data-start=\"2682\" data-end=\"2693\" data-col-size=\"sm\">Maxstr\u00f6m<\/th>\n<th data-start=\"2693\" data-end=\"2707\" data-col-size=\"sm\">Anm\u00e4rkning<\/th>\n<\/tr>\n<\/thead>\n<tbody data-start=\"2745\" data-end=\"2813\">\n<tr data-start=\"2745\" data-end=\"2779\">\n<td data-start=\"2745\" data-end=\"2752\" data-col-size=\"sm\">12 V<\/td>\n<td data-col-size=\"sm\" data-start=\"2752\" data-end=\"2758\">1 A<\/td>\n<td data-col-size=\"sm\" data-start=\"2758\" data-end=\"2779\">Delas med A485-ut<\/td>\n<\/tr>\n<tr data-start=\"2780\" data-end=\"2813\">\n<td data-start=\"2780\" data-end=\"2787\" data-col-size=\"sm\">24 V<\/td>\n<td data-col-size=\"sm\" data-start=\"2787\" data-end=\"2793\">2 A<\/td>\n<td data-col-size=\"sm\" data-start=\"2793\" data-end=\"2813\">Separat avs\u00e4krad<\/td>\n<\/tr>\n<\/tbody>\n<\/table>\n<div class=\"sticky end-(--thread-content-margin) h-0 self-end select-none\">\n<div class=\"absolute end-0 flex items-end\"><\/div>\n<\/div>\n<\/div>\n<\/div>\n<h3 class=\"\" data-start=\"2815\" data-end=\"2836\"><strong data-start=\"2819\" data-end=\"2836\">Kommunikation<\/strong><\/h3>\n<ul data-start=\"2838\" data-end=\"2935\">\n<li class=\"\" data-start=\"2838\" data-end=\"2876\">\n<p class=\"\" data-start=\"2840\" data-end=\"2876\"><strong data-start=\"2840\" data-end=\"2860\">Till Styra 3000:<\/strong> RS-485 (A485)<\/p>\n<\/li>\n<li class=\"\" data-start=\"2877\" data-end=\"2935\">\n<p class=\"\" data-start=\"2879\" data-end=\"2935\"><strong data-start=\"2879\" data-end=\"2919\">Till d\u00f6rrutrustning (l\u00e4sare, motor):<\/strong> RS-485 (A485)<\/p>\n<\/li>\n<\/ul>","protected":false},"excerpt":{"rendered":"<h3 class=\"\" data-start=\"0\" data-end=\"46\"><strong data-start=\"4\" data-end=\"46\">Koppla 2100 \u2013 D\u00f6rrenhet f\u00f6r Styra 3000<\/strong><\/h3>","protected":false},"featured_media":91720,"template":"","meta":{"_acf_changed":false},"product_brand":[],"product_cat":[3474],"product_tag":[],"class_list":{"0":"post-91721","1":"product","2":"type-product","3":"status-publish","4":"has-post-thumbnail","6":"product_cat-aptus-passer-portapparat","7":"pa_brands-aptus","8":"tm-no-options","10":"first","11":"instock","12":"sale","13":"taxable","14":"shipping-taxable","15":"product-type-simple"},"acf":[],"_links":{"self":[{"href":"https:\/\/stonehouse.se\/en\/wp-json\/wp\/v2\/product\/91721","targetHints":{"allow":["GET"]}}],"collection":[{"href":"https:\/\/stonehouse.se\/en\/wp-json\/wp\/v2\/product"}],"about":[{"href":"https:\/\/stonehouse.se\/en\/wp-json\/wp\/v2\/types\/product"}],"wp:featuredmedia":[{"embeddable":true,"href":"https:\/\/stonehouse.se\/en\/wp-json\/wp\/v2\/media\/91720"}],"wp:attachment":[{"href":"https:\/\/stonehouse.se\/en\/wp-json\/wp\/v2\/media?parent=91721"}],"wp:term":[{"taxonomy":"product_brand","embeddable":true,"href":"https:\/\/stonehouse.se\/en\/wp-json\/wp\/v2\/product_brand?post=91721"},{"taxonomy":"product_cat","embeddable":true,"href":"https:\/\/stonehouse.se\/en\/wp-json\/wp\/v2\/product_cat?post=91721"},{"taxonomy":"product_tag","embeddable":true,"href":"https:\/\/stonehouse.se\/en\/wp-json\/wp\/v2\/product_tag?post=91721"}],"curies":[{"name":"wp","href":"https:\/\/api.w.org\/{rel}","templated":true}]}}