
{"id":91812,"date":"2025-05-27T11:36:26","date_gmt":"2025-05-27T09:36:26","guid":{"rendered":"https:\/\/stonehouse.se\/?post_type=product&#038;p=91812"},"modified":"2026-04-08T16:20:44","modified_gmt":"2026-04-08T14:20:44","slug":"kortskrivare-fargo-dtc1250e-med-ethernet-dubbelsidig","status":"publish","type":"product","link":"https:\/\/stonehouse.se\/en\/product\/kortskrivare-fargo-dtc1250e-med-ethernet-dubbelsidig\/","title":{"rendered":"Card Printer Fargo DTC1250e with Ethernet (Double-Sided)"},"content":{"rendered":"<p>Fargo DTC1250e \u00e4r en av de snabbaste plastkortskrivarna p\u00e5 marknaden. Den kan producera dubbelt s\u00e5 m\u00e5nga kort p\u00e5 samma tid som andra ledande konkurrenter. Dess kompakta design \u00e4r utm\u00e4rkt f\u00f6r olika kontorsmilj\u00f6er och kan integreras f\u00f6r att fungera med andra HID-produkter, vilket s\u00e4kerst\u00e4ller maximalt v\u00e4rde. Den grafiska displayen m\u00f6jligg\u00f6r effektiv drift och skrivaren kan uppgraderas till att inkludera en inbyggd iCLASS SE\u00ae-kodare, vilket m\u00f6jligg\u00f6r s\u00e4kra ID-kort i ett s\u00f6ml\u00f6st steg.<\/p>\n<p>Skriver ut 6 sek\/kort (K) eller 16 sek\/kort (YMCKO)<\/p>\n<p>Skriver ut till standard CR80- eller CR79-kortstorlek, inklusive PVC, PET och sj\u00e4lvh\u00e4ftande baksida<\/p>\n<ul>\n<li>Enkelsidiga och dubbelsidiga modeller tillg\u00e4ngliga<\/li>\n<li>Mifare-kodning tillg\u00e4nglig<\/li>\n<li>3 \u00e5rs tillverkargaranti f\u00f6r skrivare och skrivhuvud<\/li>\n<\/ul>\n<p><strong>Produktvikt<\/strong>: 7,00 kg<\/p>","protected":false},"excerpt":{"rendered":"<p>Fargo DTC1250e \u00e4r en av de snabbaste plastkortskrivarna p\u00e5 marknaden. Den kan producera dubbelt s\u00e5 m\u00e5nga kort p\u00e5 samma tid<\/p>","protected":false},"featured_media":91807,"template":"","meta":{"_acf_changed":false},"product_brand":[],"product_cat":[2653],"product_tag":[3726],"class_list":{"0":"post-91812","1":"product","2":"type-product","3":"status-publish","4":"has-post-thumbnail","6":"product_cat-fargo-kortskrivare","7":"product_tag-pf","8":"pa_brands-fargo","9":"tm-no-options","11":"first","12":"instock","13":"sale","14":"taxable","15":"shipping-taxable","16":"product-type-simple"},"acf":[],"_links":{"self":[{"href":"https:\/\/stonehouse.se\/en\/wp-json\/wp\/v2\/product\/91812","targetHints":{"allow":["GET"]}}],"collection":[{"href":"https:\/\/stonehouse.se\/en\/wp-json\/wp\/v2\/product"}],"about":[{"href":"https:\/\/stonehouse.se\/en\/wp-json\/wp\/v2\/types\/product"}],"wp:featuredmedia":[{"embeddable":true,"href":"https:\/\/stonehouse.se\/en\/wp-json\/wp\/v2\/media\/91807"}],"wp:attachment":[{"href":"https:\/\/stonehouse.se\/en\/wp-json\/wp\/v2\/media?parent=91812"}],"wp:term":[{"taxonomy":"product_brand","embeddable":true,"href":"https:\/\/stonehouse.se\/en\/wp-json\/wp\/v2\/product_brand?post=91812"},{"taxonomy":"product_cat","embeddable":true,"href":"https:\/\/stonehouse.se\/en\/wp-json\/wp\/v2\/product_cat?post=91812"},{"taxonomy":"product_tag","embeddable":true,"href":"https:\/\/stonehouse.se\/en\/wp-json\/wp\/v2\/product_tag?post=91812"}],"curies":[{"name":"wp","href":"https:\/\/api.w.org\/{rel}","templated":true}]}}