
{"id":91835,"date":"2025-05-28T14:28:41","date_gmt":"2025-05-28T12:28:41","guid":{"rendered":"https:\/\/stonehouse.se\/produkt\/692-500-proximity-cards-pack-of-10\/"},"modified":"2025-08-15T16:42:36","modified_gmt":"2025-08-15T14:42:36","slug":"692-500-proximity-cards-pack-of-10","status":"publish","type":"product","link":"https:\/\/stonehouse.se\/en\/product\/692-500-proximity-cards-pack-of-10\/","title":{"rendered":"692-500 Proximity Cards (Pack of 10)"},"content":{"rendered":"<p>Blanka vita n\u00e4rhets-ISO-kort &#8211; 10-pack<\/p>\n<p>692-500 n\u00e4rhetskort ger den perfekta s\u00e4kerhetsl\u00f6sningen som dina kunder s\u00f6ker. Varje kort \u00e4r individuellt kodat med ett unikt 8-siffrigt nummer, vilket garanterar f\u00f6rb\u00e4ttrad korts\u00e4kerhet och f\u00f6renklar utf\u00e4rdandeprocessen. Vi tillhandah\u00e5ller dessa kort i standardstorlek CR80 (kreditkort), med en ren blankvit finish som m\u00f6jligg\u00f6r enkel utskrift och anpassning enligt dina kunders preferenser.<\/p>\n<p><strong>Fr\u00e5gor om kompatibilitet?<\/strong><\/p>\n<p>V\u00e5rt engagerade team finns h\u00e4r f\u00f6r att hj\u00e4lpa dig. Kontakta oss f\u00f6r expertv\u00e4gledning.<\/p>\n<p>Tillverkad enligt ISO-standarder<br \/>\nBlankvit finish f\u00f6r enkel anpassning<br \/>\nCR80 kreditkortsstorlek<\/p>\n<p>Produktvikt:<br \/>\n0,07 kg<\/p>","protected":false},"excerpt":{"rendered":"<p>Blanka vita n\u00e4rhets-ISO-kort &#8211; 10-pack 692-500 n\u00e4rhetskort ger den perfekta s\u00e4kerhetsl\u00f6sningen som dina kunder s\u00f6ker. Varje kort \u00e4r individuellt kodat<\/p>","protected":false},"featured_media":91833,"template":"","meta":{"_acf_changed":false},"product_brand":[],"product_cat":[359],"product_tag":[3723],"class_list":{"0":"post-91835","1":"product","2":"type-product","3":"status-publish","4":"has-post-thumbnail","6":"product_cat-rfid-tag-original-fran-tillverkare","7":"product_tag-x","8":"product_shipping_class-postnord-varubrev","9":"tm-no-options","11":"first","12":"outofstock","13":"sale","14":"taxable","15":"shipping-taxable","16":"product-type-simple"},"acf":[],"_links":{"self":[{"href":"https:\/\/stonehouse.se\/en\/wp-json\/wp\/v2\/product\/91835","targetHints":{"allow":["GET"]}}],"collection":[{"href":"https:\/\/stonehouse.se\/en\/wp-json\/wp\/v2\/product"}],"about":[{"href":"https:\/\/stonehouse.se\/en\/wp-json\/wp\/v2\/types\/product"}],"wp:featuredmedia":[{"embeddable":true,"href":"https:\/\/stonehouse.se\/en\/wp-json\/wp\/v2\/media\/91833"}],"wp:attachment":[{"href":"https:\/\/stonehouse.se\/en\/wp-json\/wp\/v2\/media?parent=91835"}],"wp:term":[{"taxonomy":"product_brand","embeddable":true,"href":"https:\/\/stonehouse.se\/en\/wp-json\/wp\/v2\/product_brand?post=91835"},{"taxonomy":"product_cat","embeddable":true,"href":"https:\/\/stonehouse.se\/en\/wp-json\/wp\/v2\/product_cat?post=91835"},{"taxonomy":"product_tag","embeddable":true,"href":"https:\/\/stonehouse.se\/en\/wp-json\/wp\/v2\/product_tag?post=91835"}],"curies":[{"name":"wp","href":"https:\/\/api.w.org\/{rel}","templated":true}]}}