
{"id":92313,"date":"2023-09-27T18:03:44","date_gmt":"2023-09-27T16:03:44","guid":{"rendered":"https:\/\/stonehouse.se\/produkt\/motorlas-el595-med-kabel-ea227-3\/"},"modified":"2026-04-01T16:27:19","modified_gmt":"2026-04-01T14:27:19","slug":"motorlas-el595-med-kabel-ea227-3","status":"publish","type":"product","link":"https:\/\/stonehouse.se\/en\/product\/motorlas-el595-med-kabel-ea227-3\/","title":{"rendered":"Motorl\u00e5s EL595 med Kabel EA227"},"content":{"rendered":"<p>\nABLOY EL595 \u00e4r ett motorl\u00e5s med fallkolv. Det inneb\u00e4r en unik m\u00f6jlighet att kombinera krav p\u00e5 tillg\u00e4nglighet, brandskydd och utrymning. De robusta utrymningsbeslagen uppfyller kraven i SS-EN 179. D\u00f6rrar med denna l\u00e5styp \u00f6ppnas med d\u00f6rrautomatik eller med hj\u00e4lp av draghantag\/tryckplatta eller alternativt trycket. L\u00e5sen styrs av signal fr\u00e5n t. ex. ett passersystem. Fallkolven drivs till ol\u00e5st av den inbygga motorn. L\u00e5sning sker automatiskt\/mekaniskt oberoende av elkraft vilket s\u00e4kerst\u00e4ller anv\u00e4ndning i d\u00f6rrar i brandcell. EL595 har en fallkolv med springf\u00f6rregling vilket g\u00f6r att den l\u00e5ser ut till 20 mm. Om EL595 anv\u00e4nds i brandcellsgr\u00e4ns skall fallkolven st\u00e4llas i 14 mm l\u00e4ge. L\u00e5set inst\u00e4llt s\u00e5 att utrymningsbeslaget alltid \u00e4r inkopplat. Detta \u00e4r en f\u00f6ruts\u00e4ttning f\u00f6r SS-EN 179.<\/p>\n<p><b>Egenskaper:<\/b><br \/>\n<\/p>\n<ul>\n<li>Dorndjup 50 mm<\/li>\n<li>EL595 avviker p\u00e5 h\u00f6jdm\u00e5ttet mot connect och modul-serien, se ritning.<\/li>\n<li>St\u00e4llbar fallkolv, 14 mm eller 20 mm utspr\u00e5ng. I brandd\u00f6rrar anv\u00e4nds endast 14 mm l\u00e4get.\u00a0<\/li>\n<li>L\u00e5sen har inbyggd styrenenhet och f\u00f6ruts\u00e4tter permanent kraftf\u00f6rs\u00f6rjning till l\u00e5shuset.<\/li>\n<li>Ol\u00e5st-tiden \u00e4r 1,7 sekunder.<\/li>\n<li>Anslutningskabel EA 227 (10 m) ing\u00e5r.\n<\/li>\n<\/ul>\n<div>\n<div><b>Tekniska data EL595<\/b><\/div>\n<div>\n<ul>\n<li>Sp\u00e4nning: 12 (-10%) till 24 (+15%) V DC Stab<\/li>\n<li>Str\u00f6m: 12 V DC Max 1 700 mA Drift 600 mA (vid 50N listtryck) Vila 50 mA<\/li>\n<li>Str\u00f6m: 24 V DC Max 700 mA Drift 250 mA (vid 50 N listtryck) Vila 25 mA<\/li>\n<li>Indikeringar F\u00f6rreglad (L\u00e5st) Ol\u00e5s (\u00f6ppningsbar) Tryckets r\u00f6relse Vred eller cylinderr\u00f6relse (Tillval, se nedan)<\/li>\n<li>Mikrobrytare Max 30 V AC\/DC 100 mA resistiv last, 3<\/li>\n<li>Milj\u00f6krav -20 till + 60 &#8230; C 20-90% relativ luftfuktighet, ej kondenserande<\/li>\n<\/ul>\n<\/div>\n<\/div>","protected":false},"excerpt":{"rendered":"<p>ABLOY EL595 \u00e4r ett motorl\u00e5s med fallkolv. Det inneb\u00e4r en unik m\u00f6jlighet att kombinera krav p\u00e5 tillg\u00e4nglighet, brandskydd och utrymning.<\/p>","protected":false},"featured_media":89598,"template":"","meta":{"_acf_changed":false},"product_brand":[],"product_cat":[2320],"product_tag":[3374,3571,3667,3574,3568,3569,3670,3723],"class_list":{"0":"post-92313","1":"product","2":"type-product","3":"status-publish","4":"has-post-thumbnail","6":"product_cat-motorlas","7":"product_tag-3374","8":"product_tag-dorndjup-50mm","9":"product_tag-krypterad-kommunikation-nej","10":"product_tag-modul","11":"product_tag-nodutrymning-ja","12":"product_tag-panikutrymning-nej","13":"product_tag-spanning-dc","14":"product_tag-x","15":"product_shipping_class-tunga-paket","16":"pa_brands-abloy","17":"tm-no-options","19":"first","20":"outofstock","21":"sale","22":"taxable","23":"shipping-taxable","24":"product-type-simple"},"acf":[],"_links":{"self":[{"href":"https:\/\/stonehouse.se\/en\/wp-json\/wp\/v2\/product\/92313","targetHints":{"allow":["GET"]}}],"collection":[{"href":"https:\/\/stonehouse.se\/en\/wp-json\/wp\/v2\/product"}],"about":[{"href":"https:\/\/stonehouse.se\/en\/wp-json\/wp\/v2\/types\/product"}],"wp:featuredmedia":[{"embeddable":true,"href":"https:\/\/stonehouse.se\/en\/wp-json\/wp\/v2\/media\/89598"}],"wp:attachment":[{"href":"https:\/\/stonehouse.se\/en\/wp-json\/wp\/v2\/media?parent=92313"}],"wp:term":[{"taxonomy":"product_brand","embeddable":true,"href":"https:\/\/stonehouse.se\/en\/wp-json\/wp\/v2\/product_brand?post=92313"},{"taxonomy":"product_cat","embeddable":true,"href":"https:\/\/stonehouse.se\/en\/wp-json\/wp\/v2\/product_cat?post=92313"},{"taxonomy":"product_tag","embeddable":true,"href":"https:\/\/stonehouse.se\/en\/wp-json\/wp\/v2\/product_tag?post=92313"}],"curies":[{"name":"wp","href":"https:\/\/api.w.org\/{rel}","templated":true}]}}