
{"id":92315,"date":"2023-09-27T18:01:31","date_gmt":"2023-09-27T16:01:31","guid":{"rendered":"https:\/\/stonehouse.se\/produkt\/motorlas-841c-35-hi-o-halvsats-3\/"},"modified":"2026-04-01T16:27:21","modified_gmt":"2026-04-01T14:27:21","slug":"motorlas-841c-35-hi-o-halvsats-3","status":"publish","type":"product","link":"https:\/\/stonehouse.se\/en\/product\/motorlas-841c-35-hi-o-halvsats-3\/","title":{"rendered":"Motorl\u00e5s 841C-35 Hi-O Halvsats"},"content":{"rendered":"<p><b>Beskrivning:<br \/>\n<\/b><br \/>\nASSA ABLOY motorl\u00e5s 841C-35 \u00e4r anpassad f\u00f6r d\u00f6rrar med ASSA ABLOY modulurtag. Det passar bra som natt- och s\u00e4kerhets-l\u00e5sning i d\u00f6rrar med h\u00f6ga s\u00e4kerhetskrav inom handel, kontor och industri. Dagl\u00e5sta eller h\u00f6gfrekventa d\u00f6rrar b\u00f6r kompletteras med ett dagl\u00e5s t. ex. eltryckesl\u00e5s eller elslutbleck. Motorl\u00e5s 841C \u00e4r en Hi-O-enhet som ansluts till en DAC630 alternativt DAC530. Hi-O inneb\u00e4r att enheterna har en inbyggd mikrodator och kommunicerar med varandra f\u00f6r plug-and-playinstallation, synkronisering av d\u00f6rrdrift, \u00f6vervakning av beteenden och f\u00f6r att skicka diagnostisk information. Passande cylinderbeh\u00f6r\u00a0ASSA s\u00e4kerhetsbeh\u00f6r 4559 SCD Classic, samt vid behov \u00e5terfj\u00e4drande vredcylinder.<\/p>\n<div><\/div>\n<div><b>Egenskaper:<\/b><\/div>\n<div>\n<ul>\n<li>Dorndjup 35 mm.<\/li>\n<li>Certifierade enligt SSF3522-1093, klass 4<\/li>\n<li>\u00d6ppningshastighet under 1\/3 sekund.<\/li>\n<li>L\u00e5set kan alltid \u00f6ppnas med nyckel\/vred.<\/li>\n<li>Inbyggd d\u00f6rrl\u00e4gesgivare (magnet i slutbleck).<\/li>\n<li>Kan kombineras med andra Hi-O-enheter utan styrenhet, t. ex. dagl\u00e5s, d\u00f6rrautomatik och kortl\u00e4sare<\/li>\n<li>Motorl\u00e5s Temp &#8211; 20 \u00b0C &#8211; + 70 \u00b0C<\/li>\n<li>Passande styrenheten klarar tempratur +5 \u00b0C &#8211; +40 \u00b0C, 20 &#8211; 90 % relativ luftfuktighet, icke kondenserande<\/li>\n<\/ul>\n<p><b>Teknisk data:<\/b><\/p>\n<ul>\n<li>Driftsp\u00e4nning: 12-24 VDC stab -5%+15%<\/li>\n<li>Str\u00f6mf\u00f6rbrukning: Vila 50 mA Max 445 mA vid 24 VDC<\/li>\n<li>Certifierad enligt EN14846<\/li>\n<\/ul>\n<\/div>","protected":false},"excerpt":{"rendered":"<p>Beskrivning: ASSA ABLOY motorl\u00e5s 841C-35 \u00e4r anpassad f\u00f6r d\u00f6rrar med ASSA ABLOY modulurtag. Det passar bra som natt- och s\u00e4kerhets-l\u00e5sning<\/p>","protected":false},"featured_media":91351,"template":"","meta":{"_acf_changed":false},"product_brand":[],"product_cat":[2320],"product_tag":[3572,3570,3567,3568,3569,3575,3573,3723],"class_list":{"0":"post-92315","1":"product","2":"type-product","3":"status-publish","4":"has-post-thumbnail","6":"product_cat-motorlas","7":"product_tag-dorndjup-35mm","8":"product_tag-komplett-sats-ja","9":"product_tag-krypterad-kommunikation-ja","10":"product_tag-nodutrymning-ja","11":"product_tag-panikutrymning-nej","12":"product_tag-smalprofil","13":"product_tag-spanning-ac-dc","14":"product_tag-x","15":"product_shipping_class-tunga-paket","16":"pa_brands-abloy","17":"tm-no-options","19":"first","20":"onbackorder","21":"sale","22":"taxable","23":"shipping-taxable","24":"product-type-simple"},"acf":[],"_links":{"self":[{"href":"https:\/\/stonehouse.se\/en\/wp-json\/wp\/v2\/product\/92315","targetHints":{"allow":["GET"]}}],"collection":[{"href":"https:\/\/stonehouse.se\/en\/wp-json\/wp\/v2\/product"}],"about":[{"href":"https:\/\/stonehouse.se\/en\/wp-json\/wp\/v2\/types\/product"}],"wp:featuredmedia":[{"embeddable":true,"href":"https:\/\/stonehouse.se\/en\/wp-json\/wp\/v2\/media\/91351"}],"wp:attachment":[{"href":"https:\/\/stonehouse.se\/en\/wp-json\/wp\/v2\/media?parent=92315"}],"wp:term":[{"taxonomy":"product_brand","embeddable":true,"href":"https:\/\/stonehouse.se\/en\/wp-json\/wp\/v2\/product_brand?post=92315"},{"taxonomy":"product_cat","embeddable":true,"href":"https:\/\/stonehouse.se\/en\/wp-json\/wp\/v2\/product_cat?post=92315"},{"taxonomy":"product_tag","embeddable":true,"href":"https:\/\/stonehouse.se\/en\/wp-json\/wp\/v2\/product_tag?post=92315"}],"curies":[{"name":"wp","href":"https:\/\/api.w.org\/{rel}","templated":true}]}}