
{"id":92317,"date":"2023-09-27T17:58:37","date_gmt":"2023-09-27T15:58:37","guid":{"rendered":"https:\/\/stonehouse.se\/produkt\/eltryckeslas-813c-50-hi-o-arx-sats-3\/"},"modified":"2026-04-01T16:29:09","modified_gmt":"2026-04-01T14:29:09","slug":"eltryckeslas-813c-50-hi-o-arx-sats-3","status":"publish","type":"product","link":"https:\/\/stonehouse.se\/en\/product\/eltryckeslas-813c-50-hi-o-arx-sats-3\/","title":{"rendered":"Eltryckesl\u00e5s 813C-50 Hi-O ARX-SatsD\u00d6RRKL"},"content":{"rendered":"<p>\nASSA ABLOY 813C-50 Hi-O \u00e4r ett eltryckesl\u00e5s i Velox-serien, anpassade f\u00f6r h\u00f6gfrekventa d\u00f6rrar med ASSA modul- eller Connecturtag. Passar bra som dagl\u00e5sning och intern l\u00e5sning inom handel, kontor och industri eller i entr\u00e9er och allm\u00e4nna utrymmen i flerfamiljshus. 813C-50 \u00e4r ett digitalt l\u00e5s baserat p\u00e5 CAN-bus teknologi Hi-O. Hi-O inneb\u00e4r att enheterna har en inbyggd mikrodator och kommunicerar med varandra f\u00f6r plug-and-playinstallation, synkronisering av d\u00f6rrdrift, \u00f6vervakning av beteenden och f\u00f6r att skicka diagnostisk information. En Hi-O-enhet ska anslutas till en Hi-O-buss via DAC 530\/564, alternativt till ett analogt system via I\/O BOX 350. I\/O BOX 350 m\u00f6jligg\u00f6r en installation av ett digitalt Hi-O l\u00e5s till en analog rel\u00e4styrd anl\u00e4ggning.<\/p>\n<p><b>I satsf\u00f6rpackningen ing\u00e5r:<\/b><br \/>\n<br \/>\nEltryckesl\u00e5shus 813C-50, Anslutningskabel EA226 (10m), Magnet till Slutbleck 1487 samt 2 st. tryckespinnar 520H 43 mm.<br \/>\n<\/p>\n<div><b>Egenskaper:<\/b><\/div>\n<div>\n<ul>\n<li>Enkel funktion, elektrisk styrd in- och utsida (fixed spindle)\u00a0<\/li>\n<li>F\u00f6rreglad tryckesfall<\/li>\n<li>L\u00e5set kan alltid man\u00f6vreras med nyckel\/vred<\/li>\n<li>Godk\u00e4nt f\u00f6r montage i brandcellsgr\u00e4ns E\/EI 120<\/li>\n<li>Certifierat enligt SSF 3522-1093, klass 1.<\/li>\n<li>Multifunktionellt<\/li>\n<li>Enkelt omst\u00e4llbart r\u00e4ttv\u00e4nd\/omv\u00e4nd funktion<\/li>\n<li>V\u00e4ndbar fallkolv f\u00f6r h\u00f6ger- eller v\u00e4nsterh\u00e4ngd d\u00f6rr<\/li>\n<li>Multisp\u00e4nning 12-24V<\/li>\n<li>Statusindikering tillg\u00e4nglig p\u00e5 Hi-O-bussen och via rel\u00e4 p\u00e5 I\/O BOX 350 (se produktblad)<\/li>\n<\/ul>\n<\/div>\n<div><\/div>\n<div><b>Funktion:<\/b><\/p>\n<ul>\n<li>Trycket aktiveras med elektrisk styrning fr\u00e5n in- och utsidan, detta anv\u00e4nds sedan f\u00f6r att \u00f6ppna d\u00f6rren.<\/li>\n<li>Trycket p\u00e5 in- och utsidan aktiveras elektriskt via en signal fr\u00e5n Passersystem, kodl\u00e5s eller liknande, alternativ kopplas aktivering av insidan trycke till en \u00f6ppnarknapp.<\/li>\n<\/ul>\n<\/div>","protected":false},"excerpt":{"rendered":"<h5><a href=\"https:\/\/elslutblecksguiden.se\/\" target=\"_blank\" rel=\"noopener\">Guide for ASSA Electric locks, motor locks, Electric strike plates and replacement guide<\/a><\/h5>","protected":false},"featured_media":89638,"template":"","meta":{"_acf_changed":false},"product_brand":[],"product_cat":[2318],"product_tag":[2317,3723],"class_list":{"0":"post-92317","1":"product","2":"type-product","3":"status-publish","4":"has-post-thumbnail","6":"product_cat-ellas","7":"product_tag-rg-assa-abloy","8":"product_tag-x","9":"product_shipping_class-tunga-paket","10":"pa_brands-abloy","11":"tm-no-options","13":"first","14":"onbackorder","15":"sale","16":"taxable","17":"shipping-taxable","18":"product-type-simple"},"acf":[],"_links":{"self":[{"href":"https:\/\/stonehouse.se\/en\/wp-json\/wp\/v2\/product\/92317","targetHints":{"allow":["GET"]}}],"collection":[{"href":"https:\/\/stonehouse.se\/en\/wp-json\/wp\/v2\/product"}],"about":[{"href":"https:\/\/stonehouse.se\/en\/wp-json\/wp\/v2\/types\/product"}],"wp:featuredmedia":[{"embeddable":true,"href":"https:\/\/stonehouse.se\/en\/wp-json\/wp\/v2\/media\/89638"}],"wp:attachment":[{"href":"https:\/\/stonehouse.se\/en\/wp-json\/wp\/v2\/media?parent=92317"}],"wp:term":[{"taxonomy":"product_brand","embeddable":true,"href":"https:\/\/stonehouse.se\/en\/wp-json\/wp\/v2\/product_brand?post=92317"},{"taxonomy":"product_cat","embeddable":true,"href":"https:\/\/stonehouse.se\/en\/wp-json\/wp\/v2\/product_cat?post=92317"},{"taxonomy":"product_tag","embeddable":true,"href":"https:\/\/stonehouse.se\/en\/wp-json\/wp\/v2\/product_tag?post=92317"}],"curies":[{"name":"wp","href":"https:\/\/api.w.org\/{rel}","templated":true}]}}