
{"id":92323,"date":"2023-09-27T18:04:00","date_gmt":"2023-09-27T16:04:00","guid":{"rendered":"https:\/\/stonehouse.se\/produkt\/motorlas-841c-50-hi-o-sats-3\/"},"modified":"2026-04-01T16:27:16","modified_gmt":"2026-04-01T14:27:16","slug":"motorlas-841c-50-hi-o-sats-3","status":"publish","type":"product","link":"https:\/\/stonehouse.se\/en\/product\/motorlas-841c-50-hi-o-sats-3\/","title":{"rendered":"Motorl\u00e5s 841C-50 Hi-O Sats"},"content":{"rendered":"<p>\nASSA motorl\u00e5s 841C-50 \u00e4r anpassad f\u00f6r d\u00f6rrar med Assas modulurtag. Det passar bra som natt- och s\u00e4kerhets-l\u00e5sning i d\u00f6rrar med h\u00f6ga s\u00e4kerhetskrav inom handel, kontor och industri. Certifierad med N\u00f6dutrymningsbeslag 179I enligt europastandarden SS-EN 179:2008. Dagl\u00e5sta eller h\u00f6gfrekventa d\u00f6rrar b\u00f6r kompletteras med ett dagl\u00e5s t. ex. eltryckesl\u00e5s eller elslutbleck. 841C \u00e4r en Hi-O-enhet som anslut till en DAC630 alternativt DAC530. Hi-O inneb\u00e4r att enheterna har en inbyggd mikrodator och kommunicerar med varandra f\u00f6r plug-and-playinstallation, synkronisering av d\u00f6rrdrift, \u00f6vervakning av beteenden och f\u00f6r att skicka diagnostisk information.\u00a0\u00a0<\/p>\n<p><b>Tillberh\u00f6r som ing\u00e5r i satsf\u00f6rpackningen:<\/b><br \/>\n<\/p>\n<div>Motorl\u00e5s 841C-50, Styrenhet DAC630 Hi-O, Rel\u00e4kort 400RC64, Slutbleck 1487-2, Anslutningskabel EA226 (10m), Kabel\u00f6verf\u00f6ring EA281.<\/div>\n<div>\n<div><\/div>\n<div><b>Egenskaper:\u00a0\u00a0<\/b><\/p>\n<ul>\n<li>Dorndjup 50 mm.\u00a0\u00a0<\/li>\n<li>\u00d6ppningshastighet under 1\/3 sekund.\u00a0\u00a0<\/li>\n<li>Certifierad med N\u00f6dutrymningsbeslag 179I enligt europastandarden SS-EN 179:2008.<\/li>\n<li>L\u00e5set kan alltid \u00f6ppnas med nyckel\/vred.\u00a0\u00a0<\/li>\n<li>Inbyggd d\u00f6rrl\u00e4gesgivare (magnet i slutbleck).\u00a0 \u00a0<\/li>\n<li>Kan kombineras med andra Hi-O-enheter utan styrenhet, t. ex. dagl\u00e5s, d\u00f6rrautomatik och kortl\u00e4sare\u00a0<\/li>\n<li>Motorl\u00e5s Temp &#8211; 20 \u00b0C &#8211; + 70 \u00b0C\u00a0\u00a0<\/li>\n<li>Passande styrenheten klarar tempratur +5 \u00b0C &#8211; +40 \u00b0C, 20 &#8211; 90 % relativ luftfuktighet, icke kondenserande\u00a0<\/li>\n<li>Med anslutningskabel EA226 10 meter<\/li>\n<\/ul>\n<p><b>Styrenhet DAC630 Hi-O + Rel\u00e4kort 400RC64:<\/b><\/p>\n<ul>\n<li>Fungerar som gr\u00e4nssnitt mot omv\u00e4rlden, mot system ytan Hi-O-buss t.ex. passer- eller larmsystem<\/li>\n<li>Kommunicerar med motorl\u00e5set via Hi-O-buss<\/li>\n<li>Ger indikeringar till \u00f6verordnat system f\u00f6r att man\u00f6vrera motorl\u00e5set<\/li>\n<li>Aktiverar larmutg\u00e5ng vid funktionsst\u00f6rning<\/li>\n<li>Ansluts till sp\u00e4nningsmatning<\/li>\n<li>M\u00f6jligg\u00f6r komplettering med extern d\u00f6rrl\u00e4gesgivare (magnetkontakt)<\/li>\n<li>Styr \u00e4ven kompletterande (icke Hi-O) dagl\u00e5s, s\u00e5 att en komplett dag\/natt kombination bildas\n<\/li>\n<\/ul>\n<p><b>Teknisk data:\u00a0<\/b><\/p>\n<ul>\n<li>Driftsp\u00e4nning: 12-24 VDC stab -5%+15%\u00a0\u00a0<\/li>\n<li>Str\u00f6mf\u00f6rbrukning: Vila 50 mA Max 445 mA vid 24 VDC\u00a0\u00a0<\/li>\n<li>Certifierad enligt EN14846<\/li>\n<\/ul>\n<\/div>\n<\/div>","protected":false},"excerpt":{"rendered":"<p>ASSA motorl\u00e5s 841C-50 \u00e4r anpassad f\u00f6r d\u00f6rrar med Assas modulurtag. Det passar bra som natt- och s\u00e4kerhets-l\u00e5sning i d\u00f6rrar med<\/p>","protected":false},"featured_media":89576,"template":"","meta":{"_acf_changed":false},"product_brand":[],"product_cat":[2320],"product_tag":[3571,3570,3567,3574,3568,3569,3573,3723],"class_list":{"0":"post-92323","1":"product","2":"type-product","3":"status-publish","4":"has-post-thumbnail","6":"product_cat-motorlas","7":"product_tag-dorndjup-50mm","8":"product_tag-komplett-sats-ja","9":"product_tag-krypterad-kommunikation-ja","10":"product_tag-modul","11":"product_tag-nodutrymning-ja","12":"product_tag-panikutrymning-nej","13":"product_tag-spanning-ac-dc","14":"product_tag-x","15":"product_shipping_class-tunga-paket","16":"pa_brands-abloy","17":"tm-no-options","19":"first","20":"instock","21":"sale","22":"taxable","23":"shipping-taxable","24":"product-type-simple"},"acf":[],"_links":{"self":[{"href":"https:\/\/stonehouse.se\/en\/wp-json\/wp\/v2\/product\/92323","targetHints":{"allow":["GET"]}}],"collection":[{"href":"https:\/\/stonehouse.se\/en\/wp-json\/wp\/v2\/product"}],"about":[{"href":"https:\/\/stonehouse.se\/en\/wp-json\/wp\/v2\/types\/product"}],"wp:featuredmedia":[{"embeddable":true,"href":"https:\/\/stonehouse.se\/en\/wp-json\/wp\/v2\/media\/89576"}],"wp:attachment":[{"href":"https:\/\/stonehouse.se\/en\/wp-json\/wp\/v2\/media?parent=92323"}],"wp:term":[{"taxonomy":"product_brand","embeddable":true,"href":"https:\/\/stonehouse.se\/en\/wp-json\/wp\/v2\/product_brand?post=92323"},{"taxonomy":"product_cat","embeddable":true,"href":"https:\/\/stonehouse.se\/en\/wp-json\/wp\/v2\/product_cat?post=92323"},{"taxonomy":"product_tag","embeddable":true,"href":"https:\/\/stonehouse.se\/en\/wp-json\/wp\/v2\/product_tag?post=92323"}],"curies":[{"name":"wp","href":"https:\/\/api.w.org\/{rel}","templated":true}]}}