
{"id":92363,"date":"2025-08-01T12:06:37","date_gmt":"2025-08-01T10:06:37","guid":{"rendered":"https:\/\/stonehouse.se\/produkt\/tagg-mifare1k-classic-valfria-nummer-gra-plus\/"},"modified":"2026-04-09T15:42:38","modified_gmt":"2026-04-09T13:42:38","slug":"tagg-mifare1k-classic-uranus-plus-gra","status":"publish","type":"product","link":"https:\/\/stonehouse.se\/en\/product\/tagg-mifare1k-classic-uranus-plus-gra\/","title":{"rendered":"Tagg Mifare1k Classic\u00ae Uranus Plus Gr\u00e5"},"content":{"rendered":"<h1>Tagg Mifare1k Valfria nummer \u2013 Uranus Plus<\/h1>\n<h3>V\u00e5r \u201cUranus Plus\u201d \u00e4r en Tagg Mifare1k som \u00e4r skapad f\u00f6r att m\u00f6ta de mest kr\u00e4vande behoven inom s\u00e4kerhet och identifiering.<\/h3>\n<p>Med sin robusta konstruktion i ABS-material och h\u00e5rda profil p\u00e5 3,9 mm, erbjuder den en perfekt balans mellan h\u00e5llbarhet och elegans.<\/p>\n<p>Dess stilrena yta g\u00f6r den idealisk f\u00f6r att graveras med standardnummer eller inkludera din logotyp, antingen genom graverat eller f\u00e4rgat utf\u00f6rande.<\/p>\n<p>Oavsett om du beh\u00f6ver en p\u00e5litlig produkt f\u00f6r passersystem, bes\u00f6kssystem, Bokning, larm, billaddare, lagerhantering\u00a0 eller andra till\u00e4mpningar, s\u00e5 \u00e4r v\u00e5r \u201cUranus Plus\u201d det perfekta valet.<\/p>\n<p>Den finns i m\u00e5nga varianter och vi kan \u00e4ven tillverka den med ditt eget val av chip.<\/p>\n<p>Standard idag idag f\u00f6r passerbrickor \u00e4r: EM4200, Mifare1k, kombinationen av Mifare1k och EM4200, Mifare4k, kombinationen av Mifare4k och EM4200,<\/p>\n<p>samt DESFire, kan du skr\u00e4ddarsy din l\u00f6sning f\u00f6r att passa dina specifika behov.<\/p>\n<p>Vi f\u00f6rst\u00e5r vikten av att leverera h\u00f6gkvalitativa RFID-Taggar som uppfyller dagens krav och f\u00f6rv\u00e4ntningar.<\/p>\n<p>D\u00e4rf\u00f6r str\u00e4var vi efter att erbjuda den b\u00e4sta tekniken och kompatibiliteten f\u00f6r att f\u00f6rb\u00e4ttra s\u00e4kerheten och effektiviteten i dina system.<\/p>\n<h3><strong>Anpassad f\u00f6r unika projekt- tagg Mifare1k<\/strong><\/h3>\n<p>F\u00f6rdelarna med v\u00e5ra RFID taggs inkluderar kompatibilitet med olika system\/tekniker samt m\u00f6jligheten att skr\u00e4ddarsy Taggarna f\u00f6r att passa unika projekt.<\/p>\n<p>Vi kan programmera och integrera olika chip f\u00f6r att m\u00f6ta specifika applikationskrav och skapa anpassade l\u00f6sningar.<\/p>\n<p>Kontakta oss idag f\u00f6r att diskutera dina projektid\u00e9er och f\u00e5 en skr\u00e4ddarsydd RFID-Taggl\u00f6sning f\u00f6r dina behov.<\/p>\n<h5><strong>Snabb leverans och alltid lagerf\u00f6rd- tagg Mifare1k<\/strong><\/h5>\n<p>\u201cUranus Plus\u201d RFID nyckelbricka finns alltid i lager med \u00f6ver 30 000 enheter i 6 f\u00e4rger (R\u00f6d, Bl\u00e5, Vit, Svart, Gr\u00f6n, Gul, Gr\u00e5) och med olika chip.<\/p>\n<p>Med hj\u00e4lp av v\u00e5ra lasermaskiner och programvaror kan du v\u00e4lja logo &amp; unika nummer f\u00f6r gravering med leverans inom 1-3 dagar.<\/p>\n<h3>Som alltid fr\u00e5n oss, originalchip fr\u00e5n<a href=\"https:\/\/www.nxp.com\/\" target=\"_blank\" rel=\"noopener\">\u00a0NXP<\/a>\u00a0och\u00a0<a href=\"https:\/\/www.emmicroelectronic.com\/\" target=\"_blank\" rel=\"noopener\">EM Microelectronic.<\/a><\/h3>\n<p><strong>Passar till allt och alla!<\/strong><\/p>\n<ul>\n<li>Access control system<\/li>\n<li>Bes\u00f6kssystem<\/li>\n<li>Bokning<\/li>\n<li>Larm och s\u00e4kerhetssystem<\/li>\n<\/ul>\n<p><strong>F\u00f6rdelar med \u201cUranus Plus\u201d RFID Taggar:<\/strong><\/p>\n<ul>\n<li>Robust konstruktion i ABS-material<\/li>\n<li>H\u00e5rd profil p\u00e5 3,9 mm<\/li>\n<li>M\u00f6jlighet att gravera standardnummer eller inkludera logotyp<\/li>\n<li>Stort utbud av chipvarianter f\u00f6r att passa olika behov och alltid lagerf\u00f6rd.<\/li>\n<\/ul>\n<p><b>\u00a0<\/b><\/p>","protected":false},"excerpt":{"rendered":"<p>V\u00e5r klassiska RFID tag &#8220;Uranus Plus&#8221; &#8211; den perfekta l\u00f6sningen f\u00f6r s\u00e4kerhets- och identifieringssystem. Mifare1k chip klara f\u00f6r gravyr eller f\u00e4rglogo. Taggen har \u00e4r utf\u00f6rd i ett h\u00e5rt 3,9 mm tjock ABS material med en elegant yta som passar \u00f6verallt.<\/p>","protected":false},"featured_media":95095,"template":"","meta":{"_acf_changed":false},"product_brand":[],"product_cat":[1448,3543,1528],"product_tag":[1284,1767,1764,3403,1287,2304],"class_list":{"0":"post-92363","1":"product","2":"type-product","3":"status-publish","4":"has-post-thumbnail","6":"product_cat-rfid-tagg-plus","7":"product_cat-alla-taggar-i-butiken","8":"product_cat-rfid-taggar-nyckelbrickor","9":"product_tag-ej-lagerfraga","10":"product_tag-mifare-standard-blank-alpha","11":"product_tag-mifare-standard-blank-dtc","12":"product_tag-nxp","13":"product_tag-rfid-500","14":"product_tag-stonehouse-produkt","15":"product_shipping_class-postnord-varubrev","16":"pa_brands-stonehouse-security","17":"pa_chip-teknik-mifare1k","18":"pa_farg-gra","19":"pa_pro-larmsystem-aptus","20":"pa_pro-larmsystem-assa-abs-pro-system","21":"pa_pro-larmsystem-axema","22":"pa_pro-larmsystem-axema-vaka","23":"pa_pro-larmsystem-blank-inga-nummer","24":"pa_pro-larmsystem-cdvi","25":"pa_pro-larmsystem-decimala-nummer","26":"pa_pro-larmsystem-enstaka-siffror-valfria","27":"pa_pro-larmsystem-hexadecimal-nummer","28":"pa_pro-larmsystem-lopnummer-valfria","29":"pa_pro-larmsystem-paxton","30":"pa_pro-larmsystem-rco-abs-pro-system","31":"pa_pro-larmsystem-tidomat","32":"pa_pro-larmsystem-vanderbilt-bewator-entro-8-siffror","33":"pa_pro-larmsystem-vanderbilt-bewator-omnis-bewator-2010-13-siffror","34":"tm-no-options","36":"first","37":"instock","38":"sale","39":"featured","40":"taxable","41":"shipping-taxable","42":"product-type-simple"},"acf":[],"_links":{"self":[{"href":"https:\/\/stonehouse.se\/en\/wp-json\/wp\/v2\/product\/92363","targetHints":{"allow":["GET"]}}],"collection":[{"href":"https:\/\/stonehouse.se\/en\/wp-json\/wp\/v2\/product"}],"about":[{"href":"https:\/\/stonehouse.se\/en\/wp-json\/wp\/v2\/types\/product"}],"wp:featuredmedia":[{"embeddable":true,"href":"https:\/\/stonehouse.se\/en\/wp-json\/wp\/v2\/media\/95095"}],"wp:attachment":[{"href":"https:\/\/stonehouse.se\/en\/wp-json\/wp\/v2\/media?parent=92363"}],"wp:term":[{"taxonomy":"product_brand","embeddable":true,"href":"https:\/\/stonehouse.se\/en\/wp-json\/wp\/v2\/product_brand?post=92363"},{"taxonomy":"product_cat","embeddable":true,"href":"https:\/\/stonehouse.se\/en\/wp-json\/wp\/v2\/product_cat?post=92363"},{"taxonomy":"product_tag","embeddable":true,"href":"https:\/\/stonehouse.se\/en\/wp-json\/wp\/v2\/product_tag?post=92363"}],"curies":[{"name":"wp","href":"https:\/\/api.w.org\/{rel}","templated":true}]}}