
{"id":92887,"date":"2025-08-21T13:02:47","date_gmt":"2025-08-21T11:02:47","guid":{"rendered":"https:\/\/stonehouse.se\/produkt\/cr17450-30v-2400-mah-batteri-litiumbatteri\/"},"modified":"2026-04-07T15:04:39","modified_gmt":"2026-04-07T13:04:39","slug":"cr17450-30v-2400-mah-batteri-litiumbatteri","status":"publish","type":"product","link":"https:\/\/stonehouse.se\/en\/product\/cr17450-30v-2400-mah-batteri-litiumbatteri\/","title":{"rendered":"CR17450 3,0V 2400 mAh Batteri &#8211; Litiumbatteri"},"content":{"rendered":"<h1>CR17450 Batteri \u2013 L\u00e5ngvarig och P\u00e5litlig Energi<\/h1>\n<p>CR17450 \u00e4r det perfekta batteri-valet f\u00f6r anv\u00e4ndare som s\u00f6ker h\u00f6gpresterande och l\u00e5ngvarig energi.<\/p>\n<p>Med en kapacitet p\u00e5 2400mAh och en sp\u00e4nning p\u00e5 3V levererar detta litiumbatteri kraft som h\u00e5ller.<\/p>\n<p>Passar bland annat i s\u00e4kerhetsprodukter som PowerG PG8944 och Visonic PG2 PIR Outdoor Tower Cam, d\u00e4r tv\u00e5 batterier kr\u00e4vs f\u00f6r att driva detektorerna. Men beh\u00f6vs \u00e4ven till flera produkter.<\/p>\n<p>Batteriets m\u00e5ngsidighet g\u00f6r det \u00e4ven l\u00e4mpligt f\u00f6r golvv\u00e4rmestyrning, inklusive Danfoss-system och m\u00e4tstationer, vilket g\u00f6r det till en p\u00e5litlig l\u00f6sning f\u00f6r b\u00e5de hem och kommersiella till\u00e4mpningar.<\/p>\n<h4>F\u00f6rdelar:<\/h4>\n<ul>\n<li><strong>H\u00f6g Kapacitet<\/strong>: 2400mAh f\u00f6r l\u00e4ngre driftstid.<\/li>\n<li><strong>Stabil Prestanda<\/strong>: Litiumteknologi s\u00e4kerst\u00e4ller p\u00e5litlig kraft.<\/li>\n<li><strong>M\u00e5ngsidighet<\/strong>: Passar b\u00e5de s\u00e4kerhetssystem och v\u00e4rmestyrning.<\/li>\n<li><strong>Kompabilitet<\/strong>: Fungerar med PowerG PG8944, Visonic PG2 PIR och Danfoss-system.<\/li>\n<\/ul>\n<p>Med sitt breda anv\u00e4ndningsomr\u00e5de och robusta prestanda \u00e4r CR17450 det idealiska valet f\u00f6r applikationer som kr\u00e4ver p\u00e5litlig och l\u00e5ngvarig energi.<\/p>","protected":false},"excerpt":{"rendered":"<p>CR17450 \u00e4r ett h\u00f6gpresterande litiumbatteri p\u00e5 3,0 V med en kapacitet p\u00e5 2400 mAh. Producerat utav v\u00e4lk\u00e4nda PK Cell<\/p>\n<p>Det anv\u00e4nds i bland annat s\u00e4kerhetsprodukter men ocks\u00e5 mycket annat.<\/p>\n<p>Batteriet levereras styckevis och \u00e4r \u00e4ven l\u00e4mpligt f\u00f6r golvv\u00e4rmestyrning i Danfoss-system, m\u00e4tstationer, n\u00f6dljus med mera.<\/p>","protected":false},"featured_media":93838,"template":"","meta":{"_acf_changed":false},"product_brand":[],"product_cat":[1832],"product_tag":[2781,1682,1748],"class_list":{"0":"post-92887","1":"product","2":"type-product","3":"status-publish","4":"has-post-thumbnail","6":"product_cat-batterier-knappcell-kabel-installation","7":"product_tag-dsc-neo-svensk-manual","8":"product_tag-neo-ovriga-tillbehor","9":"product_tag-rel-batteri","10":"product_shipping_class-postnord-varubrev","11":"pa_brands-pk-cell","12":"tm-no-options","14":"first","15":"instock","16":"sale","17":"taxable","18":"shipping-taxable","19":"product-type-simple"},"acf":[],"_links":{"self":[{"href":"https:\/\/stonehouse.se\/en\/wp-json\/wp\/v2\/product\/92887","targetHints":{"allow":["GET"]}}],"collection":[{"href":"https:\/\/stonehouse.se\/en\/wp-json\/wp\/v2\/product"}],"about":[{"href":"https:\/\/stonehouse.se\/en\/wp-json\/wp\/v2\/types\/product"}],"wp:featuredmedia":[{"embeddable":true,"href":"https:\/\/stonehouse.se\/en\/wp-json\/wp\/v2\/media\/93838"}],"wp:attachment":[{"href":"https:\/\/stonehouse.se\/en\/wp-json\/wp\/v2\/media?parent=92887"}],"wp:term":[{"taxonomy":"product_brand","embeddable":true,"href":"https:\/\/stonehouse.se\/en\/wp-json\/wp\/v2\/product_brand?post=92887"},{"taxonomy":"product_cat","embeddable":true,"href":"https:\/\/stonehouse.se\/en\/wp-json\/wp\/v2\/product_cat?post=92887"},{"taxonomy":"product_tag","embeddable":true,"href":"https:\/\/stonehouse.se\/en\/wp-json\/wp\/v2\/product_tag?post=92887"}],"curies":[{"name":"wp","href":"https:\/\/api.w.org\/{rel}","templated":true}]}}