
{"id":93551,"date":"2025-09-22T12:46:45","date_gmt":"2025-09-22T10:46:45","guid":{"rendered":"https:\/\/stonehouse.se\/produkt\/rela-24v-4-kanals-med-hog-lag-nivastyrning\/"},"modified":"2026-04-01T16:17:44","modified_gmt":"2026-04-01T14:17:44","slug":"rela-24v-4-kanals-med-hog-lag-nivastyrning","status":"publish","type":"product","link":"https:\/\/stonehouse.se\/en\/product\/rela-24v-4-kanals-med-hog-lag-nivastyrning\/","title":{"rendered":"Rel\u00e4 24V 4-kanals med h\u00f6g\/l\u00e5g niv\u00e5styrning"},"content":{"rendered":"<h1>Rel\u00e4 24V 4-kanals med h\u00f6g\/l\u00e5g niv\u00e5styrning<\/h1>\n<p><span style=\"text-decoration: underline\"><strong>Perfectly suited for alarm and telecommunication installations.<\/strong><\/span><\/p>\n<ol data-start=\"579\" data-end=\"1159\">\n<li data-start=\"579\" data-end=\"686\">\n<p data-start=\"582\" data-end=\"615\">Utrustad med \u00e4kta kvalitetsrel\u00e4<\/p>\n<ul data-start=\"619\" data-end=\"686\">\n<li data-start=\"619\" data-end=\"686\">\n<p data-start=\"621\" data-end=\"686\">Max belastning: AC 250V\/10A, DC 30V\/10A (normalt \u00f6ppen kontakt)<\/p>\n<\/li>\n<\/ul>\n<\/li>\n<li data-start=\"687\" data-end=\"788\">\n<p data-start=\"690\" data-end=\"757\">Dubbel optokopplarisolering f\u00f6r h\u00f6g s\u00e4kerhet och stabil prestanda<\/p>\n<ul data-start=\"761\" data-end=\"788\">\n<li data-start=\"761\" data-end=\"788\">\n<p data-start=\"763\" data-end=\"788\">Triggstr\u00f6m: endast 5 mA<\/p>\n<\/li>\n<\/ul>\n<\/li>\n<li data-start=\"789\" data-end=\"812\">\n<p data-start=\"792\" data-end=\"812\">Arbetssp\u00e4nning: 24V<\/p>\n<\/li>\n<li data-start=\"813\" data-end=\"897\">\n<p data-start=\"816\" data-end=\"897\">Varje kanal kan konfigureras f\u00f6r att triggas av h\u00f6g eller l\u00e5g niv\u00e5 (via jumper)<\/p>\n<\/li>\n<li data-start=\"898\" data-end=\"979\">\n<p data-start=\"901\" data-end=\"979\">Feltolerant design \u2013 om styrledningen bryts aktiveras inte rel\u00e4et av misstag<\/p>\n<\/li>\n<li data-start=\"980\" data-end=\"1073\">\n<p data-start=\"983\" data-end=\"1001\">LED-indikatorer:<\/p>\n<ul data-start=\"1005\" data-end=\"1073\">\n<li data-start=\"1005\" data-end=\"1029\">\n<p data-start=\"1007\" data-end=\"1029\">Gr\u00f6n: str\u00f6mindikator<\/p>\n<\/li>\n<li data-start=\"1033\" data-end=\"1073\">\n<p data-start=\"1035\" data-end=\"1073\">R\u00f6d: rel\u00e4status f\u00f6r respektive kanal<\/p>\n<\/li>\n<\/ul>\n<\/li>\n<li data-start=\"1074\" data-end=\"1159\">\n<p data-start=\"1077\" data-end=\"1159\">Anv\u00e4ndarv\u00e4nlig layout \u2013 alla anslutningar \u00e4r tillg\u00e4ngliga via tydliga skruvplintar<\/p>\n<\/li>\n<\/ol>\n<p data-start=\"1161\" data-end=\"1172\"><strong>Gr\u00e4nssnitt:<\/strong><\/p>\n<p data-start=\"1174\" data-end=\"1192\">Str\u00f6manslutning:<\/p>\n<ul data-start=\"1193\" data-end=\"1291\">\n<li data-start=\"1193\" data-end=\"1242\">\n<p data-start=\"1195\" data-end=\"1242\">DC+: Ansluts till sp\u00e4nningsmatningens pluspol<\/p>\n<\/li>\n<li data-start=\"1243\" data-end=\"1291\">\n<p data-start=\"1245\" data-end=\"1291\">DC-: Ansluts till sp\u00e4nningsmatningens minuspol<\/p>\n<\/li>\n<\/ul>\n<p data-start=\"1293\" data-end=\"1308\"><strong>Styrsignaler:<\/strong><\/p>\n<ul data-start=\"1309\" data-end=\"1384\">\n<li data-start=\"1309\" data-end=\"1384\">\n<p data-start=\"1311\" data-end=\"1384\">IN1, IN2: Styr respektive rel\u00e4 beroende p\u00e5 inst\u00e4lld triggerniv\u00e5 (h\u00f6g\/l\u00e5g)<\/p>\n<\/li>\n<\/ul>\n<p data-start=\"1386\" data-end=\"1399\"><strong>Rel\u00e4utg\u00e5ng:<\/strong><\/p>\n<ul data-start=\"1400\" data-end=\"1621\">\n<li data-start=\"1400\" data-end=\"1493\">\n<p data-start=\"1402\" data-end=\"1493\">NO1, NO2 (Normally Open): Normalt \u00f6ppen kontakt \u2013 \u00f6ppen i vilol\u00e4ge, sluten vid aktivering<\/p>\n<\/li>\n<li data-start=\"1494\" data-end=\"1526\">\n<p data-start=\"1496\" data-end=\"1526\">COM1, COM2: Gemensam kontakt<\/p>\n<\/li>\n<li data-start=\"1527\" data-end=\"1621\">\n<p data-start=\"1529\" data-end=\"1621\">NC1, NC2 (Normally Closed): Normalt sluten kontakt \u2013 sluten i vilol\u00e4ge, \u00f6ppen vid aktivering<\/p>\n<\/li>\n<\/ul>\n<p data-start=\"1623\" data-end=\"1644\"><strong>Val av triggerniv\u00e5:<\/strong><\/p>\n<ul data-start=\"1645\" data-end=\"1813\">\n<li data-start=\"1645\" data-end=\"1698\">\n<p data-start=\"1647\" data-end=\"1698\">S1, S2: Jumperval f\u00f6r triggerniv\u00e5 p\u00e5 rel\u00e4 1 och 2<\/p>\n<\/li>\n<li data-start=\"1699\" data-end=\"1762\">\n<p data-start=\"1701\" data-end=\"1762\">Om COM p\u00e5 jumpern kopplas till l\u00e5g niv\u00e5 \u2192 l\u00e5g-niv\u00e5triggning<\/p>\n<\/li>\n<li data-start=\"1763\" data-end=\"1813\">\n<p data-start=\"1765\" data-end=\"1813\">Om COM kopplas till h\u00f6g niv\u00e5 \u2192 h\u00f6g-niv\u00e5triggning<\/p>\n<\/li>\n<\/ul>\n<p><strong>M\u00e5tt<\/strong>: 7,5cm x 5cm<\/p>","protected":false},"excerpt":{"rendered":"<p>Kompakt 2-kanals rel\u00e4modul med <strong>24V driftsp\u00e4nning<\/strong>, st\u00f6d f\u00f6r h\u00f6g- och l\u00e5g-niv\u00e5triggning samt dubbel optokopplarisolering f\u00f6r stabil och s\u00e4ker styrning.<\/p>\n<p>Equipped with LED indicators and user-friendly screw terminals for easy installation.<\/p>\n<p>Perfectly suited for alarm and telecommunication installations.<\/p>\n<p><strong>M\u00e5tt<\/strong>: 7,5cm x 5cm<\/p>","protected":false},"featured_media":93548,"template":"","meta":{"_acf_changed":false},"product_brand":[],"product_cat":[1830,3700,3411],"product_tag":[],"class_list":{"0":"post-93551","1":"product","2":"type-product","3":"status-publish","4":"has-post-thumbnail","6":"product_cat-relakort-elektronik","7":"product_cat-nya-produkter","8":"product_cat-rela-24v","9":"product_shipping_class-postnord-varubrev","10":"pa_brands-stonehouse-security","11":"tm-no-options","13":"first","14":"instock","15":"sale","16":"taxable","17":"shipping-taxable","18":"product-type-simple"},"acf":[],"_links":{"self":[{"href":"https:\/\/stonehouse.se\/en\/wp-json\/wp\/v2\/product\/93551","targetHints":{"allow":["GET"]}}],"collection":[{"href":"https:\/\/stonehouse.se\/en\/wp-json\/wp\/v2\/product"}],"about":[{"href":"https:\/\/stonehouse.se\/en\/wp-json\/wp\/v2\/types\/product"}],"wp:featuredmedia":[{"embeddable":true,"href":"https:\/\/stonehouse.se\/en\/wp-json\/wp\/v2\/media\/93548"}],"wp:attachment":[{"href":"https:\/\/stonehouse.se\/en\/wp-json\/wp\/v2\/media?parent=93551"}],"wp:term":[{"taxonomy":"product_brand","embeddable":true,"href":"https:\/\/stonehouse.se\/en\/wp-json\/wp\/v2\/product_brand?post=93551"},{"taxonomy":"product_cat","embeddable":true,"href":"https:\/\/stonehouse.se\/en\/wp-json\/wp\/v2\/product_cat?post=93551"},{"taxonomy":"product_tag","embeddable":true,"href":"https:\/\/stonehouse.se\/en\/wp-json\/wp\/v2\/product_tag?post=93551"}],"curies":[{"name":"wp","href":"https:\/\/api.w.org\/{rel}","templated":true}]}}