
{"id":93616,"date":"2025-09-22T13:21:16","date_gmt":"2025-09-22T11:21:16","guid":{"rendered":"https:\/\/stonehouse.se\/produkt\/siren-spp-110-hog-ljudstyrka-for-bil-larm-eller-sakerhetssystem\/"},"modified":"2026-03-12T14:56:38","modified_gmt":"2026-03-12T13:56:38","slug":"siren-spp-110-hog-ljudstyrka-for-bil-larm-eller-sakerhetssystem","status":"publish","type":"product","link":"https:\/\/stonehouse.se\/en\/product\/siren-spp-110-hog-ljudstyrka-for-bil-larm-eller-sakerhetssystem\/","title":{"rendered":"Siren SPP-110 \u2013 H\u00f6g ljudstyrka larm &#038; s\u00e4kerhetssystem"},"content":{"rendered":"<h1>Siren SPP-110 \u2013 H\u00f6g ljudstyrka f\u00f6r bil, larm eller s\u00e4kerhetssystem<\/h1>\n<p data-start=\"178\" data-end=\"424\">Siren SPP-110 anv\u00e4nds f\u00f6r att ljudm\u00e4ssigt signalera larm.<\/p>\n<p data-start=\"178\" data-end=\"424\">Enheten \u00e4r utformad f\u00f6r att arbeta tillsammans med brandlarmscentraler, inklusive b\u00e5de konventionella modeller (CSP-104, CSP-108, CSP-204, CSP-208) och den adresserbara centralen ACSP-402.<\/p>\n<h4 data-start=\"426\" data-end=\"446\"><strong data-start=\"431\" data-end=\"446\">Funktioner:<\/strong><\/h4>\n<ul data-start=\"447\" data-end=\"624\">\n<li data-start=\"447\" data-end=\"506\">\n<p data-start=\"449\" data-end=\"506\">Akustisk signal genereras med piezoelektrisk omvandlare<\/p>\n<\/li>\n<li data-start=\"507\" data-end=\"540\">\n<p data-start=\"509\" data-end=\"540\">Val mellan 32 olika ljudtyper<\/p>\n<\/li>\n<li data-start=\"541\" data-end=\"564\">\n<p data-start=\"543\" data-end=\"564\">Justerbar ljudvolym<\/p>\n<\/li>\n<li data-start=\"565\" data-end=\"624\">\n<p data-start=\"567\" data-end=\"624\">Finns i r\u00f6d version (SPP-110) och vit version (SPP-110-W)<\/p>\n<\/li>\n<\/ul>\n<h4 data-start=\"626\" data-end=\"660\"><strong data-start=\"631\" data-end=\"660\">Tekniska specifikationer:<\/strong><\/h4>\n<ul data-start=\"661\" data-end=\"932\">\n<li data-start=\"661\" data-end=\"694\">\n<p data-start=\"663\" data-end=\"694\"><strong data-start=\"663\" data-end=\"681\">Driftsp\u00e4nning:<\/strong> 18\u201328 V DC<\/p>\n<\/li>\n<li data-start=\"695\" data-end=\"737\">\n<p data-start=\"697\" data-end=\"737\"><strong data-start=\"697\" data-end=\"729\">Str\u00f6mf\u00f6rbrukning i larml\u00e4ge:<\/strong> 15 mA<\/p>\n<\/li>\n<li data-start=\"738\" data-end=\"782\">\n<p data-start=\"740\" data-end=\"782\"><strong data-start=\"740\" data-end=\"761\">Arbetstemperatur:<\/strong> -10\u202f\u00b0C till +55\u202f\u00b0C<\/p>\n<\/li>\n<li data-start=\"783\" data-end=\"833\">\n<p data-start=\"785\" data-end=\"833\"><strong data-start=\"785\" data-end=\"811\">Maximal luftfuktighet:<\/strong> 95 % (utan kondens)<\/p>\n<\/li>\n<li data-start=\"834\" data-end=\"860\">\n<p data-start=\"836\" data-end=\"860\"><strong data-start=\"836\" data-end=\"852\">Skyddsklass:<\/strong> IP21C<\/p>\n<\/li>\n<li data-start=\"861\" data-end=\"882\">\n<p data-start=\"863\" data-end=\"882\"><strong data-start=\"863\" data-end=\"878\">Milj\u00f6klass:<\/strong> A<\/p>\n<\/li>\n<li data-start=\"883\" data-end=\"914\">\n<p data-start=\"885\" data-end=\"914\"><strong data-start=\"885\" data-end=\"894\">M\u00e5tt:<\/strong> 108 \u00d7 108 \u00d7 87 mm<\/p>\n<\/li>\n<li data-start=\"915\" data-end=\"932\">\n<p data-start=\"917\" data-end=\"932\"><strong data-start=\"917\" data-end=\"926\">Vikt:<\/strong> 225 g<\/p>\n<\/li>\n<\/ul>\n<p>&nbsp;<\/p>","protected":false},"excerpt":{"rendered":"<p>Siren SPP-110 \u00e4r en piezoelektrisk larmsiren f\u00f6r brandlarmsystem, med 32 ljudtyper, justerbar volym och l\u00e5g str\u00f6mf\u00f6rbrukning.<\/p>\n<p>Passar b\u00e5de konventionella och adresserbara centraler.<\/p>","protected":false},"featured_media":93614,"template":"","meta":{"_acf_changed":false},"product_brand":[],"product_cat":[588,3802,482,3700],"product_tag":[2308,1602,1751,1749],"class_list":{"0":"post-93616","1":"product","2":"type-product","3":"status-publish","4":"has-post-thumbnail","6":"product_cat-sirener-brand","7":"product_cat-kombisiren-blixt-brand","8":"product_cat-larmdon-blixtljus","9":"product_cat-nya-produkter","10":"product_tag-certifierad-en54","11":"product_tag-larmdon-brand-rod","12":"product_tag-rel-brand","13":"product_tag-rel-larmdonblixt","14":"product_shipping_class-postnord-varubrev","15":"pa_brands-satel","16":"tm-no-options","18":"first","19":"instock","20":"sale","21":"featured","22":"taxable","23":"shipping-taxable","24":"product-type-simple"},"acf":[],"_links":{"self":[{"href":"https:\/\/stonehouse.se\/en\/wp-json\/wp\/v2\/product\/93616","targetHints":{"allow":["GET"]}}],"collection":[{"href":"https:\/\/stonehouse.se\/en\/wp-json\/wp\/v2\/product"}],"about":[{"href":"https:\/\/stonehouse.se\/en\/wp-json\/wp\/v2\/types\/product"}],"wp:featuredmedia":[{"embeddable":true,"href":"https:\/\/stonehouse.se\/en\/wp-json\/wp\/v2\/media\/93614"}],"wp:attachment":[{"href":"https:\/\/stonehouse.se\/en\/wp-json\/wp\/v2\/media?parent=93616"}],"wp:term":[{"taxonomy":"product_brand","embeddable":true,"href":"https:\/\/stonehouse.se\/en\/wp-json\/wp\/v2\/product_brand?post=93616"},{"taxonomy":"product_cat","embeddable":true,"href":"https:\/\/stonehouse.se\/en\/wp-json\/wp\/v2\/product_cat?post=93616"},{"taxonomy":"product_tag","embeddable":true,"href":"https:\/\/stonehouse.se\/en\/wp-json\/wp\/v2\/product_tag?post=93616"}],"curies":[{"name":"wp","href":"https:\/\/api.w.org\/{rel}","templated":true}]}}