
{"id":93623,"date":"2025-09-25T12:34:26","date_gmt":"2025-09-25T10:34:26","guid":{"rendered":"https:\/\/stonehouse.se\/produkt\/reservdel-psu-stromforsorjningsdel-220vac-psu-for-gamla-hub-hub-plus\/"},"modified":"2026-03-26T10:36:06","modified_gmt":"2026-03-26T09:36:06","slug":"reservdel-psu-stromforsorjningsdel-220vac-psu-for-gamla-hub-hub-plus","status":"publish","type":"product","link":"https:\/\/stonehouse.se\/en\/product\/reservdel-psu-stromforsorjningsdel-220vac-psu-for-gamla-hub-hub-plus\/","title":{"rendered":"Reservdel PSU \/ Str\u00f6mf\u00f6rs\u00f6rjningsdel 220VAC PSU f\u00f6r gamla Hub\/Hub Plus"},"content":{"rendered":"","protected":false},"excerpt":{"rendered":"","protected":false},"featured_media":93622,"template":"","meta":{"_acf_changed":false},"product_brand":[],"product_cat":[2715,2622],"product_tag":[],"class_list":{"0":"post-93623","1":"product","2":"type-product","3":"status-publish","4":"has-post-thumbnail","6":"product_cat-psu-stromforsorjning","7":"product_cat-ajax-reservdelar-fasten","8":"tm-no-options","10":"first","11":"outofstock","12":"sale","13":"taxable","14":"shipping-taxable","15":"product-type-simple"},"acf":[],"_links":{"self":[{"href":"https:\/\/stonehouse.se\/en\/wp-json\/wp\/v2\/product\/93623","targetHints":{"allow":["GET"]}}],"collection":[{"href":"https:\/\/stonehouse.se\/en\/wp-json\/wp\/v2\/product"}],"about":[{"href":"https:\/\/stonehouse.se\/en\/wp-json\/wp\/v2\/types\/product"}],"wp:featuredmedia":[{"embeddable":true,"href":"https:\/\/stonehouse.se\/en\/wp-json\/wp\/v2\/media\/93622"}],"wp:attachment":[{"href":"https:\/\/stonehouse.se\/en\/wp-json\/wp\/v2\/media?parent=93623"}],"wp:term":[{"taxonomy":"product_brand","embeddable":true,"href":"https:\/\/stonehouse.se\/en\/wp-json\/wp\/v2\/product_brand?post=93623"},{"taxonomy":"product_cat","embeddable":true,"href":"https:\/\/stonehouse.se\/en\/wp-json\/wp\/v2\/product_cat?post=93623"},{"taxonomy":"product_tag","embeddable":true,"href":"https:\/\/stonehouse.se\/en\/wp-json\/wp\/v2\/product_tag?post=93623"}],"curies":[{"name":"wp","href":"https:\/\/api.w.org\/{rel}","templated":true}]}}