
{"id":93750,"date":"2025-10-06T15:30:07","date_gmt":"2025-10-06T13:30:07","guid":{"rendered":"https:\/\/stonehouse.se\/?post_type=product&#038;p=93750"},"modified":"2026-04-02T15:31:16","modified_gmt":"2026-04-02T13:31:16","slug":"tagg-mifare1k-vortex-eco-svart-ekologisk","status":"publish","type":"product","link":"https:\/\/stonehouse.se\/en\/product\/tagg-mifare1k-vortex-eco-svart-ekologisk\/","title":{"rendered":"Tagg Mifare1k \u2013 Vortex Eco Svart (Ekologisk i 100% \u00e5tervunnet material)"},"content":{"rendered":"<h3 data-start=\"1137\" data-end=\"1205\">Vortex Eco \u2013 MIFARE 1K-tagg f\u00f6r professionella installationer<\/h3>\n<p data-start=\"1206\" data-end=\"1517\"><strong data-start=\"1206\" data-end=\"1220\">Vortex Eco<\/strong> \u00e4r en robust RFID-tagg med <strong data-start=\"1248\" data-end=\"1294\">MIFARE 1K-chip (13,56 MHz, ISO\/IEC 14443A)<\/strong>, avsedd f\u00f6r anv\u00e4ndning i moderna passersystem, larmcentraler och industriella applikationer.<br data-start=\"1387\" data-end=\"1390\" \/>Kapslingen \u00e4r <strong data-start=\"1404\" data-end=\"1418\">\u00f6vergjuten<\/strong> i slitstark \u00e5tervunnen plast f\u00f6r att ge fullst\u00e4ndigt skydd mot fukt, damm och mekanisk p\u00e5verkan.<\/p>\n<p data-start=\"1519\" data-end=\"1650\">Taggen \u00e4r <strong data-start=\"1529\" data-end=\"1545\">IP68-klassad<\/strong>, vilket inneb\u00e4r att den kan anv\u00e4ndas b\u00e5de inomhus och utomhus \u00e5ret runt utan risk f\u00f6r driftst\u00f6rningar.<\/p>\n<hr data-start=\"1652\" data-end=\"1655\" \/>\n<h3 data-start=\"1657\" data-end=\"1683\">Tekniska egenskaper<\/h3>\n<ul data-start=\"1684\" data-end=\"2160\">\n<li data-start=\"1684\" data-end=\"1721\">\n<p data-start=\"1686\" data-end=\"1721\"><strong data-start=\"1686\" data-end=\"1695\">Chip:<\/strong> MIFARE 1K (NXP MF1 S50)<\/p>\n<\/li>\n<li data-start=\"1722\" data-end=\"1754\">\n<p data-start=\"1724\" data-end=\"1754\"><strong data-start=\"1724\" data-end=\"1737\">Frekvens:<\/strong> 13,56 MHz (HF)<\/p>\n<\/li>\n<li data-start=\"1755\" data-end=\"1788\">\n<p data-start=\"1757\" data-end=\"1788\"><strong data-start=\"1757\" data-end=\"1771\">Protokoll:<\/strong> ISO\/IEC 14443A<\/p>\n<\/li>\n<li data-start=\"1789\" data-end=\"1815\">\n<p data-start=\"1791\" data-end=\"1815\"><strong data-start=\"1791\" data-end=\"1801\">Minne:<\/strong> 1 KB EEPROM<\/p>\n<\/li>\n<li data-start=\"1816\" data-end=\"1860\">\n<p data-start=\"1818\" data-end=\"1860\"><strong data-start=\"1818\" data-end=\"1831\">IP-klass:<\/strong> IP68 (damm- och vattent\u00e4t)<\/p>\n<\/li>\n<li data-start=\"1861\" data-end=\"1926\">\n<p data-start=\"1863\" data-end=\"1926\"><strong data-start=\"1863\" data-end=\"1876\">Material:<\/strong> 100 % \u00e5tervunnen plast, \u00f6vergjuten konstruktion<\/p>\n<\/li>\n<li data-start=\"1927\" data-end=\"1957\">\n<p data-start=\"1929\" data-end=\"1957\"><strong data-start=\"1929\" data-end=\"1938\">M\u00e5tt:<\/strong> 45 \u00d7 30 \u00d7 2,2 mm<\/p>\n<\/li>\n<li data-start=\"1958\" data-end=\"2002\">\n<p data-start=\"1960\" data-end=\"2002\"><strong data-start=\"1960\" data-end=\"1981\">Operating temperature:<\/strong> -25 \u00b0C till +85 \u00b0C<\/p>\n<\/li>\n<li data-start=\"2003\" data-end=\"2049\">\n<p data-start=\"2005\" data-end=\"2049\"><strong data-start=\"2005\" data-end=\"2028\">Lagringstemperatur:<\/strong> -25 \u00b0C till +85 \u00b0C<\/p>\n<\/li>\n<li data-start=\"2050\" data-end=\"2102\">\n<p data-start=\"2052\" data-end=\"2102\"><strong data-start=\"2052\" data-end=\"2061\">F\u00e4rg:<\/strong> Svart (orsakad av \u00e5tervunnet material)<\/p>\n<\/li>\n<li data-start=\"2103\" data-end=\"2160\">\n<p data-start=\"2105\" data-end=\"2160\"><strong data-start=\"2105\" data-end=\"2120\">Anpassning:<\/strong> Lasergravyr eller tryck vid f\u00f6rfr\u00e5gan<\/p>\n<\/li>\n<\/ul>\n<hr data-start=\"2162\" data-end=\"2165\" \/>\n<h3 data-start=\"2167\" data-end=\"2200\">F\u00f6rdelar f\u00f6r installat\u00f6rer<\/h3>\n<ul data-start=\"2201\" data-end=\"2597\">\n<li data-start=\"2201\" data-end=\"2294\">\n<p data-start=\"2203\" data-end=\"2294\">Full <strong data-start=\"2208\" data-end=\"2226\">kompatibilitet<\/strong> med de flesta passersystem som anv\u00e4nder MIFARE Classic-teknologi.<\/p>\n<\/li>\n<li data-start=\"2295\" data-end=\"2356\">\n<p data-start=\"2297\" data-end=\"2356\"><strong data-start=\"2297\" data-end=\"2317\">Stabil avl\u00e4sning<\/strong> \u00e4ven i fuktiga och smutsiga milj\u00f6er.<\/p>\n<\/li>\n<li data-start=\"2357\" data-end=\"2449\">\n<p data-start=\"2359\" data-end=\"2449\"><strong data-start=\"2359\" data-end=\"2377\">L\u00e5ng livsl\u00e4ngd<\/strong> tack vare \u00f6vergjutet h\u00f6lje \u2013 inga delar som kan lossna eller spricka.<\/p>\n<\/li>\n<li data-start=\"2450\" data-end=\"2527\">\n<p data-start=\"2452\" data-end=\"2527\">Kan anv\u00e4ndas i <strong data-start=\"2467\" data-end=\"2497\">kr\u00e4vande industriell drift<\/strong> eller vid utomhusmontering.<\/p>\n<\/li>\n<li data-start=\"2528\" data-end=\"2597\">\n<p data-start=\"2530\" data-end=\"2597\"><strong data-start=\"2530\" data-end=\"2566\">Enkel identifiering och m\u00e4rkning<\/strong> med lasergravyr eller tryck.<\/p>\n<\/li>\n<\/ul>\n<hr data-start=\"2599\" data-end=\"2602\" \/>\n<h3 data-start=\"2604\" data-end=\"2635\">Tekniska data (\u00f6versikt)<\/h3>\n<div class=\"_tableContainer_1rjym_1\">\n<div class=\"group _tableWrapper_1rjym_13 flex w-fit flex-col-reverse\">\n<table class=\"w-fit min-w-(--thread-content-width)\" data-start=\"2637\" data-end=\"3063\">\n<thead data-start=\"2637\" data-end=\"2665\">\n<tr data-start=\"2637\" data-end=\"2665\">\n<th data-start=\"2637\" data-end=\"2652\" data-col-size=\"sm\"><strong data-start=\"2639\" data-end=\"2651\">Egenskap<\/strong><\/th>\n<th data-start=\"2652\" data-end=\"2665\" data-col-size=\"md\"><strong data-start=\"2654\" data-end=\"2663\">V\u00e4rde<\/strong><\/th>\n<\/tr>\n<\/thead>\n<tbody data-start=\"2696\" data-end=\"3063\">\n<tr data-start=\"2696\" data-end=\"2719\">\n<td data-start=\"2696\" data-end=\"2705\" data-col-size=\"sm\">Modell<\/td>\n<td data-start=\"2705\" data-end=\"2719\" data-col-size=\"md\">Vortex Eco<\/td>\n<\/tr>\n<tr data-start=\"2720\" data-end=\"2740\">\n<td data-start=\"2720\" data-end=\"2727\" data-col-size=\"sm\">Chip<\/td>\n<td data-start=\"2727\" data-end=\"2740\" data-col-size=\"md\">MIFARE 1K<\/td>\n<\/tr>\n<tr data-start=\"2741\" data-end=\"2765\">\n<td data-start=\"2741\" data-end=\"2752\" data-col-size=\"sm\">Frekvens<\/td>\n<td data-start=\"2752\" data-end=\"2765\" data-col-size=\"md\">13,56 MHz<\/td>\n<\/tr>\n<tr data-start=\"2766\" data-end=\"2796\">\n<td data-start=\"2766\" data-end=\"2778\" data-col-size=\"sm\">Protokoll<\/td>\n<td data-start=\"2778\" data-end=\"2796\" data-col-size=\"md\">ISO\/IEC 14443A<\/td>\n<\/tr>\n<tr data-start=\"2797\" data-end=\"2821\">\n<td data-start=\"2797\" data-end=\"2813\" data-col-size=\"sm\">Minnesstorlek<\/td>\n<td data-start=\"2813\" data-end=\"2821\" data-col-size=\"md\">1 KB<\/td>\n<\/tr>\n<tr data-start=\"2822\" data-end=\"2859\">\n<td data-start=\"2822\" data-end=\"2833\" data-col-size=\"sm\">Material<\/td>\n<td data-start=\"2833\" data-end=\"2859\" data-col-size=\"md\">100 % \u00e5tervunnen plast<\/td>\n<\/tr>\n<tr data-start=\"2860\" data-end=\"2876\">\n<td data-start=\"2860\" data-end=\"2867\" data-col-size=\"sm\">F\u00e4rg<\/td>\n<td data-start=\"2867\" data-end=\"2876\" data-col-size=\"md\">Svart<\/td>\n<\/tr>\n<tr data-start=\"2877\" data-end=\"2904\">\n<td data-start=\"2877\" data-end=\"2884\" data-col-size=\"sm\">M\u00e5tt<\/td>\n<td data-start=\"2884\" data-end=\"2904\" data-col-size=\"md\">45 \u00d7 30 \u00d7 2,2 mm<\/td>\n<\/tr>\n<tr data-start=\"2905\" data-end=\"2924\">\n<td data-start=\"2905\" data-end=\"2916\" data-col-size=\"sm\">IP-klass<\/td>\n<td data-start=\"2916\" data-end=\"2924\" data-col-size=\"md\">IP68<\/td>\n<\/tr>\n<tr data-start=\"2925\" data-end=\"2966\">\n<td data-start=\"2925\" data-end=\"2944\" data-col-size=\"sm\">Temperaturomr\u00e5de<\/td>\n<td data-start=\"2944\" data-end=\"2966\" data-col-size=\"md\">-25 \u00b0C till +85 \u00b0C<\/td>\n<\/tr>\n<tr data-start=\"2967\" data-end=\"3001\">\n<td data-start=\"2967\" data-end=\"2978\" data-col-size=\"sm\">M\u00e4rkning<\/td>\n<td data-start=\"2978\" data-end=\"3001\" data-col-size=\"md\">Lasergravyr \/ Tryck<\/td>\n<\/tr>\n<tr data-start=\"3002\" data-end=\"3063\">\n<td data-start=\"3002\" data-end=\"3015\" data-col-size=\"sm\">Anv\u00e4ndning<\/td>\n<td data-start=\"3015\" data-end=\"3063\" data-col-size=\"md\">Passersystem, industri, kontor, utomhusmilj\u00f6<\/td>\n<\/tr>\n<\/tbody>\n<\/table>\n<\/div>\n<\/div>\n<hr data-start=\"3065\" data-end=\"3068\" \/>\n<h3 data-start=\"3070\" data-end=\"3097\">Milj\u00f6 och h\u00e5llbarhet<\/h3>\n<p data-start=\"3098\" data-end=\"3330\">Vortex Eco tillverkas av <strong data-start=\"3123\" data-end=\"3157\">100 % \u00e5tervunnet plastmaterial<\/strong>.<br data-start=\"3158\" data-end=\"3161\" \/>Det minskar b\u00e5de avfall och CO\u2082-utsl\u00e4pp utan att p\u00e5verka prestanda.<br data-start=\"3228\" data-end=\"3231\" \/>Produkten \u00e4r framtagen f\u00f6r projekt d\u00e4r tekniska krav och milj\u00f6ansvar m\u00e5ste m\u00f6tas i samma l\u00f6sning.<\/p>\n<hr data-start=\"3332\" data-end=\"3335\" \/>\n<p data-start=\"3359\" data-end=\"3631\"><strong data-start=\"3359\" data-end=\"3383\">Vortex Eco MIFARE 1K<\/strong> \u00e4r en <strong data-start=\"3390\" data-end=\"3426\">drifts\u00e4ker och h\u00e5llbar RFID-tagg<\/strong> f\u00f6r professionella installationer.<br data-start=\"3461\" data-end=\"3464\" \/>Den kombinerar industriklassad IP68-t\u00e5lighet med milj\u00f6v\u00e4nlig tillverkning \u2013 idealisk f\u00f6r installat\u00f6rer som s\u00f6ker p\u00e5litlig funktion och l\u00e5ng livsl\u00e4ngd i alla milj\u00f6er.<\/p>","protected":false},"excerpt":{"rendered":"<p>RFID-tagg med <strong data-start=\"848\" data-end=\"866\">MIFARE 1K-chip<\/strong> i \u00f6vergjutet, vattent\u00e4tt (IP68) h\u00f6lje.<br data-start=\"905\" data-end=\"908\" \/>Tillverkad av <strong data-start=\"922\" data-end=\"951\">100 % \u00e5tervunnet material<\/strong>. T\u00e5l -25 \u00b0C till +85 \u00b0C \u2013 framtagen f\u00f6r professionella installationer i passersystem och industriella milj\u00f6er.<\/p>","protected":false},"featured_media":92209,"template":"","meta":{"_acf_changed":false},"product_brand":[],"product_cat":[3543,3722,3738],"product_tag":[1767],"class_list":{"0":"post-93750","1":"product","2":"type-product","3":"status-publish","4":"has-post-thumbnail","6":"product_cat-alla-taggar-i-butiken","7":"product_cat-vortex","8":"product_cat-vortex-eco","9":"product_tag-mifare-standard-blank-alpha","10":"pa_brands-stonehouse-security","11":"pa_chip-teknik-mifare1k","12":"pa_chip-teknik-mifare1k-ekologisk","13":"pa_farg-svart","14":"tm-no-options","16":"first","17":"instock","18":"sale","19":"taxable","20":"shipping-taxable","21":"product-type-simple"},"acf":[],"_links":{"self":[{"href":"https:\/\/stonehouse.se\/en\/wp-json\/wp\/v2\/product\/93750","targetHints":{"allow":["GET"]}}],"collection":[{"href":"https:\/\/stonehouse.se\/en\/wp-json\/wp\/v2\/product"}],"about":[{"href":"https:\/\/stonehouse.se\/en\/wp-json\/wp\/v2\/types\/product"}],"wp:featuredmedia":[{"embeddable":true,"href":"https:\/\/stonehouse.se\/en\/wp-json\/wp\/v2\/media\/92209"}],"wp:attachment":[{"href":"https:\/\/stonehouse.se\/en\/wp-json\/wp\/v2\/media?parent=93750"}],"wp:term":[{"taxonomy":"product_brand","embeddable":true,"href":"https:\/\/stonehouse.se\/en\/wp-json\/wp\/v2\/product_brand?post=93750"},{"taxonomy":"product_cat","embeddable":true,"href":"https:\/\/stonehouse.se\/en\/wp-json\/wp\/v2\/product_cat?post=93750"},{"taxonomy":"product_tag","embeddable":true,"href":"https:\/\/stonehouse.se\/en\/wp-json\/wp\/v2\/product_tag?post=93750"}],"curies":[{"name":"wp","href":"https:\/\/api.w.org\/{rel}","templated":true}]}}