
{"id":93832,"date":"2025-10-14T09:33:22","date_gmt":"2025-10-14T07:33:22","guid":{"rendered":"https:\/\/stonehouse.se\/produkt\/ajax-psu-stromforsorjningskort-12v-24v-for-gen-1-hub-hub-plus-rex\/"},"modified":"2026-03-10T11:06:09","modified_gmt":"2026-03-10T10:06:09","slug":"ajax-psu-stromforsorjningskort-12v-24v-for-gen-1-hub-hub-plus-rex","status":"publish","type":"product","link":"https:\/\/stonehouse.se\/en\/product\/ajax-psu-stromforsorjningskort-12v-24v-for-gen-1-hub-hub-plus-rex\/","title":{"rendered":"Ajax 12V-24V PSU f\u00f6r Gen 1 &#8211; Hub, Hub Plus, ReX"},"content":{"rendered":"<p data-start=\"153\" data-end=\"480\">Str\u00f6mf\u00f6rs\u00f6rjningskort som g\u00f6r det m\u00f6jligt att driva <strong data-start=\"223\" data-end=\"244\">Ajax Repeater ReX<\/strong> eller centralapparaterna <strong data-start=\"270\" data-end=\"288\">Hub \/ Hub Plus<\/strong> med <strong data-start=\"293\" data-end=\"303\">12V DC<\/strong> ist\u00e4llet f\u00f6r 230V.<br data-start=\"322\" data-end=\"325\" \/>Perfekt l\u00f6sning f\u00f6r installationer d\u00e4r n\u00e4tstr\u00f6m inte finns tillg\u00e4nglig \u2013 exempelvis i <strong data-start=\"411\" data-end=\"435\">b\u00e5t, husbil, husvagn<\/strong> eller vid <strong data-start=\"446\" data-end=\"477\">externa batteri-\/UPS-system<\/strong>.<\/p>\n<p data-start=\"482\" data-end=\"609\">Kortet monteras enkelt in i ReX\/Hub-enheten och levereras komplett med DC-plugg (5,5 \u00d7 2,1 mm) och skruvplint f\u00f6r s\u00e4ker anslutning.<\/p>\n<p data-start=\"611\" data-end=\"626\"><strong data-start=\"611\" data-end=\"626\">Egenskaper:<\/strong><\/p>\n<ul data-start=\"627\" data-end=\"833\">\n<li data-start=\"627\" data-end=\"694\">\n<p data-start=\"629\" data-end=\"694\">G\u00f6r det m\u00f6jligt att driva ReX eller Hub\/Hub Plus via <strong data-start=\"682\" data-end=\"692\">12V DC<\/strong><\/p>\n<\/li>\n<li data-start=\"695\" data-end=\"753\">\n<p data-start=\"697\" data-end=\"753\">Idealisk f\u00f6r mobila eller batteridrivna installationer<\/p>\n<\/li>\n<li data-start=\"754\" data-end=\"792\">\n<p data-start=\"756\" data-end=\"792\">Enkel montering direkt i repeatern<\/p>\n<\/li>\n<li data-start=\"793\" data-end=\"833\">\n<p data-start=\"795\" data-end=\"833\">Kompatibel med externa str\u00f6maggregat<\/p>\n<\/li>\n<\/ul>\n<p data-start=\"835\" data-end=\"864\"><strong data-start=\"835\" data-end=\"864\">Tekniska specifikationer:<\/strong><\/p>\n<ul data-start=\"865\" data-end=\"1070\">\n<li data-start=\"865\" data-end=\"937\">\n<p data-start=\"867\" data-end=\"937\"><strong data-start=\"867\" data-end=\"886\">Compatibility:<\/strong> ReX, Hub, Hub Plus (Generation 1)<\/p>\n<\/li>\n<li data-start=\"938\" data-end=\"967\">\n<p data-start=\"940\" data-end=\"967\"><strong data-start=\"940\" data-end=\"956\">Sp\u00e4nning in:<\/strong> 8\u201320 VDC<\/p>\n<\/li>\n<li data-start=\"968\" data-end=\"989\">\n<p data-start=\"970\" data-end=\"989\"><strong data-start=\"970\" data-end=\"983\">Str\u00f6m in:<\/strong> &lt;1A<\/p>\n<\/li>\n<li data-start=\"990\" data-end=\"1016\">\n<p data-start=\"992\" data-end=\"1016\"><strong data-start=\"992\" data-end=\"1003\">Socket:<\/strong> 6,5 \u00d7 2 mm<\/p>\n<\/li>\n<li data-start=\"1017\" data-end=\"1070\">\n<p data-start=\"1019\" data-end=\"1070\"><strong data-start=\"1019\" data-end=\"1032\">DC-plugg:<\/strong> 5,5 \u00d7 2,1 mm med skruvplint (ing\u00e5r)<\/p>\n<\/li>\n<\/ul>","protected":false},"excerpt":{"rendered":"<p>Str\u00f6mf\u00f6rs\u00f6rjningskort som g\u00f6r det m\u00f6jligt att driva <strong data-start=\"223\" data-end=\"244\">Ajax Generation 1 Repeater ReX<\/strong> eller centralapparaterna Generation 1 <strong data-start=\"270\" data-end=\"288\">Hub \/ Hub Plus<\/strong> med <strong data-start=\"293\" data-end=\"303\">12V DC<\/strong> ist\u00e4llet f\u00f6r 230V.<\/p>","protected":false},"featured_media":93833,"template":"","meta":{"_acf_changed":false},"product_brand":[],"product_cat":[2715],"product_tag":[],"class_list":{"0":"post-93832","1":"product","2":"type-product","3":"status-publish","4":"has-post-thumbnail","6":"product_cat-psu-stromforsorjning","7":"product_shipping_class-postnord-varubrev","8":"pa_brands-ajax-systems","9":"tm-no-options","11":"first","12":"onbackorder","13":"sale","14":"taxable","15":"shipping-taxable","16":"product-type-simple"},"acf":[],"_links":{"self":[{"href":"https:\/\/stonehouse.se\/en\/wp-json\/wp\/v2\/product\/93832","targetHints":{"allow":["GET"]}}],"collection":[{"href":"https:\/\/stonehouse.se\/en\/wp-json\/wp\/v2\/product"}],"about":[{"href":"https:\/\/stonehouse.se\/en\/wp-json\/wp\/v2\/types\/product"}],"wp:featuredmedia":[{"embeddable":true,"href":"https:\/\/stonehouse.se\/en\/wp-json\/wp\/v2\/media\/93833"}],"wp:attachment":[{"href":"https:\/\/stonehouse.se\/en\/wp-json\/wp\/v2\/media?parent=93832"}],"wp:term":[{"taxonomy":"product_brand","embeddable":true,"href":"https:\/\/stonehouse.se\/en\/wp-json\/wp\/v2\/product_brand?post=93832"},{"taxonomy":"product_cat","embeddable":true,"href":"https:\/\/stonehouse.se\/en\/wp-json\/wp\/v2\/product_cat?post=93832"},{"taxonomy":"product_tag","embeddable":true,"href":"https:\/\/stonehouse.se\/en\/wp-json\/wp\/v2\/product_tag?post=93832"}],"curies":[{"name":"wp","href":"https:\/\/api.w.org\/{rel}","templated":true}]}}