
{"id":93925,"date":"2025-10-24T12:19:38","date_gmt":"2025-10-24T10:19:38","guid":{"rendered":"https:\/\/stonehouse.se\/produkt\/larmsandare-proline-4g-med-cloud-funktion\/"},"modified":"2025-12-31T21:56:49","modified_gmt":"2025-12-31T20:56:49","slug":"larmsandare-proline-4g-med-cloud-funktion","status":"publish","type":"product","link":"https:\/\/stonehouse.se\/en\/product\/larmsandare-proline-4g-med-cloud-funktion\/","title":{"rendered":"Alarm transmitter ProLine 4G with Cloud function"},"content":{"rendered":"<h1 data-start=\"901\" data-end=\"988\"><strong data-start=\"901\" data-end=\"988\">Larms\u00e4ndare ProLine 4G Cloud \u2013 professionell larms\u00e4ndare med full kontroll och tillf\u00f6rlitlighet<\/strong><\/h1>\n<p data-start=\"990\" data-end=\"1302\">Larms\u00e4ndare\u00a0 ProLine 4G Cloud \u00e4r n\u00e4sta generations larmkommunikator designad f\u00f6r s\u00e4ker, flexibel och intelligent kommunikation via GSM\/4G-n\u00e4tverk.<\/p>\n<p data-start=\"990\" data-end=\"1302\">Den simulerar en komplett analog telefonlinje (48 V linjesp\u00e4nning, 72 V ringsignal) och kan ers\u00e4tta traditionella PSTN-anslutningar f\u00f6r larmcentraler, hissar eller telefonv\u00e4xlar.<\/p>\n<p data-start=\"1304\" data-end=\"1651\"><strong data-start=\"1304\" data-end=\"1331\">Avancerad kommunikation<\/strong><br data-start=\"1331\" data-end=\"1334\" \/>Enheten tar emot Contact ID-signaler via TIP\/RING och vidarebefordrar dessa till larmcentraler via SIA DC-09 eller Enigma-protokoll \u00f6ver LTE\/GPRS.<\/p>\n<p data-start=\"1304\" data-end=\"1651\">Den kan \u00e4ven konvertera Contact ID-h\u00e4ndelser till SMS och skicka till upp till 8 mottagare. Totalt kan 250 zoner och 250 h\u00e4ndelser hanteras med individuell SMS-avisering.<\/p>\n<p data-start=\"1653\" data-end=\"2016\"><strong data-start=\"1653\" data-end=\"1687\">Flexibla ing\u00e5ngar och utg\u00e5ngar<\/strong><br data-start=\"1687\" data-end=\"1690\" \/>Larms\u00e4ndare\u00a0 ProLine 4G Cloud har tv\u00e5 programmerbara NO\/NC-ing\u00e5ngar och ett rel\u00e4utg\u00e5ng som kan styras via app, SMS, eller gratis uppringning.<\/p>\n<p data-start=\"1653\" data-end=\"2016\">Utg\u00e5ngen kan vara monostabil (upp till 65 000 sekunder) eller bistabil och kan hanteras fr\u00e5n upp till 1 000 registrerade nummer. Enheten kan ut\u00f6kas med ytterligare rel\u00e4moduler (1 eller 3 utg\u00e5ngar).<\/p>\n<p data-start=\"2018\" data-end=\"2349\"><strong data-start=\"2018\" data-end=\"2054\">Fj\u00e4rrstyrning och molnanslutning<\/strong><br data-start=\"2054\" data-end=\"2057\" \/>Programmering sker enkelt via SMS, Bluetooth, USB eller Wi-Fi med hj\u00e4lp av ProRead-programvaran.<\/p>\n<p data-start=\"2018\" data-end=\"2349\">Tack vare molnbaserad konfiguration kan anv\u00e4ndare fj\u00e4rrstyra, logga h\u00e4ndelser och \u00f6vervaka signalstyrka i realtid. Enheten lagrar upp till 16 000 h\u00e4ndelser och m\u00e4ter GSM-signalstyrka varje timme.<\/p>\n<p data-start=\"2351\" data-end=\"2551\"><strong data-start=\"2351\" data-end=\"2374\">Backup och s\u00e4kerhet<\/strong><br data-start=\"2374\" data-end=\"2377\" \/>Med tillvalsbatteriet ProBattery forts\u00e4tter enheten att fungera i upp till 4 timmar vid str\u00f6mavbrott.<\/p>\n<p data-start=\"2351\" data-end=\"2551\">Den \u00f6vervakar \u00e4ven SIM-status och kan skicka varningar vid utg\u00e5ngsdatum.<\/p>\n<p data-start=\"2553\" data-end=\"2577\"><strong data-start=\"2553\" data-end=\"2575\">Anv\u00e4ndningsomr\u00e5den<\/strong><\/p>\n<ul data-start=\"2578\" data-end=\"2794\">\n<li data-start=\"2578\" data-end=\"2621\">\n<p data-start=\"2580\" data-end=\"2621\">Larmcentraler och s\u00e4kerhetsanl\u00e4ggningar<\/p>\n<\/li>\n<li data-start=\"2622\" data-end=\"2652\">\n<p data-start=\"2624\" data-end=\"2652\">Hissn\u00f6dsystem och telefoni<\/p>\n<\/li>\n<li data-start=\"2653\" data-end=\"2689\">\n<p data-start=\"2655\" data-end=\"2689\">Grind-, port- och garagekontroll<\/p>\n<\/li>\n<li data-start=\"2690\" data-end=\"2753\">\n<p data-start=\"2692\" data-end=\"2753\">Hem- och byggnadsautomation (belysning, v\u00e4rme, ventilation)<\/p>\n<\/li>\n<li data-start=\"2754\" data-end=\"2794\">\n<p data-start=\"2756\" data-end=\"2794\">\u00d6vervakning av eln\u00e4t och driftstatus<\/p>\n<\/li>\n<\/ul>\n<hr data-start=\"2796\" data-end=\"2799\" \/>\n<h3 data-start=\"2801\" data-end=\"2833\"><strong data-start=\"2805\" data-end=\"2833\">Tekniska Specifikationer<\/strong><\/h3>\n<ul data-start=\"2834\" data-end=\"3537\">\n<li data-start=\"2834\" data-end=\"2879\">\n<p data-start=\"2836\" data-end=\"2879\"><strong data-start=\"2836\" data-end=\"2849\">Ing\u00e5ngar:<\/strong> 2 st (NO\/NC konfigurerbara)<\/p>\n<\/li>\n<li data-start=\"2880\" data-end=\"2952\">\n<p data-start=\"2882\" data-end=\"2952\"><strong data-start=\"2882\" data-end=\"2895\">Utg\u00e5ngar:<\/strong> 1 rel\u00e4 (20 V\/500 mA), expanderbar med 1 eller 3 rel\u00e4er<\/p>\n<\/li>\n<li data-start=\"2953\" data-end=\"3007\">\n<p data-start=\"2955\" data-end=\"3007\"><strong data-start=\"2955\" data-end=\"2973\">Notifieringar:<\/strong> Upp till 8 mottagare (SMS\/r\u00f6st)<\/p>\n<\/li>\n<li data-start=\"3008\" data-end=\"3060\">\n<p data-start=\"3010\" data-end=\"3060\"><strong data-start=\"3010\" data-end=\"3029\">Kontrollnummer:<\/strong> Upp till 1 000 telefonnummer<\/p>\n<\/li>\n<li data-start=\"3061\" data-end=\"3111\">\n<p data-start=\"3063\" data-end=\"3111\"><strong data-start=\"3063\" data-end=\"3089\">Kommunikationskanaler:<\/strong> GSM\/GPRS\/SMS\/3G\/LTE<\/p>\n<\/li>\n<li data-start=\"3112\" data-end=\"3148\">\n<p data-start=\"3114\" data-end=\"3148\"><strong data-start=\"3114\" data-end=\"3128\">Protokoll:<\/strong> SIA DC-09, Enigma<\/p>\n<\/li>\n<li data-start=\"3149\" data-end=\"3182\">\n<p data-start=\"3151\" data-end=\"3182\"><strong data-start=\"3151\" data-end=\"3163\">Lagring:<\/strong> 16 000 h\u00e4ndelser<\/p>\n<\/li>\n<li data-start=\"3183\" data-end=\"3215\">\n<p data-start=\"3185\" data-end=\"3215\"><strong data-start=\"3185\" data-end=\"3203\">Driftsp\u00e4nning:<\/strong> 9\u201320 V DC<\/p>\n<\/li>\n<li data-start=\"3216\" data-end=\"3281\">\n<p data-start=\"3218\" data-end=\"3281\"><strong data-start=\"3218\" data-end=\"3239\">Str\u00f6mf\u00f6rbrukning:<\/strong> 80 mA (vilol\u00e4ge) \/ 1000 mA (aktivt GSM)<\/p>\n<\/li>\n<li data-start=\"3282\" data-end=\"3348\">\n<p data-start=\"3284\" data-end=\"3348\"><strong data-start=\"3284\" data-end=\"3306\">Batterianslutning:<\/strong> St\u00f6d f\u00f6r ProBattery (\u2248 4 timmars drift)<\/p>\n<\/li>\n<li data-start=\"3349\" data-end=\"3420\">\n<p data-start=\"3351\" data-end=\"3420\"><strong data-start=\"3351\" data-end=\"3369\">Programmering:<\/strong> SMS, USB, Bluetooth, Wi-Fi (ProRead programvara)<\/p>\n<\/li>\n<li data-start=\"3421\" data-end=\"3467\">\n<p data-start=\"3423\" data-end=\"3467\"><strong data-start=\"3423\" data-end=\"3436\">Loggning:<\/strong> GSM-signalstyrka varje timme<\/p>\n<\/li>\n<li data-start=\"3468\" data-end=\"3537\">\n<p data-start=\"3470\" data-end=\"3537\"><strong data-start=\"3470\" data-end=\"3491\">Skyddsfunktioner:<\/strong> Tamper, str\u00f6mavbrott, livstest, SIM-varning<\/p>\n<\/li>\n<\/ul>","protected":false},"excerpt":{"rendered":"<p>Alarm transmitter ProLine 4G Cloud is an advanced alarm transmitter with simulated analog telephone line (PSTN), 4G\/LTE communication and cloud connectivity.<\/p>\n<p>It handles Contact ID and SIA DC-09, supports up to 8 recipients for SMS and voice messages and 4 IP addresses for alarm transmission.<\/p>\n<p>Perfect for modern alarm installations, elevators and industrial control systems.<\/p>","protected":false},"featured_media":93923,"template":"","meta":{"_acf_changed":false},"product_brand":[],"product_cat":[472,3700],"product_tag":[],"class_list":{"0":"post-93925","1":"product","2":"type-product","3":"status-publish","4":"has-post-thumbnail","6":"product_cat-larmoverforing","7":"product_cat-nya-produkter","8":"pa_brands-asc","9":"tm-no-options","11":"first","12":"instock","13":"sale","14":"taxable","15":"shipping-taxable","16":"product-type-simple"},"acf":[],"_links":{"self":[{"href":"https:\/\/stonehouse.se\/en\/wp-json\/wp\/v2\/product\/93925","targetHints":{"allow":["GET"]}}],"collection":[{"href":"https:\/\/stonehouse.se\/en\/wp-json\/wp\/v2\/product"}],"about":[{"href":"https:\/\/stonehouse.se\/en\/wp-json\/wp\/v2\/types\/product"}],"wp:featuredmedia":[{"embeddable":true,"href":"https:\/\/stonehouse.se\/en\/wp-json\/wp\/v2\/media\/93923"}],"wp:attachment":[{"href":"https:\/\/stonehouse.se\/en\/wp-json\/wp\/v2\/media?parent=93925"}],"wp:term":[{"taxonomy":"product_brand","embeddable":true,"href":"https:\/\/stonehouse.se\/en\/wp-json\/wp\/v2\/product_brand?post=93925"},{"taxonomy":"product_cat","embeddable":true,"href":"https:\/\/stonehouse.se\/en\/wp-json\/wp\/v2\/product_cat?post=93925"},{"taxonomy":"product_tag","embeddable":true,"href":"https:\/\/stonehouse.se\/en\/wp-json\/wp\/v2\/product_tag?post=93925"}],"curies":[{"name":"wp","href":"https:\/\/api.w.org\/{rel}","templated":true}]}}