
{"id":94108,"date":"2025-11-21T10:58:58","date_gmt":"2025-11-21T09:58:58","guid":{"rendered":"https:\/\/stonehouse.se\/produkt\/ateco-vd-6295-60-kapslad-varmedetektor-varmedetektor-60-grader\/"},"modified":"2026-04-09T11:22:52","modified_gmt":"2026-04-09T09:22:52","slug":"ateco-vd-6295-60-kapslad-varmedetektor-varmedetektor-60-grader","status":"publish","type":"product","link":"https:\/\/stonehouse.se\/en\/product\/ateco-vd-6295-60-kapslad-varmedetektor-varmedetektor-60-grader\/","title":{"rendered":"Ateco VD-6295-60 Enclosed heat detector, Heat detector 60 degrees"},"content":{"rendered":"<div class=\"headernamehrnone\">Panasonic 6295 \u00e4r en inkapslad konventionell maximal v\u00e4rmedetektor (IP67). V\u00e4rmesensorn i detektorn \u00e4r av bimetalltyp. Detektorerna \u00e4r utrustade med LED-indikering (ej p\u00e5 120\u00b0-detektorn) och utg\u00e5ng f\u00f6r extra indikering. Detektorerna levereras med 3 st. kabelf\u00f6rskruvningar. Detektorerna i 629X-serien \u00e4r polaritetsoberoende. Detektorn \u00e4r ATEX-klassificerad. Detektorn levereras med 3 st. reduceringar f\u00f6r kabelgenomf\u00f6ringar f\u00f6r olika kabeltjocklekar 3-10 mm. G\u00e4ngan p\u00e5 skruvf\u00e4stet \u00e4r PF \u00bd&#8221;. E-utg\u00e5ngens polaritet \u00e4r alltid enligt m\u00e4rkningen oavsett hur A och B \u00e4r polaritetsm\u00e4ssigt anslutna. Detektorerna \u00e4r certifierade enligt CPD och DoP<\/div>\n<div><\/div>\n<div class=\"row headername\">\n<div class=\"item-header rd-hyg-item-header\"><strong>Huvudsakliga egenskaper<\/strong><\/div>\n<div class=\"row\">\n<ul>\n<li>Encapsulated conventional maximum heat detector (IP67)<\/li>\n<li>Bimetallic type heat sensor for reliable detection<\/li>\n<li>Equipped with LED indication (except 120\u00b0 detector)<\/li>\n<li>Inkluderar 3 kabelgenomf\u00f6ringar f\u00f6r enkel installation<\/li>\n<li>Polaritetsoberoende f\u00f6r flexibel kabeldragning<\/li>\n<li>ATEX-klassad f\u00f6r s\u00e4kerhet i riskfyllda milj\u00f6er<\/li>\n<li>Certifierad enligt CPD- och DoP-standarder<\/li>\n<\/ul>\n<\/div>\n<\/div>","protected":false},"excerpt":{"rendered":"<ul class=\"UnorderedListStyle--1koui9a ksyVRL mainfeatureslist\">\n<li class=\"ListItemStyle--1yqofwy kEFzCE\">Encapsulated conventional maximum heat detector (IP67)<\/li>\n<li class=\"ListItemStyle--1yqofwy kEFzCE\">Bimetallic type heat sensor for reliable detection<\/li>\n<li class=\"ListItemStyle--1yqofwy kEFzCE\">Equipped with LED indication (except 120\u00b0 detector)<\/li>\n<\/ul>","protected":false},"featured_media":94107,"template":"","meta":{"_acf_changed":false},"product_brand":[],"product_cat":[2695,3700],"product_tag":[],"class_list":{"0":"post-94108","1":"product","2":"type-product","3":"status-publish","4":"has-post-thumbnail","6":"product_cat-varmedetektor","7":"product_cat-nya-produkter","8":"pa_brands-ateco","9":"pa_farg-vit","10":"tm-no-options","12":"first","13":"instock","14":"sale","15":"taxable","16":"shipping-taxable","17":"product-type-simple"},"acf":[],"_links":{"self":[{"href":"https:\/\/stonehouse.se\/en\/wp-json\/wp\/v2\/product\/94108","targetHints":{"allow":["GET"]}}],"collection":[{"href":"https:\/\/stonehouse.se\/en\/wp-json\/wp\/v2\/product"}],"about":[{"href":"https:\/\/stonehouse.se\/en\/wp-json\/wp\/v2\/types\/product"}],"wp:featuredmedia":[{"embeddable":true,"href":"https:\/\/stonehouse.se\/en\/wp-json\/wp\/v2\/media\/94107"}],"wp:attachment":[{"href":"https:\/\/stonehouse.se\/en\/wp-json\/wp\/v2\/media?parent=94108"}],"wp:term":[{"taxonomy":"product_brand","embeddable":true,"href":"https:\/\/stonehouse.se\/en\/wp-json\/wp\/v2\/product_brand?post=94108"},{"taxonomy":"product_cat","embeddable":true,"href":"https:\/\/stonehouse.se\/en\/wp-json\/wp\/v2\/product_cat?post=94108"},{"taxonomy":"product_tag","embeddable":true,"href":"https:\/\/stonehouse.se\/en\/wp-json\/wp\/v2\/product_tag?post=94108"}],"curies":[{"name":"wp","href":"https:\/\/api.w.org\/{rel}","templated":true}]}}