
{"id":94124,"date":"2025-11-24T15:14:59","date_gmt":"2025-11-24T14:14:59","guid":{"rendered":"https:\/\/stonehouse.se\/produkt\/usb-kit-startkit-for-usb-programmering\/"},"modified":"2026-01-22T15:49:03","modified_gmt":"2026-01-22T14:49:03","slug":"usb-kit-startkit-for-usb-programmering","status":"publish","type":"product","link":"https:\/\/stonehouse.se\/en\/product\/usb-kit-startkit-for-usb-programmering\/","title":{"rendered":"USB Kit EasyLine 4G \u2013 Starter kit for USB programming"},"content":{"rendered":"<h1>USB Kit &#8211; Startkit f\u00f6r USB-programmering<\/h1>\n<p class=\"ds-markdown-paragraph\"><strong>USB-nyckel f\u00f6r ProRead programmeringsmjukvaran<\/strong><br \/>\nDen anv\u00e4nds f\u00f6r den \u00f6vergripande programmeringen av EasyLines GSM-moduler.<\/p>\n<p class=\"ds-markdown-paragraph\"><strong>Beskrivning:<\/strong><br \/>\nUSB-omvandlare f\u00f6r anslutning till USB-kabeln<br \/>\nUSB-kabel<br \/>\nInstallationsprogrammet och eventuella drivrutiner kan laddas ner fr\u00e5n webbplatsen<\/p>","protected":false},"excerpt":{"rendered":"<p class=\"ds-markdown-paragraph\">USB cable for programming Easyline 4G transmitters.<\/p>","protected":false},"featured_media":94122,"template":"","meta":{"_acf_changed":false},"product_brand":[],"product_cat":[3700,472],"product_tag":[],"class_list":{"0":"post-94124","1":"product","2":"type-product","3":"status-publish","4":"has-post-thumbnail","6":"product_cat-nya-produkter","7":"product_cat-larmoverforing","8":"tm-no-options","10":"first","11":"instock","12":"sale","13":"taxable","14":"shipping-taxable","15":"product-type-simple"},"acf":[],"_links":{"self":[{"href":"https:\/\/stonehouse.se\/en\/wp-json\/wp\/v2\/product\/94124","targetHints":{"allow":["GET"]}}],"collection":[{"href":"https:\/\/stonehouse.se\/en\/wp-json\/wp\/v2\/product"}],"about":[{"href":"https:\/\/stonehouse.se\/en\/wp-json\/wp\/v2\/types\/product"}],"wp:featuredmedia":[{"embeddable":true,"href":"https:\/\/stonehouse.se\/en\/wp-json\/wp\/v2\/media\/94122"}],"wp:attachment":[{"href":"https:\/\/stonehouse.se\/en\/wp-json\/wp\/v2\/media?parent=94124"}],"wp:term":[{"taxonomy":"product_brand","embeddable":true,"href":"https:\/\/stonehouse.se\/en\/wp-json\/wp\/v2\/product_brand?post=94124"},{"taxonomy":"product_cat","embeddable":true,"href":"https:\/\/stonehouse.se\/en\/wp-json\/wp\/v2\/product_cat?post=94124"},{"taxonomy":"product_tag","embeddable":true,"href":"https:\/\/stonehouse.se\/en\/wp-json\/wp\/v2\/product_tag?post=94124"}],"curies":[{"name":"wp","href":"https:\/\/api.w.org\/{rel}","templated":true}]}}