
{"id":94196,"date":"2025-12-05T12:30:05","date_gmt":"2025-12-05T11:30:05","guid":{"rendered":"https:\/\/stonehouse.se\/?post_type=product&#038;p=94196"},"modified":"2026-03-13T10:54:14","modified_gmt":"2026-03-13T09:54:14","slug":"usb-eco-usb-programmerare-for-asc-larmsandare","status":"publish","type":"product","link":"https:\/\/stonehouse.se\/en\/product\/usb-eco-usb-programmerare-for-asc-larmsandare\/","title":{"rendered":"USB Eco \u2013 USB-programmerare f\u00f6r ASC Larms\u00e4ndare"},"content":{"rendered":"<p data-start=\"91\" data-end=\"282\">Enkel och kompakt design.<br data-start=\"134\" data-end=\"137\" \/>Kabel och installations-CD ing\u00e5r inte.<br data-start=\"175\" data-end=\"178\" \/>USB-drivrutinen kan laddas ner fr\u00e5n v\u00e5r hemsida.<br data-start=\"226\" data-end=\"229\" \/>Ger str\u00f6m och m\u00f6jligg\u00f6r programmering av GSM-modulen.<\/p>\n<p data-start=\"284\" data-end=\"423\"><strong data-start=\"284\" data-end=\"328\">Kompatibel med ProRead-programvaran f\u00f6r:<\/strong><br data-start=\"328\" data-end=\"331\" \/>\u2013 EasyCon GSM<br data-start=\"344\" data-end=\"347\" \/>\u2013 ProCon GSM \/ Cloud \/ 4G<br data-start=\"372\" data-end=\"375\" \/>\u2013 ProLine GSM<br data-start=\"388\" data-end=\"391\" \/>\u2013 InterCom GSM<br data-start=\"405\" data-end=\"408\" \/>\u2013 Exp 8IO-modul<\/p>\n<p data-start=\"425\" data-end=\"502\" data-is-last-node=\"\" data-is-only-node=\"\"><strong data-start=\"425\" data-end=\"446\">Anv\u00e4ndningsomr\u00e5de<\/strong><br data-start=\"446\" data-end=\"449\" \/>Anv\u00e4nds f\u00f6r fullst\u00e4ndig programmering av GSM-moduler.<\/p>","protected":false},"excerpt":{"rendered":"<ul>\n<li>Enkel och kompakt design. Plugga in i din larms\u00e4ndare direkt.<\/li>\n<li>Kabel och installations-CD ing\u00e5r inte.<\/li>\n<li>USB-drivrutinen kan laddas ner fr\u00e5n leverant\u00f6rens hemsida.<\/li>\n<li>Ger str\u00f6m och m\u00f6jligg\u00f6r programmering av ASC GSM-modulen.<\/li>\n<\/ul>","protected":false},"featured_media":94194,"template":"","meta":{"_acf_changed":false},"product_brand":[],"product_cat":[472],"product_tag":[],"class_list":{"0":"post-94196","1":"product","2":"type-product","3":"status-publish","4":"has-post-thumbnail","6":"product_cat-larmoverforing","7":"pa_brands-asc","8":"tm-no-options","10":"first","11":"instock","12":"sale","13":"taxable","14":"shipping-taxable","15":"product-type-simple"},"acf":[],"_links":{"self":[{"href":"https:\/\/stonehouse.se\/en\/wp-json\/wp\/v2\/product\/94196","targetHints":{"allow":["GET"]}}],"collection":[{"href":"https:\/\/stonehouse.se\/en\/wp-json\/wp\/v2\/product"}],"about":[{"href":"https:\/\/stonehouse.se\/en\/wp-json\/wp\/v2\/types\/product"}],"wp:featuredmedia":[{"embeddable":true,"href":"https:\/\/stonehouse.se\/en\/wp-json\/wp\/v2\/media\/94194"}],"wp:attachment":[{"href":"https:\/\/stonehouse.se\/en\/wp-json\/wp\/v2\/media?parent=94196"}],"wp:term":[{"taxonomy":"product_brand","embeddable":true,"href":"https:\/\/stonehouse.se\/en\/wp-json\/wp\/v2\/product_brand?post=94196"},{"taxonomy":"product_cat","embeddable":true,"href":"https:\/\/stonehouse.se\/en\/wp-json\/wp\/v2\/product_cat?post=94196"},{"taxonomy":"product_tag","embeddable":true,"href":"https:\/\/stonehouse.se\/en\/wp-json\/wp\/v2\/product_tag?post=94196"}],"curies":[{"name":"wp","href":"https:\/\/api.w.org\/{rel}","templated":true}]}}