
{"id":94206,"date":"2025-12-05T13:22:57","date_gmt":"2025-12-05T12:22:57","guid":{"rendered":"https:\/\/stonehouse.se\/produkt\/sma-cable-sma-antennforlangning-2m\/"},"modified":"2025-12-31T22:05:27","modified_gmt":"2025-12-31T21:05:27","slug":"sma-cable-sma-antennforlangning-2m","status":"publish","type":"product","link":"https:\/\/stonehouse.se\/en\/product\/sma-cable-sma-antennforlangning-2m\/","title":{"rendered":"SMA Cable \u2013 SMA antennf\u00f6rl\u00e4ngning 2m"},"content":{"rendered":"<p data-start=\"104\" data-end=\"286\">Antennf\u00f6rl\u00e4ngningskabel f\u00f6r SMA-anslutning. Perfekt n\u00e4r antennen beh\u00f6ver placeras l\u00e4ngre bort fr\u00e5n GSM-modulen f\u00f6r att s\u00e4kerst\u00e4lla b\u00e4ttre t\u00e4ckning och signalstyrka.<\/p>\n<p data-start=\"288\" data-end=\"444\"><strong data-start=\"288\" data-end=\"309\">Anv\u00e4ndningsomr\u00e5de<\/strong><br data-start=\"309\" data-end=\"312\" \/>Idealisk i exempelvis garage, hisschakt och andra installationer d\u00e4r antennkabeln beh\u00f6ver f\u00f6rl\u00e4ngas f\u00f6r att uppn\u00e5 stabil GSM-signal.<\/p>\n<p data-start=\"446\" data-end=\"542\" data-is-last-node=\"\" data-is-only-node=\"\"><strong data-start=\"446\" data-end=\"465\">Specifikationer<\/strong><br data-start=\"465\" data-end=\"468\" \/>\u2013 2 meter kabel<br data-start=\"483\" data-end=\"486\" \/>\u2013 SMA-kontakt<br data-start=\"499\" data-end=\"502\" \/>\u2013 Passar f\u00f6r f\u00f6rl\u00e4ngning av SMA-antenner<\/p>","protected":false},"excerpt":{"rendered":"<p>2M antennf\u00f6rl\u00e4ngningskabel f\u00f6r SMA-anslutning. Perfekt n\u00e4r antennen beh\u00f6ver placeras l\u00e4ngre bort fr\u00e5n GSM-modulen f\u00f6r att s\u00e4kerst\u00e4lla b\u00e4ttre t\u00e4ckning och signalstyrka.<\/p>","protected":false},"featured_media":94204,"template":"","meta":{"_acf_changed":false},"product_brand":[],"product_cat":[472],"product_tag":[],"class_list":{"0":"post-94206","1":"product","2":"type-product","3":"status-publish","4":"has-post-thumbnail","6":"product_cat-larmoverforing","7":"pa_brands-asc","8":"tm-no-options","10":"first","11":"instock","12":"sale","13":"taxable","14":"shipping-taxable","15":"product-type-simple"},"acf":[],"_links":{"self":[{"href":"https:\/\/stonehouse.se\/en\/wp-json\/wp\/v2\/product\/94206","targetHints":{"allow":["GET"]}}],"collection":[{"href":"https:\/\/stonehouse.se\/en\/wp-json\/wp\/v2\/product"}],"about":[{"href":"https:\/\/stonehouse.se\/en\/wp-json\/wp\/v2\/types\/product"}],"wp:featuredmedia":[{"embeddable":true,"href":"https:\/\/stonehouse.se\/en\/wp-json\/wp\/v2\/media\/94204"}],"wp:attachment":[{"href":"https:\/\/stonehouse.se\/en\/wp-json\/wp\/v2\/media?parent=94206"}],"wp:term":[{"taxonomy":"product_brand","embeddable":true,"href":"https:\/\/stonehouse.se\/en\/wp-json\/wp\/v2\/product_brand?post=94206"},{"taxonomy":"product_cat","embeddable":true,"href":"https:\/\/stonehouse.se\/en\/wp-json\/wp\/v2\/product_cat?post=94206"},{"taxonomy":"product_tag","embeddable":true,"href":"https:\/\/stonehouse.se\/en\/wp-json\/wp\/v2\/product_tag?post=94206"}],"curies":[{"name":"wp","href":"https:\/\/api.w.org\/{rel}","templated":true}]}}