
{"id":94291,"date":"2025-11-21T12:45:37","date_gmt":"2025-11-21T11:45:37","guid":{"rendered":"https:\/\/stonehouse.se\/produkt\/rokpatron-testifire-tes3\/"},"modified":"2026-04-08T16:00:01","modified_gmt":"2026-04-08T14:00:01","slug":"rokpatron-testifire-tes3","status":"publish","type":"product","link":"https:\/\/stonehouse.se\/en\/product\/rokpatron-testifire-tes3\/","title":{"rendered":"R\u00f6kpatron Testifire-TES3"},"content":{"rendered":"<h1>R\u00f6kpatron Testifire-TES3<\/h1>\n<h3>S\u00e4ker och tillf\u00f6rlitlig r\u00f6kdetektortestning<\/h3>\n<p>R\u00f6kpatron TES3 \u00e4r s\u00e4rskilt utvecklad f\u00f6r anv\u00e4ndning med multikriterieprovaren Testifire XTR2 och m\u00f6jligg\u00f6r korrekt och regeluppfyllande testning av r\u00f6kdetektorer.<\/p>\n<h3>Realistisk r\u00f6k \u2013 utan rester<\/h3>\n<p>TES3 inneh\u00e5ller en glycerolbaserad gel som v\u00e4rms upp i Testifire XTR2 och avger r\u00f6k som effektivt aktiverar b\u00e5de optiska och joniserande r\u00f6kdetektorer.<\/p>\n<h3>Anpassad f\u00f6r dokumenterad testning<\/h3>\n<p>I kombination med Testifire XTR2:s app och molnportal kan varje test automatiskt loggas i realtid.<\/p>","protected":false},"excerpt":{"rendered":"<p>Provningskit f\u00f6r R\u00f6k-detektorer \u2013 provning fr\u00e5n golvniv\u00e5.<br \/>\nProvningsh\u00f6jd: upp till ca enligt kit.<br \/>\nKapacitet: ca 800 tester per f\u00f6rbrukningsenhet.<br \/>\nInneh\u00e5ll\/komponenter: Testifire XTR2.<br \/>\nAnv\u00e4ndning: service, underh\u00e5ll, drifts\u00e4ttning och \u00e5terkommande kontroller i professionella milj\u00f6er.<\/p>","protected":false},"featured_media":94290,"template":"","meta":{"_acf_changed":false},"product_brand":[],"product_cat":[3698,3782,2292],"product_tag":[],"class_list":{"0":"post-94291","1":"product","2":"type-product","3":"status-publish","4":"has-post-thumbnail","6":"product_cat-xtr2","7":"product_cat-kassetter-rok-co","8":"product_cat-testfire","9":"pa_brands-testifire","10":"tm-no-options","12":"first","13":"instock","14":"sale","15":"taxable","16":"shipping-taxable","17":"product-type-simple"},"acf":[],"_links":{"self":[{"href":"https:\/\/stonehouse.se\/en\/wp-json\/wp\/v2\/product\/94291","targetHints":{"allow":["GET"]}}],"collection":[{"href":"https:\/\/stonehouse.se\/en\/wp-json\/wp\/v2\/product"}],"about":[{"href":"https:\/\/stonehouse.se\/en\/wp-json\/wp\/v2\/types\/product"}],"wp:featuredmedia":[{"embeddable":true,"href":"https:\/\/stonehouse.se\/en\/wp-json\/wp\/v2\/media\/94290"}],"wp:attachment":[{"href":"https:\/\/stonehouse.se\/en\/wp-json\/wp\/v2\/media?parent=94291"}],"wp:term":[{"taxonomy":"product_brand","embeddable":true,"href":"https:\/\/stonehouse.se\/en\/wp-json\/wp\/v2\/product_brand?post=94291"},{"taxonomy":"product_cat","embeddable":true,"href":"https:\/\/stonehouse.se\/en\/wp-json\/wp\/v2\/product_cat?post=94291"},{"taxonomy":"product_tag","embeddable":true,"href":"https:\/\/stonehouse.se\/en\/wp-json\/wp\/v2\/product_tag?post=94291"}],"curies":[{"name":"wp","href":"https:\/\/api.w.org\/{rel}","templated":true}]}}