
{"id":94308,"date":"2026-01-07T12:51:13","date_gmt":"2026-01-07T11:51:13","guid":{"rendered":"https:\/\/stonehouse.se\/produkt\/ajax-lockbridge-ajax-lasmodul-for-yale-doorman\/"},"modified":"2026-04-09T16:24:28","modified_gmt":"2026-04-09T14:24:28","slug":"ajax-lockbridge-ajax-lasmodul-for-yale-doorman","status":"publish","type":"product","link":"https:\/\/stonehouse.se\/en\/product\/ajax-lockbridge-ajax-lasmodul-for-yale-doorman\/","title":{"rendered":"Ajax LockBridge &#8211; Ajax L\u00e5smodul f\u00f6r Yale Doorman"},"content":{"rendered":"<h3 data-start=\"544\" data-end=\"609\">Ajax LockBridge \u2013 stabil Yale-integration f\u00f6r Ajax larmsystem<\/h3>\n<p data-start=\"611\" data-end=\"906\"><strong data-start=\"611\" data-end=\"630\">Ajax LockBridge<\/strong> \u00e4r en tr\u00e5dl\u00f6s l\u00e5smodul som g\u00f6r det m\u00f6jligt att fullt integrera <strong data-start=\"694\" data-end=\"710\">Yale Doorman<\/strong> (V2N, Classic, L3 och L3S) med <strong data-start=\"742\" data-end=\"761\">Ajax larmsystem<\/strong>. Med LockBridge f\u00e5r du en stabil, s\u00e4ker och professionell koppling mellan l\u00e5s och larm \u2013 helt utan beroende av Wi-Fi-bryggor eller molntj\u00e4nster.<\/p>\n<p data-start=\"908\" data-end=\"1203\">Till skillnad fr\u00e5n Yales traditionella Wi-Fi-l\u00f6sningar, som ofta lider av begr\u00e4nsad r\u00e4ckvidd och instabil uppkoppling, kommunicerar LockBridge via <strong data-start=\"1055\" data-end=\"1084\">Ajax Jeweller-protokollet<\/strong>. Det ger marknadsledande r\u00e4ckvidd, krypterad kommunikation och h\u00f6g drifts\u00e4kerhet \u2013 \u00e4ven om internet skulle ligga nere.<\/p>\n<hr data-start=\"1205\" data-end=\"1208\" \/>\n<h3 data-start=\"1210\" data-end=\"1247\">Full kontroll direkt i Ajax-appen<\/h3>\n<p data-start=\"1249\" data-end=\"1339\">N\u00e4r LockBridge \u00e4r installerad visas Yale-l\u00e5set som en <strong data-start=\"1303\" data-end=\"1330\">egen enhet i Ajax-appen<\/strong>. Du kan:<\/p>\n<ul data-start=\"1341\" data-end=\"1524\">\n<li data-start=\"1341\" data-end=\"1393\">\n<p data-start=\"1343\" data-end=\"1393\">L\u00e5sa och l\u00e5sa upp d\u00f6rren lokalt eller p\u00e5 distans<\/p>\n<\/li>\n<li data-start=\"1394\" data-end=\"1424\">\n<p data-start=\"1396\" data-end=\"1424\">Se l\u00e5sets status i realtid<\/p>\n<\/li>\n<li data-start=\"1425\" data-end=\"1478\">\n<p data-start=\"1427\" data-end=\"1478\">F\u00e5 notiser om vem som l\u00e5st eller l\u00e5st upp och n\u00e4r<\/p>\n<\/li>\n<li data-start=\"1479\" data-end=\"1524\">\n<p data-start=\"1481\" data-end=\"1524\">\u00d6vervaka batteriniv\u00e5 och underh\u00e5llsstatus<\/p>\n<\/li>\n<\/ul>\n<p data-start=\"1526\" data-end=\"1594\">Alla h\u00e4ndelser loggas, vilket ger full sp\u00e5rbarhet och \u00f6kad s\u00e4kerhet.<\/p>\n<hr data-start=\"1596\" data-end=\"1599\" \/>\n<h3 data-start=\"1601\" data-end=\"1641\">Smarta scenarier mellan l\u00e5s och larm<\/h3>\n<p data-start=\"1643\" data-end=\"1737\">Ajax LockBridge m\u00f6jligg\u00f6r <strong data-start=\"1669\" data-end=\"1722\">automatiserad samverkan mellan l\u00e5s och larmsystem<\/strong>, till exempel:<\/p>\n<ul data-start=\"1739\" data-end=\"1979\">\n<li data-start=\"1739\" data-end=\"1787\">\n<p data-start=\"1741\" data-end=\"1787\"><strong data-start=\"1741\" data-end=\"1785\">L\u00e5s d\u00f6rren \u2192 Aktivera larmet automatiskt<\/strong><\/p>\n<\/li>\n<li data-start=\"1788\" data-end=\"1830\">\n<p data-start=\"1790\" data-end=\"1830\"><strong data-start=\"1790\" data-end=\"1828\">L\u00e5s upp d\u00f6rren \u2192 Avaktivera larmet<\/strong><\/p>\n<\/li>\n<li data-start=\"1831\" data-end=\"1886\">\n<p data-start=\"1833\" data-end=\"1886\">L\u00e5s upp d\u00f6rren n\u00e4r larmet avaktiveras via knappsats<\/p>\n<\/li>\n<li data-start=\"1887\" data-end=\"1979\">\n<p data-start=\"1889\" data-end=\"1979\">Begr\u00e4nsa \u00e5tkomst s\u00e5 att v\u00e4ktare eller larmcentral endast kan l\u00e5sa upp vid bekr\u00e4ftat larm<\/p>\n<\/li>\n<\/ul>\n<p data-start=\"1981\" data-end=\"2052\">Du v\u00e4ljer sj\u00e4lv om <strong data-start=\"2000\" data-end=\"2040\">l\u00e5set eller larmet ska vara \u201cmaster\u201d<\/strong> i systemet.<\/p>\n<hr data-start=\"2054\" data-end=\"2057\" \/>\n<h3 data-start=\"2059\" data-end=\"2088\">Avancerad \u00e5tkomstkontroll<\/h3>\n<p data-start=\"2090\" data-end=\"2154\">Administrat\u00f6ren kan tilldela <strong data-start=\"2119\" data-end=\"2148\">individuella beh\u00f6righeter<\/strong> till:<\/p>\n<ul data-start=\"2155\" data-end=\"2192\">\n<li data-start=\"2155\" data-end=\"2166\">\n<p data-start=\"2157\" data-end=\"2166\">Anv\u00e4ndare<\/p>\n<\/li>\n<li data-start=\"2167\" data-end=\"2176\">\n<p data-start=\"2169\" data-end=\"2176\">V\u00e4ktare<\/p>\n<\/li>\n<li data-start=\"2177\" data-end=\"2192\">\n<p data-start=\"2179\" data-end=\"2192\">Larmcentral<\/p>\n<\/li>\n<\/ul>\n<p data-start=\"2194\" data-end=\"2202\">Hantera:<\/p>\n<ul data-start=\"2203\" data-end=\"2279\">\n<li data-start=\"2203\" data-end=\"2215\">\n<p data-start=\"2205\" data-end=\"2215\">L\u00e5skoder<\/p>\n<\/li>\n<li data-start=\"2216\" data-end=\"2231\">\n<p data-start=\"2218\" data-end=\"2231\">Yale-taggar<\/p>\n<\/li>\n<li data-start=\"2232\" data-end=\"2258\">\n<p data-start=\"2234\" data-end=\"2258\">Tidsstyrda r\u00e4ttigheter<\/p>\n<\/li>\n<li data-start=\"2259\" data-end=\"2279\">\n<p data-start=\"2261\" data-end=\"2279\">Autol\u00e5s-funktion<\/p>\n<\/li>\n<\/ul>\n<p data-start=\"2281\" data-end=\"2354\">Alla inst\u00e4llningar g\u00f6rs direkt i Ajax-appen och kan \u00e4ndras n\u00e4r som helst.<\/p>\n<hr data-start=\"2356\" data-end=\"2359\" \/>\n<h3 data-start=\"2361\" data-end=\"2383\">Enkel installation<\/h3>\n<p data-start=\"2385\" data-end=\"2473\">Ajax LockBridge installeras <strong data-start=\"2413\" data-end=\"2436\">direkt i Yale-l\u00e5set<\/strong> och kr\u00e4ver inga externa str\u00f6mk\u00e4llor.<\/p>\n<p data-start=\"2475\" data-end=\"2502\"><strong data-start=\"2475\" data-end=\"2502\">Installation i korthet:<\/strong><\/p>\n<ol data-start=\"2503\" data-end=\"2658\">\n<li data-start=\"2503\" data-end=\"2541\">\n<p data-start=\"2506\" data-end=\"2541\">Montera LockBridge i Yale Doorman<\/p>\n<\/li>\n<li data-start=\"2542\" data-end=\"2575\">\n<p data-start=\"2545\" data-end=\"2575\">Skanna QR-koden i Ajax-appen<\/p>\n<\/li>\n<li data-start=\"2576\" data-end=\"2614\">\n<p data-start=\"2579\" data-end=\"2614\">F\u00f6lj steg-f\u00f6r-steg-guiden i appen<\/p>\n<\/li>\n<li data-start=\"2615\" data-end=\"2658\">\n<p data-start=\"2618\" data-end=\"2658\">Konfigurera scenarier och beh\u00f6righeter<\/p>\n<\/li>\n<\/ol>\n<p data-start=\"2660\" data-end=\"2746\">Modulen drivs av <strong data-start=\"2677\" data-end=\"2702\">l\u00e5sets egna batterier<\/strong> och uppdateras automatiskt med ny firmware.<\/p>\n<hr data-start=\"2996\" data-end=\"2999\" \/>\n<h2 data-start=\"3001\" data-end=\"3028\">Tekniska specifikationer<\/h2>\n<ul data-start=\"3030\" data-end=\"3569\">\n<li data-start=\"3030\" data-end=\"3081\">\n<p data-start=\"3032\" data-end=\"3081\"><strong data-start=\"3032\" data-end=\"3044\">Produkt:<\/strong> Ajax LockBridge \u2013 Yale-integration<\/p>\n<\/li>\n<li data-start=\"3082\" data-end=\"3111\">\n<p data-start=\"3084\" data-end=\"3111\"><strong data-start=\"3084\" data-end=\"3092\">Typ:<\/strong> Tr\u00e5dl\u00f6s l\u00e5smodul<\/p>\n<\/li>\n<li data-start=\"3112\" data-end=\"3170\">\n<p data-start=\"3114\" data-end=\"3170\"><strong data-start=\"3114\" data-end=\"3133\">Kompatibla l\u00e5s:<\/strong> Yale Doorman V2N, Classic, L3, L3S<\/p>\n<\/li>\n<li data-start=\"3171\" data-end=\"3335\">\n<p data-start=\"3173\" data-end=\"3335\"><strong data-start=\"3173\" data-end=\"3197\">Ajax-kompatibilitet:<\/strong><br data-start=\"3197\" data-end=\"3200\" \/>Hub 2 (2G\/4G), Hub 2 Plus, Hub BP, Hub G3, Fire Hub, Hub Hybrid 2, MegaHub, ReX \/ ReX 2<br data-start=\"3289\" data-end=\"3292\" \/>\u26a0\ufe0f <em data-start=\"3297\" data-end=\"3333\">Ej kompatibel med Hub Hybrid Fibra<\/em><\/p>\n<\/li>\n<li data-start=\"3336\" data-end=\"3391\">\n<p data-start=\"3338\" data-end=\"3391\"><strong data-start=\"3338\" data-end=\"3359\">Tr\u00e5dl\u00f6s r\u00e4ckvidd:<\/strong> Upp till 1400 m (fri terr\u00e4ng)<\/p>\n<\/li>\n<li data-start=\"3392\" data-end=\"3440\">\n<p data-start=\"3394\" data-end=\"3440\"><strong data-start=\"3394\" data-end=\"3412\">Kommunikation:<\/strong> Ajax Jeweller (krypterad)<\/p>\n<\/li>\n<li data-start=\"3441\" data-end=\"3492\">\n<p data-start=\"3443\" data-end=\"3492\"><strong data-start=\"3443\" data-end=\"3464\">Str\u00f6mf\u00f6rs\u00f6rjning:<\/strong> Drivs av l\u00e5sets batterier<\/p>\n<\/li>\n<li data-start=\"3493\" data-end=\"3537\">\n<p data-start=\"3495\" data-end=\"3537\"><strong data-start=\"3495\" data-end=\"3516\">Temperaturomr\u00e5de:<\/strong> \u221210 \u00b0C till +40 \u00b0C<\/p>\n<\/li>\n<li data-start=\"3538\" data-end=\"3569\">\n<p data-start=\"3540\" data-end=\"3569\"><strong data-start=\"3540\" data-end=\"3562\">Max luftfuktighet:<\/strong> 75 %<\/p>\n<\/li>\n<\/ul>","protected":false},"excerpt":{"rendered":"<p><strong data-start=\"230\" data-end=\"249\">Ajax LockBridge<\/strong> \u00e4r en tr\u00e5dl\u00f6s l\u00e5smodul som integrerar <strong data-start=\"288\" data-end=\"328\">Yale Doorman V2N\/Classic samt L3\/L3S<\/strong> direkt med Ajax larmsystem. Styr och \u00f6vervaka l\u00e5set via Ajax-appen, skapa smarta scenarier mellan l\u00e5s och larm och f\u00e5 stabil kommunikation via Ajax Jeweller.<\/p>","protected":false},"featured_media":94309,"template":"","meta":{"_acf_changed":false},"product_brand":[],"product_cat":[2714],"product_tag":[],"class_list":{"0":"post-94308","1":"product","2":"type-product","3":"status-publish","4":"has-post-thumbnail","6":"product_cat-integration","7":"product_shipping_class-postnord-varubrev","8":"pa_brands-ajax-systems","9":"tm-no-options","11":"first","12":"instock","13":"sale","14":"taxable","15":"shipping-taxable","16":"product-type-simple"},"acf":[],"_links":{"self":[{"href":"https:\/\/stonehouse.se\/en\/wp-json\/wp\/v2\/product\/94308","targetHints":{"allow":["GET"]}}],"collection":[{"href":"https:\/\/stonehouse.se\/en\/wp-json\/wp\/v2\/product"}],"about":[{"href":"https:\/\/stonehouse.se\/en\/wp-json\/wp\/v2\/types\/product"}],"wp:featuredmedia":[{"embeddable":true,"href":"https:\/\/stonehouse.se\/en\/wp-json\/wp\/v2\/media\/94309"}],"wp:attachment":[{"href":"https:\/\/stonehouse.se\/en\/wp-json\/wp\/v2\/media?parent=94308"}],"wp:term":[{"taxonomy":"product_brand","embeddable":true,"href":"https:\/\/stonehouse.se\/en\/wp-json\/wp\/v2\/product_brand?post=94308"},{"taxonomy":"product_cat","embeddable":true,"href":"https:\/\/stonehouse.se\/en\/wp-json\/wp\/v2\/product_cat?post=94308"},{"taxonomy":"product_tag","embeddable":true,"href":"https:\/\/stonehouse.se\/en\/wp-json\/wp\/v2\/product_tag?post=94308"}],"curies":[{"name":"wp","href":"https:\/\/api.w.org\/{rel}","templated":true}]}}