
{"id":94338,"date":"2022-07-04T07:50:02","date_gmt":"2022-07-04T05:50:02","guid":{"rendered":"https:\/\/stonehouse.se\/produkt\/ellas-sl630\/"},"modified":"2026-03-18T12:10:53","modified_gmt":"2026-03-18T11:10:53","slug":"ellas-sl630","status":"publish","type":"product","link":"https:\/\/stonehouse.se\/en\/product\/ellas-sl630\/","title":{"rendered":"Safetron Ell\u00e5s SL630 (Nya generationen)"},"content":{"rendered":"<p>SAFETRON SL630 (nya geneationen)\u00a0 \u00e4r ett elektromekaniskt l\u00e5s med patents\u00f6kt listtrycksteknik. L\u00e5set har ett brett och unikt anv\u00e4ndningsomr\u00e5de som t\u00e4cker in funktionskrav s\u00e5som elektrisk aktivering, d\u00f6rrautomatik, n\u00f6dutrymning, brandigenh\u00e5llning, splitfunktion samt \u00e5terinrymning. Aldrig tidigare har s\u00e5 m\u00e5nga komplexa funktionskrav uppfyllts av ett och samma l\u00e5shus.<\/p>\n<p>SAFETRON SL630 kan med f\u00f6rdel anv\u00e4ndas i kombination med d\u00f6rrautomatik men samtidigt f\u00f6rses med trycken som aktiveras elektroniskt. L\u00e5set \u00e4r f\u00f6rsett med dubbla solenoider, den ena styr uppl\u00e5sning av dubbelfunktionsfall och den andra aktivering av tryckesfunktionen. Detta inneb\u00e4r att anslutning kan ske separat till d\u00f6rrautomatik respektive passagesystem.<\/p>\n<p>\u2022 Dubbelfunktionsfall: R\u00e4ttv\u00e4nd funktion<\/p>\n<p>\u2022 Trycke: Omv\u00e4nd funktion<\/p>\n<p>SAFETRON SL630 kan st\u00e4llas i split eller enkel funktion vilket inneb\u00e4r att tryckena \u00f6ppnar via elektronisk aktivering fr\u00e5n b\u00e4gge sidor.<\/p>\n<p>SAFETRON SL630 \u00e4r certifierad och CE-m\u00e4rkt f\u00f6r anv\u00e4ndning i brandcellsgr\u00e4nser h\u00f6gst brandteknisk klass: 120min.<\/p>\n<p>SAFETRON SL630 kan f\u00f6rses med tv\u00e5 olika n\u00f6dutrymningsbeslag: 793 eller 794. V\u00e4lj 793 f\u00f6r tryckespositionen n\u00e4r l\u00e5set \u00e4r st\u00e4llt i split funktion eller 794 f\u00f6r cylinderpositionen n\u00e4r l\u00e5set \u00e4r st\u00e4llt i enkel funktion alternativt n\u00e4r draghandtag skall anv\u00e4ndas.<\/p>\n<p>SAFETRON SL630 tillgodoser \u00e4ven kraven f\u00f6r \u00e5terinrymning. L\u00e5sets tryckesfunktion har omv\u00e4nd funktion och d\u00e4rigenom aktiveras \u00e5terinrymning genom nedbrytning av sp\u00e4nningen till d\u00f6rrmilj\u00f6n. Nedbrytningen kan ske genom aktiverat brandlarm eller genom aktiverat n\u00f6dbeslag 794 i kombination med rel\u00e4kortet SAFETRON REC (Re-entry card).<\/p>\n<p>\u2022 Split eller enkel funktion<\/p>\n<p>\u2022 Listtrycksteknik<\/p>\n<p>\u2022 Brandgodk\u00e4nd: 120min<\/p>\n<p>\u2022 Anpassad f\u00f6r d\u00f6rrautomatik<\/p>\n<p>\u2022 Modern kolvplacering<\/p>\n<p>\u2022 R\u00e4ttv\u00e4nd och omv\u00e4nd funktion<\/p>\n<p>\u2022 N\u00f6dutrymning enligt SS-EN 179<\/p>\n<p>\u2022 Indikeringar: f\u00f6rregling, tryckesr\u00f6relse, cylinder &amp; d\u00f6rrstatus<\/p>\n<p>\u2022 Multisp\u00e4nning: 10-30VDC<\/p>\n<p>\u2022 Godk\u00e4nd n\u00f6dutrymning tillsammans med N\u00f6dbeh\u00f6r 793 &amp; 794<\/p>\n<p>\u2022 \u00c5terinrymning genom brandlarmsnedbrytning eller via SAFETRON REC (Re-entry card)<\/p>","protected":false},"excerpt":{"rendered":"<p>SAFETRON SL630 (nya geneationen)\u00a0 \u00e4r ett elektromekaniskt l\u00e5s med patents\u00f6kt listtrycksteknik. L\u00e5set har ett brett och unikt anv\u00e4ndningsomr\u00e5de som t\u00e4cker<\/p>","protected":false},"featured_media":83113,"template":"","meta":{"_acf_changed":false},"product_brand":[],"product_cat":[447],"product_tag":[1619,1794,3727,1793],"class_list":{"0":"post-94338","1":"product","2":"type-product","3":"status-publish","4":"has-post-thumbnail","6":"product_cat-las-tillbehor-safetron","7":"product_tag-ellas-eltryckeslas","8":"product_tag-rel-safetron-eltryckeslas","9":"product_tag-safetron-20","10":"product_tag-safetron-eltryckeslas","11":"product_shipping_class-tunga-paket","12":"pa_brands-7safetron","13":"tm-no-options","15":"first","16":"instock","17":"sale","18":"featured","19":"taxable","20":"shipping-taxable","21":"product-type-simple"},"acf":[],"_links":{"self":[{"href":"https:\/\/stonehouse.se\/en\/wp-json\/wp\/v2\/product\/94338","targetHints":{"allow":["GET"]}}],"collection":[{"href":"https:\/\/stonehouse.se\/en\/wp-json\/wp\/v2\/product"}],"about":[{"href":"https:\/\/stonehouse.se\/en\/wp-json\/wp\/v2\/types\/product"}],"wp:featuredmedia":[{"embeddable":true,"href":"https:\/\/stonehouse.se\/en\/wp-json\/wp\/v2\/media\/83113"}],"wp:attachment":[{"href":"https:\/\/stonehouse.se\/en\/wp-json\/wp\/v2\/media?parent=94338"}],"wp:term":[{"taxonomy":"product_brand","embeddable":true,"href":"https:\/\/stonehouse.se\/en\/wp-json\/wp\/v2\/product_brand?post=94338"},{"taxonomy":"product_cat","embeddable":true,"href":"https:\/\/stonehouse.se\/en\/wp-json\/wp\/v2\/product_cat?post=94338"},{"taxonomy":"product_tag","embeddable":true,"href":"https:\/\/stonehouse.se\/en\/wp-json\/wp\/v2\/product_tag?post=94338"}],"curies":[{"name":"wp","href":"https:\/\/api.w.org\/{rel}","templated":true}]}}