
{"id":94415,"date":"2025-11-20T11:47:40","date_gmt":"2025-11-20T10:47:40","guid":{"rendered":"https:\/\/stonehouse.se\/produkt\/fjarrindikator-for-sakerhetssystem-5-25-volt\/"},"modified":"2026-03-10T12:11:29","modified_gmt":"2026-03-10T11:11:29","slug":"fjarrindikator-for-sakerhetssystem-5-25-volt","status":"publish","type":"product","link":"https:\/\/stonehouse.se\/en\/product\/fjarrindikator-for-sakerhetssystem-5-25-volt\/","title":{"rendered":"Fj\u00e4rrindikator f\u00f6r s\u00e4kerhetssystem  5 &#8211; 25 volt"},"content":{"rendered":"<p data-start=\"140\" data-end=\"466\">TD-SL37 \u00e4r en professionell <strong data-start=\"168\" data-end=\"192\">fj\u00e4rrindikator (LED)<\/strong> f\u00f6r tydlig visuell indikering i olika typer av larmsystem och tekniska installationer. Den anv\u00e4nds n\u00e4r du vill att en aktivering ska synas p\u00e5 en annan plats \u00e4n d\u00e4r givaren eller centralutrustningen sitter \u2013 exempelvis i korridorer, entr\u00e9er, apparatsk\u00e5p eller driftutrymmen.<\/p>\n<p data-start=\"468\" data-end=\"644\">Den fungerar som en <strong data-start=\"541\" data-end=\"559\">indikator\/diod<\/strong> som kopplas till systemets utg\u00e5ng eller zon och visar status med ett klart LED-ljus.<\/p>\n<hr data-start=\"646\" data-end=\"649\" \/>\n<h3 data-start=\"651\" data-end=\"687\">Typiska anv\u00e4ndningsomr\u00e5den (B2B)<\/h3>\n<ul data-start=\"688\" data-end=\"983\">\n<li data-start=\"688\" data-end=\"747\">\n<p data-start=\"690\" data-end=\"747\"><strong data-start=\"690\" data-end=\"704\">Brandlarm:<\/strong> visuell indikering fr\u00e5n detektor\/larmzon<\/p>\n<\/li>\n<li data-start=\"748\" data-end=\"830\">\n<p data-start=\"750\" data-end=\"830\"><strong data-start=\"750\" data-end=\"767\">Inbrottslarm:<\/strong> indikering fr\u00e5n larmzon, magnetkontakt, PIR eller larmutg\u00e5ng<\/p>\n<\/li>\n<li data-start=\"831\" data-end=\"915\">\n<p data-start=\"833\" data-end=\"915\"><strong data-start=\"833\" data-end=\"866\">Tele- och teknikanl\u00e4ggningar:<\/strong> status-\/felindikering, larmutg\u00e5ngar, driftlarm<\/p>\n<\/li>\n<li data-start=\"916\" data-end=\"983\">\n<p data-start=\"918\" data-end=\"983\"><strong data-start=\"918\" data-end=\"952\">\u00d6vriga l\u00e5gsp\u00e4nningssystem (DC)<\/strong> d\u00e4r visuell indikering kr\u00e4vs<\/p>\n<\/li>\n<\/ul>\n<hr data-start=\"985\" data-end=\"988\" \/>\n<h3 data-start=\"990\" data-end=\"1002\">F\u00f6rdelar<\/h3>\n<ul data-start=\"1003\" data-end=\"1253\">\n<li data-start=\"1003\" data-end=\"1053\">\n<p data-start=\"1005\" data-end=\"1053\">Tydlig LED-indikering f\u00f6r snabb statuskontroll<\/p>\n<\/li>\n<li data-start=\"1054\" data-end=\"1114\">\n<p data-start=\"1056\" data-end=\"1114\">Brett driftomr\u00e5de <strong data-start=\"1074\" data-end=\"1090\">4,5\u201325,5 VDC<\/strong> \u2013 passar m\u00e5nga system<\/p>\n<\/li>\n<li data-start=\"1115\" data-end=\"1151\">\n<p data-start=\"1117\" data-end=\"1151\">L\u00e5g str\u00f6mf\u00f6rbrukning <strong data-start=\"1138\" data-end=\"1149\">6\u201310 mA<\/strong><\/p>\n<\/li>\n<li data-start=\"1152\" data-end=\"1194\">\n<p data-start=\"1154\" data-end=\"1194\">Robust ABS-kapsling f\u00f6r l\u00e5ng livsl\u00e4ngd<\/p>\n<\/li>\n<li data-start=\"1195\" data-end=\"1253\">\n<p data-start=\"1197\" data-end=\"1253\">Diskret format som passar fast montage i m\u00e5nga milj\u00f6er<\/p>\n<\/li>\n<\/ul>\n<hr data-start=\"1255\" data-end=\"1258\" \/>\n<h3 data-start=\"1260\" data-end=\"1285\">Teknisk specifikation<\/h3>\n<ul data-start=\"1286\" data-end=\"1523\">\n<li data-start=\"1286\" data-end=\"1309\">\n<p data-start=\"1288\" data-end=\"1309\"><strong data-start=\"1288\" data-end=\"1299\">Modell:<\/strong> TD-SL37<\/p>\n<\/li>\n<li data-start=\"1310\" data-end=\"1327\">\n<p data-start=\"1312\" data-end=\"1327\"><strong data-start=\"1312\" data-end=\"1321\">F\u00e4rg:<\/strong> Vit<\/p>\n<\/li>\n<li data-start=\"1328\" data-end=\"1365\">\n<p data-start=\"1330\" data-end=\"1365\"><strong data-start=\"1330\" data-end=\"1350\">Sp\u00e4nningsomr\u00e5de:<\/strong> 4,5\u201325,5 VDC<\/p>\n<\/li>\n<li data-start=\"1366\" data-end=\"1399\">\n<p data-start=\"1368\" data-end=\"1399\"><strong data-start=\"1368\" data-end=\"1389\">Str\u00f6mf\u00f6rbrukning:<\/strong> 6\u201310 mA<\/p>\n<\/li>\n<li data-start=\"1400\" data-end=\"1444\">\n<p data-start=\"1402\" data-end=\"1444\"><strong data-start=\"1402\" data-end=\"1423\">Temperaturomr\u00e5de:<\/strong> \u221210 \u00b0C till +50 \u00b0C<\/p>\n<\/li>\n<li data-start=\"1445\" data-end=\"1474\">\n<p data-start=\"1447\" data-end=\"1474\"><strong data-start=\"1447\" data-end=\"1465\">Luftfuktighet:<\/strong> 0\u201395 %<\/p>\n<\/li>\n<li data-start=\"1475\" data-end=\"1493\">\n<p data-start=\"1477\" data-end=\"1493\"><strong data-start=\"1477\" data-end=\"1486\">Vikt:<\/strong> 50 g<\/p>\n<\/li>\n<li data-start=\"1494\" data-end=\"1523\">\n<p data-start=\"1496\" data-end=\"1523\"><strong data-start=\"1496\" data-end=\"1505\">M\u00e5tt:<\/strong> 86 \u00d7 86 \u00d7 33 mm<\/p>\n<\/li>\n<\/ul>","protected":false},"excerpt":{"rendered":"<p>Fj\u00e4rrindikator TD-SL37 f\u00f6r brandlarm \u00e4r en vit, p\u00e5litlig signalenhet som ger tydlig visuell indikation fr\u00e5n dina branddetektorer eller larmenheter.<\/p>\n<p>Med energisn\u00e5l LED-teknik och bred sp\u00e4nningsanpassning (4.5-25.5VDC) passar den perfekt i professionella brands\u00e4kerhetssystem.<\/p>\n<p>Den diskreta vita f\u00e4rgen och enkel installation g\u00f6r den idealisk f\u00f6r flerbostadshus, kontor och industrilokaler.<\/p>","protected":false},"featured_media":94409,"template":"","meta":{"_acf_changed":false},"product_brand":[],"product_cat":[3799],"product_tag":[1596],"class_list":{"0":"post-94415","1":"product","2":"type-product","3":"status-publish","4":"has-post-thumbnail","6":"product_cat-indikering-summer","7":"product_tag-larmdon-blixtljus-rod","8":"product_shipping_class-postnord-varubrev","9":"pa_brands-stonehouse-security","10":"pa_farg-vit","11":"tm-no-options","13":"first","14":"instock","15":"sale","16":"featured","17":"taxable","18":"shipping-taxable","19":"product-type-simple"},"acf":[],"_links":{"self":[{"href":"https:\/\/stonehouse.se\/en\/wp-json\/wp\/v2\/product\/94415","targetHints":{"allow":["GET"]}}],"collection":[{"href":"https:\/\/stonehouse.se\/en\/wp-json\/wp\/v2\/product"}],"about":[{"href":"https:\/\/stonehouse.se\/en\/wp-json\/wp\/v2\/types\/product"}],"wp:featuredmedia":[{"embeddable":true,"href":"https:\/\/stonehouse.se\/en\/wp-json\/wp\/v2\/media\/94409"}],"wp:attachment":[{"href":"https:\/\/stonehouse.se\/en\/wp-json\/wp\/v2\/media?parent=94415"}],"wp:term":[{"taxonomy":"product_brand","embeddable":true,"href":"https:\/\/stonehouse.se\/en\/wp-json\/wp\/v2\/product_brand?post=94415"},{"taxonomy":"product_cat","embeddable":true,"href":"https:\/\/stonehouse.se\/en\/wp-json\/wp\/v2\/product_cat?post=94415"},{"taxonomy":"product_tag","embeddable":true,"href":"https:\/\/stonehouse.se\/en\/wp-json\/wp\/v2\/product_tag?post=94415"}],"curies":[{"name":"wp","href":"https:\/\/api.w.org\/{rel}","templated":true}]}}