
{"id":94417,"date":"2025-11-20T10:17:32","date_gmt":"2025-11-20T09:17:32","guid":{"rendered":"https:\/\/stonehouse.se\/produkt\/blixtljus-vit-led-td-sl32-12-24v\/"},"modified":"2026-03-10T12:11:37","modified_gmt":"2026-03-10T11:11:37","slug":"blixtljus-vit-led-td-sl32-12-24v","status":"publish","type":"product","link":"https:\/\/stonehouse.se\/en\/product\/blixtljus-vit-led-td-sl32-12-24v\/","title":{"rendered":"Blixtljus VIT LED TD-SL32  12-24V Lampa med 90 blixtar per minut 12-24V"},"content":{"rendered":"<h2>Blixtljus TD-SL32 \u2013 Vit LED (12\u201324V)<\/h2>\n<p>Kompakt <strong>LED-stroboskop<\/strong> f\u00f6r visuell larmindikering. Blinkar kraftigt vid aktivering och passar f\u00f6r t.ex. <strong>inbrottslarm, tekniklarm och larminstallationer<\/strong> i villa, butik, lager och industri.<\/p>\n<p><strong>F\u00f6rdelar<\/strong><\/p>\n<ul>\n<li>LED-stroboskop, tydlig larmindikering<\/li>\n<li>Drift: <strong>DC 12V \/ 24V<\/strong><\/li>\n<li>L\u00e5g f\u00f6rbrukning: <strong>\u226480 mA<\/strong><\/li>\n<li>Robust ABS-kapsling<\/li>\n<li>Enkel montering med f\u00e4ste\/skruv<\/li>\n<\/ul>\n<p><strong>Teknisk data<\/strong><\/p>\n<ul>\n<li>Blinkfrekvens: <strong>90\/min<\/strong><\/li>\n<li>Temp: <strong>\u221210 till +50 \u00b0C<\/strong><\/li>\n<li>M\u00e5tt: <strong>70 \u00d7 45 mm<\/strong><\/li>\n<li>Weight: <strong>ca 100 g<\/strong><\/li>\n<li>Anslutning: <strong>R\u00f6d = +<\/strong>, <strong>Svart = \u2212<\/strong><\/li>\n<\/ul>","protected":false},"excerpt":{"rendered":"<p>Denna vita stroboskoplampsignal (Modell TD-SL32) \u00e4r en p\u00e5litlig visuell varningsenhet f\u00f6r larmanl\u00e4ggningar.<\/p>\n<p>Den fungerar med 12V eller 24V system och ger ett kraftfullt, blinkande vitt ljus (90 blink\/minut.<\/p>","protected":false},"featured_media":94416,"template":"","meta":{"_acf_changed":false},"product_brand":[],"product_cat":[3800],"product_tag":[3778],"class_list":{"0":"post-94417","1":"product","2":"type-product","3":"status-publish","4":"has-post-thumbnail","6":"product_cat-blixtljus-kombisiren","7":"product_tag-larmdon-blixtljus-vit","8":"product_shipping_class-postnord-varubrev","9":"pa_brands-stonehouse-security","10":"pa_farg-vit","11":"tm-no-options","13":"first","14":"instock","15":"featured","16":"taxable","17":"shipping-taxable","18":"product-type-simple"},"acf":[],"_links":{"self":[{"href":"https:\/\/stonehouse.se\/en\/wp-json\/wp\/v2\/product\/94417","targetHints":{"allow":["GET"]}}],"collection":[{"href":"https:\/\/stonehouse.se\/en\/wp-json\/wp\/v2\/product"}],"about":[{"href":"https:\/\/stonehouse.se\/en\/wp-json\/wp\/v2\/types\/product"}],"wp:featuredmedia":[{"embeddable":true,"href":"https:\/\/stonehouse.se\/en\/wp-json\/wp\/v2\/media\/94416"}],"wp:attachment":[{"href":"https:\/\/stonehouse.se\/en\/wp-json\/wp\/v2\/media?parent=94417"}],"wp:term":[{"taxonomy":"product_brand","embeddable":true,"href":"https:\/\/stonehouse.se\/en\/wp-json\/wp\/v2\/product_brand?post=94417"},{"taxonomy":"product_cat","embeddable":true,"href":"https:\/\/stonehouse.se\/en\/wp-json\/wp\/v2\/product_cat?post=94417"},{"taxonomy":"product_tag","embeddable":true,"href":"https:\/\/stonehouse.se\/en\/wp-json\/wp\/v2\/product_tag?post=94417"}],"curies":[{"name":"wp","href":"https:\/\/api.w.org\/{rel}","templated":true}]}}