
{"id":94590,"date":"2025-11-21T14:39:25","date_gmt":"2025-11-21T13:39:25","guid":{"rendered":"https:\/\/stonehouse.se\/produkt\/provkit-testifire-xtr2-provningshojd-4-m-varme-rok\/"},"modified":"2026-04-08T15:59:48","modified_gmt":"2026-04-08T13:59:48","slug":"provkit-testifire-xtr2-provningshojd-4-m-varme-rok","status":"publish","type":"product","link":"https:\/\/stonehouse.se\/en\/product\/provkit-testifire-xtr2-provningshojd-4-m-varme-rok\/","title":{"rendered":"Provkit Testifire XTR2 provningsh\u00f6jd 4 m (V\u00e4rme + R\u00f6k)"},"content":{"rendered":"<h1>Provkit Testifire XTR2 provningsh\u00f6jd 4 m (V\u00e4rme + R\u00f6k)<\/h1>\n<h3>S\u00e4ker provning av r\u00f6k- och v\u00e4rmedetektorer upp till 4 m<\/h3>\n<p>Provkit Testifire XTR2 \u00e4r utvecklat f\u00f6r effektiv funktionsprovning av r\u00f6k- och v\u00e4rmedetektorer i byggnader d\u00e4r takh\u00f6jden \u00f6verstiger standardniv\u00e5.<\/p>\n<h3>Realistisk test med r\u00f6k och v\u00e4rme<\/h3>\n<p>Testifire 1001 genererar kontrollerad r\u00f6k och v\u00e4rme f\u00f6r att aktivera detektorn p\u00e5 ett verklighetstroget s\u00e4tt.<\/p>\n<h3>Enkel och professionell arbetsl\u00f6sning<\/h3>\n<p>Med Solo 108-st\u00e5ngen n\u00e5r du detektorer upp till cirka 4 meters h\u00f6jd p\u00e5 ett stabilt och kontrollerat s\u00e4tt.<\/p>\n<h3>Tekniska specifikationer<\/h3>\n<ul>\n<li>Provningsh\u00f6jd: cirka 4 m<\/li>\n<li>Detektortyper: R\u00f6k- och v\u00e4rmedetektorer<\/li>\n<li>Testutrustning: Testifire 1001<\/li>\n<li>St\u00e5ng: Solo 108<\/li>\n<li>Anv\u00e4ndning: Provning fr\u00e5n golvniv\u00e5<\/li>\n<\/ul>","protected":false},"excerpt":{"rendered":"<p>Provningskit f\u00f6r R\u00f6k, V\u00e4rme-detektorer \u2013 provning fr\u00e5n golvniv\u00e5.<br \/>\nProvningsh\u00f6jd: upp till ca 4 m.<br \/>\nInneh\u00e5ll\/komponenter: Testifire XTR2, Testifire 1001, Solo 108.<br \/>\nAnv\u00e4ndning: service, underh\u00e5ll, drifts\u00e4ttning och \u00e5terkommande kontroller i professionella milj\u00f6er.<\/p>","protected":false},"featured_media":94589,"template":"","meta":{"_acf_changed":false},"product_brand":[],"product_cat":[2292,3792],"product_tag":[],"class_list":{"0":"post-94590","1":"product","2":"type-product","3":"status-publish","4":"has-post-thumbnail","6":"product_cat-testfire","7":"product_cat-testifire-kit-testfire","8":"tm-no-options","10":"first","11":"instock","12":"sale","13":"taxable","14":"shipping-taxable","15":"product-type-simple"},"acf":[],"_links":{"self":[{"href":"https:\/\/stonehouse.se\/en\/wp-json\/wp\/v2\/product\/94590","targetHints":{"allow":["GET"]}}],"collection":[{"href":"https:\/\/stonehouse.se\/en\/wp-json\/wp\/v2\/product"}],"about":[{"href":"https:\/\/stonehouse.se\/en\/wp-json\/wp\/v2\/types\/product"}],"wp:featuredmedia":[{"embeddable":true,"href":"https:\/\/stonehouse.se\/en\/wp-json\/wp\/v2\/media\/94589"}],"wp:attachment":[{"href":"https:\/\/stonehouse.se\/en\/wp-json\/wp\/v2\/media?parent=94590"}],"wp:term":[{"taxonomy":"product_brand","embeddable":true,"href":"https:\/\/stonehouse.se\/en\/wp-json\/wp\/v2\/product_brand?post=94590"},{"taxonomy":"product_cat","embeddable":true,"href":"https:\/\/stonehouse.se\/en\/wp-json\/wp\/v2\/product_cat?post=94590"},{"taxonomy":"product_tag","embeddable":true,"href":"https:\/\/stonehouse.se\/en\/wp-json\/wp\/v2\/product_tag?post=94590"}],"curies":[{"name":"wp","href":"https:\/\/api.w.org\/{rel}","templated":true}]}}