
{"id":94602,"date":"2025-11-21T14:04:57","date_gmt":"2025-11-21T13:04:57","guid":{"rendered":"https:\/\/stonehouse.se\/produkt\/solo-312-provningshojd-73-m-rok-varme-extra-es3-nedtagare-vaskor\/"},"modified":"2026-04-08T16:05:17","modified_gmt":"2026-04-08T14:05:17","slug":"solo-312-provningshojd-73-m-rok-varme-extra-es3-nedtagare-vaskor","status":"publish","type":"product","link":"https:\/\/stonehouse.se\/en\/product\/solo-312-provningshojd-73-m-rok-varme-extra-es3-nedtagare-vaskor\/","title":{"rendered":"Solo 312  provningsh\u00f6jd  7,3 m &#8211; R\u00f6k + V\u00e4rme &#8211; Extra ES3, Nedtagare &amp; V\u00e4skor"},"content":{"rendered":"<h1>Solo 312 provningsh\u00f6jd 7,3 m &#8211; R\u00f6k + V\u00e4rme &#8211; Extra ES3, Nedtagare &amp; V\u00e4skor<\/h1>\n<h3>Fullt utrustat provningskit f\u00f6r r\u00f6k- och v\u00e4rmedetektorer<\/h3>\n<p>Solo 312 \u00e4r utformat f\u00f6r s\u00e4ker och effektiv funktionsprovning av b\u00e5de r\u00f6k- och v\u00e4rmedetektorer i byggnader med h\u00f6g takh\u00f6jd.<\/p>\n<h3>Realistisk provning med r\u00f6k och v\u00e4rme<\/h3>\n<p>Solo 365 r\u00f6kdetektorprovare med ES3 r\u00f6kpatron genererar kontrollerad test-aerosol som aktiverar r\u00f6kdetektorer p\u00e5 ett verklighetstroget s\u00e4tt.<\/p>\n<h3>R\u00e4ckvidd och flexibilitet upp till 7,3 meter<\/h3>\n<p>Teleskopst\u00e5ng Solo 108 tillsammans med tre provst\u00e5ngsf\u00f6rl\u00e4ngare Solo 101 ger maximal provningsh\u00f6jd p\u00e5 cirka 7,3 meter.<\/p>\n<h3>Professionell transport och anv\u00e4ndning<\/h3>\n<p>B\u00e4rv\u00e4skor Solo 610 ing\u00e5r f\u00f6r s\u00e4ker transport och f\u00f6rvaring. Den extra ES3 r\u00f6kpatronen ger l\u00e4ngre drifttid och minimerar avbrott vid omfattande testuppdrag.<\/p>\n<h3>Tekniska specifikationer<\/h3>\n<ul>\n<li>Provningsh\u00f6jd: cirka 7,3 m<\/li>\n<li>Detektortyper: R\u00f6k- och v\u00e4rmedetektorer<\/li>\n<li>R\u00f6kprovare: Solo 365<\/li>\n<li>V\u00e4rmeprovare: Solo 461<\/li>\n<li>St\u00e4nger: Solo 108 + 3 \u00d7 Solo 101<\/li>\n<li>Nedtagare: Solo 200<\/li>\n<li>R\u00f6kpatron: ES3 (extra ing\u00e5r)<\/li>\n<li>F\u00f6rvaring: B\u00e4rv\u00e4skor Solo 610<\/li>\n<\/ul>","protected":false},"excerpt":{"rendered":"<p>Provningskit f\u00f6r R\u00f6k, V\u00e4rme-detektorer \u2013 provning fr\u00e5n golvniv\u00e5.<br \/>\nProvningsh\u00f6jd: upp till ca 7.3 m.<br \/>\nInneh\u00e5ll\/komponenter: Solo 312, Solo 365, Solo 461, Solo 108, Solo 101, Solo 200, Solo 610.<br \/>\nAnv\u00e4ndning: service, underh\u00e5ll, drifts\u00e4ttning och \u00e5terkommande kontroller i professionella milj\u00f6er.<\/p>","protected":false},"featured_media":94601,"template":"","meta":{"_acf_changed":false},"product_brand":[],"product_cat":[3787,3789],"product_tag":[],"class_list":{"0":"post-94602","1":"product","2":"type-product","3":"status-publish","4":"has-post-thumbnail","6":"product_cat-solo-365","7":"product_cat-solo-365-kit","8":"tm-no-options","10":"first","11":"instock","12":"sale","13":"taxable","14":"shipping-taxable","15":"product-type-simple"},"acf":[],"_links":{"self":[{"href":"https:\/\/stonehouse.se\/en\/wp-json\/wp\/v2\/product\/94602","targetHints":{"allow":["GET"]}}],"collection":[{"href":"https:\/\/stonehouse.se\/en\/wp-json\/wp\/v2\/product"}],"about":[{"href":"https:\/\/stonehouse.se\/en\/wp-json\/wp\/v2\/types\/product"}],"wp:featuredmedia":[{"embeddable":true,"href":"https:\/\/stonehouse.se\/en\/wp-json\/wp\/v2\/media\/94601"}],"wp:attachment":[{"href":"https:\/\/stonehouse.se\/en\/wp-json\/wp\/v2\/media?parent=94602"}],"wp:term":[{"taxonomy":"product_brand","embeddable":true,"href":"https:\/\/stonehouse.se\/en\/wp-json\/wp\/v2\/product_brand?post=94602"},{"taxonomy":"product_cat","embeddable":true,"href":"https:\/\/stonehouse.se\/en\/wp-json\/wp\/v2\/product_cat?post=94602"},{"taxonomy":"product_tag","embeddable":true,"href":"https:\/\/stonehouse.se\/en\/wp-json\/wp\/v2\/product_tag?post=94602"}],"curies":[{"name":"wp","href":"https:\/\/api.w.org\/{rel}","templated":true}]}}