
{"id":94610,"date":"2025-11-21T14:03:13","date_gmt":"2025-11-21T13:03:13","guid":{"rendered":"https:\/\/stonehouse.se\/produkt\/solo-304-solo-365-kit-provningshojd-4-m-provning-rok-extra-es3\/"},"modified":"2026-04-08T15:59:55","modified_gmt":"2026-04-08T13:59:55","slug":"solo-304-solo-365-kit-provningshojd-4-m-provning-rok-extra-es3","status":"publish","type":"product","link":"https:\/\/stonehouse.se\/en\/product\/solo-304-solo-365-kit-provningshojd-4-m-provning-rok-extra-es3\/","title":{"rendered":"Solo 304 &#8211; Solo 365 kit provningsh\u00f6jd  4 m &#8211; Provning R\u00f6k &#8211; Extra ES3"},"content":{"rendered":"<h1>Solo 304 &#8211; Solo 365 kit provningsh\u00f6jd 4 m &#8211; Provning R\u00f6k &#8211; Extra ES3<\/h1>\n<h3>S\u00e4ker och p\u00e5litlig provning av r\u00f6kdetektorer<\/h3>\n<p>Solo 304 \u2013 Solo 365 kit \u00e4r utvecklat f\u00f6r att s\u00e4kerst\u00e4lla korrekt funktion hos r\u00f6kdetektorer i byggnader med medelh\u00f6g takh\u00f6jd.<\/p>\n<h3>Realistisk r\u00f6kprovning med extra ES3<\/h3>\n<p>Solo 365 r\u00f6kdetektorprovare tillsammans med ES3 r\u00f6kpatron genererar kontrollerad test-aerosol som aktiverar r\u00f6kdetektorer p\u00e5 ett verklighetstroget s\u00e4tt.<\/p>\n<h3>R\u00e4ckvidd upp till 4 meter<\/h3>\n<p>Solo 108 f\u00f6rl\u00e4ngare m\u00f6jligg\u00f6r provning av r\u00f6kdetektorer upp till cirka 4 meters h\u00f6jd.<\/p>\n<h3>Tekniska specifikationer<\/h3>\n<ul>\n<li>Provningsh\u00f6jd: cirka 4 m<\/li>\n<li>Detektortyp: R\u00f6kdetektorer<\/li>\n<li>R\u00f6kprovare: Solo 365<\/li>\n<li>F\u00f6rl\u00e4ngare: Solo 108<\/li>\n<li>R\u00f6kpatron: ES3 (extra ing\u00e5r)<\/li>\n<li>Anv\u00e4ndning: Provning fr\u00e5n golvniv\u00e5<\/li>\n<\/ul>","protected":false},"excerpt":{"rendered":"<p>Provningskit f\u00f6r R\u00f6k-detektorer \u2013 provning fr\u00e5n golvniv\u00e5.<br \/>\nProvningsh\u00f6jd: upp till ca 4 m.<br \/>\nInneh\u00e5ll\/komponenter: Solo 304, Solo 365, Solo 108.<br \/>\nAnv\u00e4ndning: service, underh\u00e5ll, drifts\u00e4ttning och \u00e5terkommande kontroller i professionella milj\u00f6er.<\/p>","protected":false},"featured_media":94609,"template":"","meta":{"_acf_changed":false},"product_brand":[],"product_cat":[3787,3789],"product_tag":[],"class_list":{"0":"post-94610","1":"product","2":"type-product","3":"status-publish","4":"has-post-thumbnail","6":"product_cat-solo-365","7":"product_cat-solo-365-kit","8":"tm-no-options","10":"first","11":"instock","12":"sale","13":"taxable","14":"shipping-taxable","15":"product-type-simple"},"acf":[],"_links":{"self":[{"href":"https:\/\/stonehouse.se\/en\/wp-json\/wp\/v2\/product\/94610","targetHints":{"allow":["GET"]}}],"collection":[{"href":"https:\/\/stonehouse.se\/en\/wp-json\/wp\/v2\/product"}],"about":[{"href":"https:\/\/stonehouse.se\/en\/wp-json\/wp\/v2\/types\/product"}],"wp:featuredmedia":[{"embeddable":true,"href":"https:\/\/stonehouse.se\/en\/wp-json\/wp\/v2\/media\/94609"}],"wp:attachment":[{"href":"https:\/\/stonehouse.se\/en\/wp-json\/wp\/v2\/media?parent=94610"}],"wp:term":[{"taxonomy":"product_brand","embeddable":true,"href":"https:\/\/stonehouse.se\/en\/wp-json\/wp\/v2\/product_brand?post=94610"},{"taxonomy":"product_cat","embeddable":true,"href":"https:\/\/stonehouse.se\/en\/wp-json\/wp\/v2\/product_cat?post=94610"},{"taxonomy":"product_tag","embeddable":true,"href":"https:\/\/stonehouse.se\/en\/wp-json\/wp\/v2\/product_tag?post=94610"}],"curies":[{"name":"wp","href":"https:\/\/api.w.org\/{rel}","templated":true}]}}