
{"id":94613,"date":"2025-11-21T12:45:45","date_gmt":"2025-11-21T11:45:45","guid":{"rendered":"https:\/\/stonehouse.se\/produkt\/testifire-wpsu-natadapter-230-v-till-testifire-xtr2\/"},"modified":"2026-04-08T16:00:01","modified_gmt":"2026-04-08T14:00:01","slug":"testifire-wpsu-natadapter-230-v-till-testifire-xtr2","status":"publish","type":"product","link":"https:\/\/stonehouse.se\/en\/product\/testifire-wpsu-natadapter-230-v-till-testifire-xtr2\/","title":{"rendered":"Testifire-WPSU N\u00e4tadapter 230 V till Testifire XTR2"},"content":{"rendered":"<h1>Testifire-WPSU N\u00e4tadapter 230 V till Testifire XTR2<\/h1>\n<h3>Enkel n\u00e4tanslutning f\u00f6r Testifire XTR2<\/h3>\n<p>Testifire-WPSU n\u00e4tadapter ger konstant str\u00f6mf\u00f6rs\u00f6rjning till Testifire XTR2, vilket eliminerar behovet av batteri under provning.<\/p>\n<h3>L\u00e4tt att byta och anv\u00e4nda<\/h3>\n<p>Installation av n\u00e4tadaptern \u00e4r lika enkel som att byta r\u00f6kpatron eller batteri i Testifire XTR2.<\/p>\n<h3>F\u00f6r professionellt bruk<\/h3>\n<p>Denna n\u00e4tadapter \u00e4r idealisk f\u00f6r installat\u00f6rer och servicepersonal som vill ha en enkel l\u00f6sning f\u00f6r l\u00e5ngvarig provning av r\u00f6kdetektorer i kontor, skolor, lager och offentliga byggnader.<\/p>\n<h3>Tekniska specifikationer<\/h3>\n<ul>\n<li>Modell: Testifire-WPSU<\/li>\n<li>Sp\u00e4nning: 230 V<\/li>\n<li>Anv\u00e4ndning: Testifire XTR2 r\u00f6kprovare<\/li>\n<li>Funktion: Konstant str\u00f6mf\u00f6rs\u00f6rjning, ers\u00e4tter batteri<\/li>\n<li>Enkel installation: Byts ut som batteri eller r\u00f6kpatron<\/li>\n<\/ul>","protected":false},"excerpt":{"rendered":"<p>Provningskit f\u00f6r R\u00f6k-detektorer \u2013 provning fr\u00e5n golvniv\u00e5.<br \/>\nProvningsh\u00f6jd: upp till ca enligt kit.<br \/>\nInneh\u00e5ll\/komponenter: Testifire XTR2.<br \/>\nAnv\u00e4ndning: service, underh\u00e5ll, drifts\u00e4ttning och \u00e5terkommande kontroller i professionella milj\u00f6er.<\/p>","protected":false},"featured_media":94611,"template":"","meta":{"_acf_changed":false},"product_brand":[],"product_cat":[2292,3698],"product_tag":[],"class_list":{"0":"post-94613","1":"product","2":"type-product","3":"status-publish","4":"has-post-thumbnail","6":"product_cat-testfire","7":"product_cat-xtr2","8":"tm-no-options","10":"first","11":"instock","12":"sale","13":"taxable","14":"shipping-taxable","15":"product-type-simple"},"acf":[],"_links":{"self":[{"href":"https:\/\/stonehouse.se\/en\/wp-json\/wp\/v2\/product\/94613","targetHints":{"allow":["GET"]}}],"collection":[{"href":"https:\/\/stonehouse.se\/en\/wp-json\/wp\/v2\/product"}],"about":[{"href":"https:\/\/stonehouse.se\/en\/wp-json\/wp\/v2\/types\/product"}],"wp:featuredmedia":[{"embeddable":true,"href":"https:\/\/stonehouse.se\/en\/wp-json\/wp\/v2\/media\/94611"}],"wp:attachment":[{"href":"https:\/\/stonehouse.se\/en\/wp-json\/wp\/v2\/media?parent=94613"}],"wp:term":[{"taxonomy":"product_brand","embeddable":true,"href":"https:\/\/stonehouse.se\/en\/wp-json\/wp\/v2\/product_brand?post=94613"},{"taxonomy":"product_cat","embeddable":true,"href":"https:\/\/stonehouse.se\/en\/wp-json\/wp\/v2\/product_cat?post=94613"},{"taxonomy":"product_tag","embeddable":true,"href":"https:\/\/stonehouse.se\/en\/wp-json\/wp\/v2\/product_tag?post=94613"}],"curies":[{"name":"wp","href":"https:\/\/api.w.org\/{rel}","templated":true}]}}