
{"id":94616,"date":"2025-11-21T12:45:44","date_gmt":"2025-11-21T11:45:44","guid":{"rendered":"https:\/\/stonehouse.se\/produkt\/testifire-chak-laddningskit-till-xtr2\/"},"modified":"2026-04-08T16:05:32","modified_gmt":"2026-04-08T14:05:32","slug":"testifire-chak-laddningskit-till-xtr2","status":"publish","type":"product","link":"https:\/\/stonehouse.se\/en\/product\/testifire-chak-laddningskit-till-xtr2\/","title":{"rendered":"Testifire-CHAK Laddningskit till XTR2"},"content":{"rendered":"<h1>Testifire-CHAK Laddningskit till XTR2<\/h1>\n<h3>Laddningskit f\u00f6r Testifire XTR2<\/h3>\n<p>Testifire-CHAK laddningskit ger p\u00e5litlig str\u00f6mf\u00f6rs\u00f6rjning till Testifire XTR2 och g\u00f6r det m\u00f6jligt att arbeta l\u00e4ngre pass utan avbrott.<\/p>\n<h3>Enkel installation<\/h3>\n<p>Installationen \u00e4r lika enkel som att byta r\u00f6kpatron eller batteri.<\/p>\n<h3>F\u00f6r professionellt bruk<\/h3>\n<p>Detta laddningskit \u00e4r idealiskt f\u00f6r servicepersonal, installat\u00f6rer och fastighetsf\u00f6rvaltare som regelbundet testar r\u00f6kdetektorer.<\/p>\n<h3>Tekniska specifikationer<\/h3>\n<ul>\n<li>Modell: Testifire-CHAK<\/li>\n<li>Anv\u00e4ndning: Testifire XTR2 r\u00f6kprovare<\/li>\n<li>Funktion: Laddning av r\u00f6kgeneratorbatteri<\/li>\n<li>Enkel installation: Byts ut som r\u00f6kpatron eller batteri<\/li>\n<\/ul>","protected":false},"excerpt":{"rendered":"<p>Provningskit f\u00f6r R\u00f6k-detektorer \u2013 provning fr\u00e5n golvniv\u00e5.<br \/>\nProvningsh\u00f6jd: upp till ca enligt kit.<br \/>\nInneh\u00e5ll\/komponenter: Testifire XTR2.<br \/>\nAnv\u00e4ndning: service, underh\u00e5ll, drifts\u00e4ttning och \u00e5terkommande kontroller i professionella milj\u00f6er.<\/p>","protected":false},"featured_media":94615,"template":"","meta":{"_acf_changed":false},"product_brand":[],"product_cat":[2292,3698],"product_tag":[],"class_list":{"0":"post-94616","1":"product","2":"type-product","3":"status-publish","4":"has-post-thumbnail","6":"product_cat-testfire","7":"product_cat-xtr2","8":"tm-no-options","10":"first","11":"instock","12":"sale","13":"taxable","14":"shipping-taxable","15":"product-type-simple"},"acf":[],"_links":{"self":[{"href":"https:\/\/stonehouse.se\/en\/wp-json\/wp\/v2\/product\/94616","targetHints":{"allow":["GET"]}}],"collection":[{"href":"https:\/\/stonehouse.se\/en\/wp-json\/wp\/v2\/product"}],"about":[{"href":"https:\/\/stonehouse.se\/en\/wp-json\/wp\/v2\/types\/product"}],"wp:featuredmedia":[{"embeddable":true,"href":"https:\/\/stonehouse.se\/en\/wp-json\/wp\/v2\/media\/94615"}],"wp:attachment":[{"href":"https:\/\/stonehouse.se\/en\/wp-json\/wp\/v2\/media?parent=94616"}],"wp:term":[{"taxonomy":"product_brand","embeddable":true,"href":"https:\/\/stonehouse.se\/en\/wp-json\/wp\/v2\/product_brand?post=94616"},{"taxonomy":"product_cat","embeddable":true,"href":"https:\/\/stonehouse.se\/en\/wp-json\/wp\/v2\/product_cat?post=94616"},{"taxonomy":"product_tag","embeddable":true,"href":"https:\/\/stonehouse.se\/en\/wp-json\/wp\/v2\/product_tag?post=94616"}],"curies":[{"name":"wp","href":"https:\/\/api.w.org\/{rel}","templated":true}]}}