
{"id":94618,"date":"2025-11-21T12:45:37","date_gmt":"2025-11-21T11:45:37","guid":{"rendered":"https:\/\/stonehouse.se\/produkt\/flerkriterie-detektorprovare-testifire-xtr2-rok-varme\/"},"modified":"2026-04-08T16:00:18","modified_gmt":"2026-04-08T14:00:18","slug":"flerkriterie-detektorprovare-testifire-xtr2-rok-varme","status":"publish","type":"product","link":"https:\/\/stonehouse.se\/en\/product\/flerkriterie-detektorprovare-testifire-xtr2-rok-varme\/","title":{"rendered":"Flerkriterie Detektorpro\u00advare Testifire-XTR2 (r\u00f6k\/v\u00e4rme)"},"content":{"rendered":"<h1>Flerkriterie Detektorpro\u00advare Testifire-XTR2 (r\u00f6k\/v\u00e4rme)<\/h1>\n<h3>Testverktyg f\u00f6r korrekt detektorprovning<\/h3>\n<p>Testifire-XTR2 \u00e4r en multikriterie detektorprovare f\u00f6r funktionstestning av r\u00f6k- och v\u00e4rmedetektorer i brandlarmsystem.<\/p>\n<h3>Allt du beh\u00f6ver f\u00f6r test p\u00e5 plats<\/h3>\n<p>Verktyget levereras komplett med uppladdningsbart batteri, laddare och en r\u00f6kpatron (TES3) f\u00f6r realistisk provning av r\u00f6kdetektorer.<\/p>\n<h3>Realtidsrapportering och dokumentation<\/h3>\n<p>Testifire-XTR2 har st\u00f6d f\u00f6r app och molnportal d\u00e4r testresultat automatiskt loggas och kan sparas f\u00f6r dokumentation och revision.<\/p>","protected":false},"excerpt":{"rendered":"<p>Provningskit f\u00f6r R\u00f6k, V\u00e4rme, CO-detektorer \u2013 provning fr\u00e5n golvniv\u00e5.<br \/>\nProvningsh\u00f6jd: upp till ca enligt kit.<br \/>\nAnv\u00e4ndning: service, underh\u00e5ll, drifts\u00e4ttning och \u00e5terkommande kontroller i professionella milj\u00f6er.<\/p>","protected":false},"featured_media":94617,"template":"","meta":{"_acf_changed":false},"product_brand":[],"product_cat":[2292,3698],"product_tag":[],"class_list":{"0":"post-94618","1":"product","2":"type-product","3":"status-publish","4":"has-post-thumbnail","6":"product_cat-testfire","7":"product_cat-xtr2","8":"tm-no-options","10":"first","11":"instock","12":"sale","13":"taxable","14":"shipping-taxable","15":"product-type-simple"},"acf":[],"_links":{"self":[{"href":"https:\/\/stonehouse.se\/en\/wp-json\/wp\/v2\/product\/94618","targetHints":{"allow":["GET"]}}],"collection":[{"href":"https:\/\/stonehouse.se\/en\/wp-json\/wp\/v2\/product"}],"about":[{"href":"https:\/\/stonehouse.se\/en\/wp-json\/wp\/v2\/types\/product"}],"wp:featuredmedia":[{"embeddable":true,"href":"https:\/\/stonehouse.se\/en\/wp-json\/wp\/v2\/media\/94617"}],"wp:attachment":[{"href":"https:\/\/stonehouse.se\/en\/wp-json\/wp\/v2\/media?parent=94618"}],"wp:term":[{"taxonomy":"product_brand","embeddable":true,"href":"https:\/\/stonehouse.se\/en\/wp-json\/wp\/v2\/product_brand?post=94618"},{"taxonomy":"product_cat","embeddable":true,"href":"https:\/\/stonehouse.se\/en\/wp-json\/wp\/v2\/product_cat?post=94618"},{"taxonomy":"product_tag","embeddable":true,"href":"https:\/\/stonehouse.se\/en\/wp-json\/wp\/v2\/product_tag?post=94618"}],"curies":[{"name":"wp","href":"https:\/\/api.w.org\/{rel}","templated":true}]}}