
{"id":94620,"date":"2025-11-21T12:34:02","date_gmt":"2025-11-21T11:34:02","guid":{"rendered":"https:\/\/stonehouse.se\/produkt\/ir-fjarrkontroll-testifire-25-till-testifire-1001-2001\/"},"modified":"2026-04-08T16:00:26","modified_gmt":"2026-04-08T14:00:26","slug":"ir-fjarrkontroll-testifire-25-till-testifire-1001-2001","status":"publish","type":"product","link":"https:\/\/stonehouse.se\/en\/product\/ir-fjarrkontroll-testifire-25-till-testifire-1001-2001\/","title":{"rendered":"IR-fj\u00e4rrkontroll Testifire 25 till Testifire 1001\/2001"},"content":{"rendered":"<h1>IR-fj\u00e4rrkontroll Testifire 25 till Testifire 1001\/2001<\/h1>\n<h3>Praktisk fj\u00e4rrkontroll f\u00f6r Testifire-serien<\/h3>\n<p>IR-fj\u00e4rrkontroll Testifire 25 \u00e4r ett tillbeh\u00f6r utvecklat f\u00f6r att underl\u00e4tta funktionstestning med Testifire-provare (som Testifire 1001 och 2001).<\/p>\n<h3>Enkel styrning vid sv\u00e5r \u00e5tkomst<\/h3>\n<p>Vissa installationer har detektorer monterade i kupoler eller p\u00e5 h\u00f6ga h\u00f6jder d\u00e4r provinstrumentets optiska siktblockering inte fungerar effektivt.<\/p>","protected":false},"excerpt":{"rendered":"<p>Provningskit f\u00f6r funktionsprovning av detektorer \u2013 provning fr\u00e5n golvniv\u00e5.<br \/>\nProvningsh\u00f6jd: upp till ca enligt kit.<br \/>\nInneh\u00e5ll\/komponenter: Testifire 25, Testifire 1001, Testifire 2001.<br \/>\nAnv\u00e4ndning: service, underh\u00e5ll, drifts\u00e4ttning och \u00e5terkommande kontroller i professionella milj\u00f6er.<\/p>","protected":false},"featured_media":94619,"template":"","meta":{"_acf_changed":false},"product_brand":[],"product_cat":[2292],"product_tag":[],"class_list":{"0":"post-94620","1":"product","2":"type-product","3":"status-publish","4":"has-post-thumbnail","6":"product_cat-testfire","7":"tm-no-options","9":"first","10":"instock","11":"sale","12":"taxable","13":"shipping-taxable","14":"product-type-simple"},"acf":[],"_links":{"self":[{"href":"https:\/\/stonehouse.se\/en\/wp-json\/wp\/v2\/product\/94620","targetHints":{"allow":["GET"]}}],"collection":[{"href":"https:\/\/stonehouse.se\/en\/wp-json\/wp\/v2\/product"}],"about":[{"href":"https:\/\/stonehouse.se\/en\/wp-json\/wp\/v2\/types\/product"}],"wp:featuredmedia":[{"embeddable":true,"href":"https:\/\/stonehouse.se\/en\/wp-json\/wp\/v2\/media\/94619"}],"wp:attachment":[{"href":"https:\/\/stonehouse.se\/en\/wp-json\/wp\/v2\/media?parent=94620"}],"wp:term":[{"taxonomy":"product_brand","embeddable":true,"href":"https:\/\/stonehouse.se\/en\/wp-json\/wp\/v2\/product_brand?post=94620"},{"taxonomy":"product_cat","embeddable":true,"href":"https:\/\/stonehouse.se\/en\/wp-json\/wp\/v2\/product_cat?post=94620"},{"taxonomy":"product_tag","embeddable":true,"href":"https:\/\/stonehouse.se\/en\/wp-json\/wp\/v2\/product_tag?post=94620"}],"curies":[{"name":"wp","href":"https:\/\/api.w.org\/{rel}","templated":true}]}}